{"id":61384,"date":"2024-05-02T14:27:32","date_gmt":"2024-05-02T11:27:32","guid":{"rendered":"https:\/\/e-kalastus.ee\/toode\/silikoon-westin-bullteez-shadtail-75cm-1tk-sparkling-chartreuse\/"},"modified":"2026-04-09T14:23:06","modified_gmt":"2026-04-09T11:23:06","slug":"silikoon-westin-bullteez-shadtail-75cm-1tk-sparkling-chartreuse","status":"publish","type":"product","link":"https:\/\/e-kalastus.ee\/fi\/tuotteet\/westin-bullteez-shadtail-7-5cm-1kpl-sparkling-chartreuse\/","title":{"rendered":"Westin Bullteez Shadtail 7,5cm 1kpl #Sparkling Chartreuse"},"content":{"rendered":"<p><\/p>\n<p>Haluatko saada todella ison kalan? Silloin BullTeez on ihanteellinen valinta suurille saaliskaloille kuten hauelle ja ahdelle. H\u00e4nt\u00e4 ja hoikka keskiosa luovat yhdess\u00e4 houkuttelevan v\u00e4risev\u00e4n ja vatsan v\u00e4lkkyv\u00e4n liikkeen \u2013 jopa hitaalla vedolla. Juuri t\u00e4m\u00e4 v\u00e4risev\u00e4 liike houkuttelee ja huijaa suuria kaloja hy\u00f6kk\u00e4\u00e4m\u00e4\u00e4n. BullTeez sopii erinomaisesti sek\u00e4 mataliin monisteisiin ett\u00e4 syv\u00e4kalastukseen tavallisella jigikoukulla. Ruohottoman kalastustyylin vuoksi olemme varustaneet vieheen raoilla vatsassa ja sel\u00e4ss\u00e4, jotta sit\u00e4 voidaan k\u00e4ytt\u00e4\u00e4 liukukoukun kanssa. T\u00e4ydellinen valinta kalastukseen vesikasvillisuudessa!<\/p>\n<ul>\n<li>\n<p role=\"presentation\">Ei sis\u00e4ll\u00e4 myrkyllisi\u00e4 ftaalaatteja<br \/>\n\t&nbsp;<\/p>\n<\/li>\n<li>\n<p role=\"presentation\">Realistiset silm\u00e4t<br \/>\n\t&nbsp;<\/p>\n<\/li>\n<li>\n<p role=\"presentation\">Helposti liikkuva melah\u00e4nt\u00e4<br \/>\n\t&nbsp;<\/p>\n<\/li>\n<li>\n<p role=\"presentation\">Houkutteleva v\u00e4risev\u00e4 ja vatsan v\u00e4lkkyv\u00e4 liike jopa matalalla nopeudella<br \/>\n\t&nbsp;<\/p>\n<\/li>\n<li>\n<p role=\"presentation\">Sel\u00e4n ja vatsan raot liukukoukun k\u00e4ytt\u00f6\u00e4 varten<br \/>\n\t&nbsp;<\/p>\n<\/li>\n<li>\n<p role=\"presentation\">K\u00e4sin maalattu yksityiskohtainen viimeistely<\/p>\n<\/li>\n<\/ul>\n<p><\/p>\n\n    <div class=\"xs_social_share_widget xs_share_url after_content \t\tmain_content  wslu-style-1 wslu-share-box-shaped wslu-fill-colored wslu-none wslu-share-horizontal wslu-theme-font-no wslu-main_content\">\n\n\t\t\n        <ul>\n\t\t\t        <\/ul>\n    <\/div>","protected":false},"excerpt":{"rendered":"<p>BullTeez on viehe realistisella liikkeell\u00e4, joka yhdist\u00e4\u00e4 voimakkaan h\u00e4nn\u00e4n ja hoikan rungon houkuttelemaan suuria saaliskaloja kuten haukea ja ahventa jopa hitaimmallakin vedolla.<\/p>\n","protected":false},"featured_media":61383,"template":"","meta":{"_uag_custom_page_level_css":""},"product_brand":[763],"product_cat":[1417],"product_tag":[],"class_list":{"0":"post-61384","1":"product","2":"type-product","3":"status-publish","4":"has-post-thumbnail","6":"product_brand-westin","7":"product_cat-bullteez-shadtail","8":"pa_brand-westin","10":"first","11":"instock","12":"taxable","13":"shipping-taxable","14":"purchasable","15":"product-type-simple"},"uagb_featured_image_src":{"full":["https:\/\/e-kalastus.b-cdn.net\/wp-content\/uploads\/2024\/05\/104292-0-74330.jpg",610,610,false],"thumbnail":["https:\/\/e-kalastus.b-cdn.net\/wp-content\/uploads\/2024\/05\/104292-0-74330-150x150.jpg",150,150,true],"medium":["https:\/\/e-kalastus.b-cdn.net\/wp-content\/uploads\/2024\/05\/104292-0-74330-300x300.jpg",300,300,true],"medium_large":["https:\/\/e-kalastus.b-cdn.net\/wp-content\/uploads\/2024\/05\/104292-0-74330-768x768.jpg",768,768,true],"large":["https:\/\/e-kalastus.b-cdn.net\/wp-content\/uploads\/2024\/05\/104292-0-74330-800x800.jpg",800,800,true],"1536x1536":["https:\/\/e-kalastus.b-cdn.net\/wp-content\/uploads\/2024\/05\/104292-0-74330.jpg",610,610,false],"2048x2048":["https:\/\/e-kalastus.b-cdn.net\/wp-content\/uploads\/2024\/05\/104292-0-74330.jpg",610,610,false],"woocommerce_thumbnail":["https:\/\/e-kalastus.b-cdn.net\/wp-content\/uploads\/2024\/05\/104292-0-74330-768x768.jpg",324,324,true],"woocommerce_single":["https:\/\/e-kalastus.b-cdn.net\/wp-content\/uploads\/2024\/05\/104292-0-74330-768x768.jpg",416,416,true],"woocommerce_gallery_thumbnail":["https:\/\/e-kalastus.b-cdn.net\/wp-content\/uploads\/2024\/05\/104292-0-74330-100x100.jpg",100,100,true]},"uagb_author_info":{"display_name":"adam.mrozek","author_link":"https:\/\/e-kalastus.ee\/fi\/author\/"},"uagb_comment_info":0,"uagb_excerpt":"BullTeez on viehe realistisella liikkeell\u00e4, joka yhdist\u00e4\u00e4 voimakkaan h\u00e4nn\u00e4n ja hoikan rungon houkuttelemaan suuria saaliskaloja kuten haukea ja ahventa jopa hitaimmallakin vedolla.","_links":{"self":[{"href":"https:\/\/e-kalastus.ee\/fi\/wp-json\/wp\/v2\/product\/61384","targetHints":{"allow":["GET"]}}],"collection":[{"href":"https:\/\/e-kalastus.ee\/fi\/wp-json\/wp\/v2\/product"}],"about":[{"href":"https:\/\/e-kalastus.ee\/fi\/wp-json\/wp\/v2\/types\/product"}],"wp:featuredmedia":[{"embeddable":true,"href":"https:\/\/e-kalastus.ee\/fi\/wp-json\/wp\/v2\/media\/61383"}],"wp:attachment":[{"href":"https:\/\/e-kalastus.ee\/fi\/wp-json\/wp\/v2\/media?parent=61384"}],"wp:term":[{"taxonomy":"product_brand","embeddable":true,"href":"https:\/\/e-kalastus.ee\/fi\/wp-json\/wp\/v2\/product_brand?post=61384"},{"taxonomy":"product_cat","embeddable":true,"href":"https:\/\/e-kalastus.ee\/fi\/wp-json\/wp\/v2\/product_cat?post=61384"},{"taxonomy":"product_tag","embeddable":true,"href":"https:\/\/e-kalastus.ee\/fi\/wp-json\/wp\/v2\/product_tag?post=61384"}],"curies":[{"name":"wp","href":"https:\/\/api.w.org\/{rel}","templated":true}]}}