{"id":43223,"date":"2024-01-07T03:58:01","date_gmt":"2024-01-07T01:58:01","guid":{"rendered":"https:\/\/e-kalastus.ee\/toode\/vib-frapp-jiggle-85mm-24g-12\/"},"modified":"2026-03-30T14:43:19","modified_gmt":"2026-03-30T11:43:19","slug":"vib-frapp-jiggle-85mm-24g-12","status":"publish","type":"product","link":"https:\/\/e-kalastus.ee\/toode\/vib-frapp-jiggle-85mm-24g-12\/","title":{"rendered":"VIB Frapp Jiggle 85mm 24g #12"},"content":{"rendered":"\n    <div class=\"xs_social_share_widget xs_share_url after_content \t\tmain_content  wslu-style-1 wslu-share-box-shaped wslu-fill-colored wslu-none wslu-share-horizontal wslu-theme-font-no wslu-main_content\">\n\n\t\t\n        <ul>\n\t\t\t        <\/ul>\n    <\/div> \n","protected":false},"excerpt":{"rendered":"<p>Frapp Jiggle on vibratsioonlant (VIB), mis on m\u00f5eldud vertikaalseks p\u00fc\u00fcgiks. Selle korpus on valmistatud vastupidavast ABS-plastikust, mis talub h\u00e4sti kalade hambaid. Landil on k\u00fclgedelt lapik kuju ning seljaosas paiknev uimeke, mis tekitab stabiilset ja atraktiivset vibratsiooni.<\/p>\n<p>Frapp Jiggle 85 sobib kasutamiseks nii tugeva vooluga veekogudes kui ka suurtel s\u00fcgavustel. V\u00e4rvivalik on kohandatud erinevate p\u00fc\u00fcgitingimuste jaoks, pakkudes nii erksaid kui ka loomulikke toone.<\/p>\n","protected":false},"featured_media":68512,"template":"","meta":{"_uag_custom_page_level_css":""},"product_brand":[1512],"product_cat":[1456],"product_tag":[],"class_list":{"0":"post-43223","1":"product","2":"type-product","3":"status-publish","4":"has-post-thumbnail","6":"product_brand-frapp","7":"product_cat-frapp-vib","8":"pa_brand-frapp","10":"first","11":"instock","12":"taxable","13":"shipping-taxable","14":"purchasable","15":"product-type-simple"},"uagb_featured_image_src":{"full":["https:\/\/e-kalastus.b-cdn.net\/wp-content\/uploads\/2024\/07\/JIGGLE-12-2.jpg",1000,1000,false],"thumbnail":["https:\/\/e-kalastus.b-cdn.net\/wp-content\/uploads\/2024\/07\/JIGGLE-12-2-150x150.jpg",150,150,true],"medium":["https:\/\/e-kalastus.b-cdn.net\/wp-content\/uploads\/2024\/07\/JIGGLE-12-2-300x300.jpg",300,300,true],"medium_large":["https:\/\/e-kalastus.b-cdn.net\/wp-content\/uploads\/2024\/07\/JIGGLE-12-2-768x768.jpg",768,768,true],"large":["https:\/\/e-kalastus.b-cdn.net\/wp-content\/uploads\/2024\/07\/JIGGLE-12-2-800x800.jpg",800,800,true],"1536x1536":["https:\/\/e-kalastus.b-cdn.net\/wp-content\/uploads\/2024\/07\/JIGGLE-12-2.jpg",1000,1000,false],"2048x2048":["https:\/\/e-kalastus.b-cdn.net\/wp-content\/uploads\/2024\/07\/JIGGLE-12-2.jpg",1000,1000,false],"woocommerce_thumbnail":["https:\/\/e-kalastus.b-cdn.net\/wp-content\/uploads\/2024\/07\/JIGGLE-12-2-768x768.jpg",324,324,true],"woocommerce_single":["https:\/\/e-kalastus.b-cdn.net\/wp-content\/uploads\/2024\/07\/JIGGLE-12-2-768x768.jpg",416,416,true],"woocommerce_gallery_thumbnail":["https:\/\/e-kalastus.b-cdn.net\/wp-content\/uploads\/2024\/07\/JIGGLE-12-2-100x100.jpg",100,100,true]},"uagb_author_info":{"display_name":"adam.mrozek","author_link":"https:\/\/e-kalastus.ee\/author\/"},"uagb_comment_info":0,"uagb_excerpt":"Frapp Jiggle on vibratsioonlant (VIB), mis on m\u00f5eldud vertikaalseks p\u00fc\u00fcgiks. Selle korpus on valmistatud vastupidavast ABS-plastikust, mis talub h\u00e4sti kalade hambaid. Landil on k\u00fclgedelt lapik kuju ning seljaosas paiknev uimeke, mis tekitab stabiilset ja atraktiivset vibratsiooni. Frapp Jiggle 85 sobib kasutamiseks nii tugeva vooluga veekogudes kui ka suurtel s\u00fcgavustel. V\u00e4rvivalik on kohandatud erinevate p\u00fc\u00fcgitingimuste jaoks,&hellip;","_links":{"self":[{"href":"https:\/\/e-kalastus.ee\/wp-json\/wp\/v2\/product\/43223","targetHints":{"allow":["GET"]}}],"collection":[{"href":"https:\/\/e-kalastus.ee\/wp-json\/wp\/v2\/product"}],"about":[{"href":"https:\/\/e-kalastus.ee\/wp-json\/wp\/v2\/types\/product"}],"wp:featuredmedia":[{"embeddable":true,"href":"https:\/\/e-kalastus.ee\/wp-json\/wp\/v2\/media\/68512"}],"wp:attachment":[{"href":"https:\/\/e-kalastus.ee\/wp-json\/wp\/v2\/media?parent=43223"}],"wp:term":[{"taxonomy":"product_brand","embeddable":true,"href":"https:\/\/e-kalastus.ee\/wp-json\/wp\/v2\/product_brand?post=43223"},{"taxonomy":"product_cat","embeddable":true,"href":"https:\/\/e-kalastus.ee\/wp-json\/wp\/v2\/product_cat?post=43223"},{"taxonomy":"product_tag","embeddable":true,"href":"https:\/\/e-kalastus.ee\/wp-json\/wp\/v2\/product_tag?post=43223"}],"curies":[{"name":"wp","href":"https:\/\/api.w.org\/{rel}","templated":true}]}}