{"id":43185,"date":"2024-01-07T03:13:01","date_gmt":"2024-01-07T01:13:01","guid":{"rendered":"https:\/\/e-kalastus.ee\/toode\/vib-frapp-jiggle-95mm-30g-16\/"},"modified":"2026-03-30T15:27:42","modified_gmt":"2026-03-30T12:27:42","slug":"vib-frapp-jiggle-95mm-30g-16","status":"publish","type":"product","link":"https:\/\/e-kalastus.ee\/fi\/tuotteet\/vib-frapp-jiggle-95mm-30g-16\/","title":{"rendered":"VIB Frapp Jiggle 95mm 30g #16"},"content":{"rendered":"\n    <div class=\"xs_social_share_widget xs_share_url after_content \t\tmain_content  wslu-style-1 wslu-share-box-shaped wslu-fill-colored wslu-none wslu-share-horizontal wslu-theme-font-no wslu-main_content\">\n\n\t\t\n        <ul>\n\t\t\t        <\/ul>\n    <\/div> \n","protected":false},"excerpt":{"rendered":"<p>Frapp Jiggle on v\u00e4rin\u00e4viehe (VIB), joka on suunniteltu pystykalastukseen sek\u00e4 rauhallisella pelill\u00e4 ett\u00e4 nosto- ja heittoliikkeill\u00e4. Frapp Jigglen runko on valmistettu kest\u00e4v\u00e4st\u00e4 ABS-muovista, joka kest\u00e4\u00e4 hyvin petokalojen hampaita, ja viehe on varustettu kahdella ter\u00e4v\u00e4ll\u00e4 kolmikoukulla.<\/p>\n<p>Sill\u00e4 on tyylik\u00e4s, sivuilta litistynyt muoto, sel\u00e4ss\u00e4 sijaitseva pieni selk\u00e4ev\u00e4 ja kiinte\u00e4 paino. 30 g painonsa ansiosta Jiggle 95 soveltuu k\u00e4ytett\u00e4v\u00e4ksi voimakkaan virtauksen vesist\u00f6iss\u00e4 ja suurissa syvyyksiss\u00e4. V\u00e4rimallisto on luotu erilaisia kalastusolosuhteita varten, tarjoten sek\u00e4 kirkkaita ett\u00e4 luonnollisia s\u00e4vyj\u00e4.<\/p>\n","protected":false},"featured_media":67263,"template":"","meta":{"_uag_custom_page_level_css":""},"product_brand":[1512],"product_cat":[1456],"product_tag":[],"class_list":{"0":"post-43185","1":"product","2":"type-product","3":"status-publish","4":"has-post-thumbnail","6":"product_brand-frapp","7":"product_cat-frapp-vib","8":"pa_brand-frapp","10":"first","11":"instock","12":"taxable","13":"shipping-taxable","14":"purchasable","15":"product-type-simple"},"uagb_featured_image_src":{"full":["https:\/\/e-kalastus.b-cdn.net\/wp-content\/uploads\/2024\/07\/JIGGLE-16.jpg",1000,1000,false],"thumbnail":["https:\/\/e-kalastus.b-cdn.net\/wp-content\/uploads\/2024\/07\/JIGGLE-16-150x150.jpg",150,150,true],"medium":["https:\/\/e-kalastus.b-cdn.net\/wp-content\/uploads\/2024\/07\/JIGGLE-16-300x300.jpg",300,300,true],"medium_large":["https:\/\/e-kalastus.b-cdn.net\/wp-content\/uploads\/2024\/07\/JIGGLE-16-768x768.jpg",768,768,true],"large":["https:\/\/e-kalastus.b-cdn.net\/wp-content\/uploads\/2024\/07\/JIGGLE-16-800x800.jpg",800,800,true],"1536x1536":["https:\/\/e-kalastus.b-cdn.net\/wp-content\/uploads\/2024\/07\/JIGGLE-16.jpg",1000,1000,false],"2048x2048":["https:\/\/e-kalastus.b-cdn.net\/wp-content\/uploads\/2024\/07\/JIGGLE-16.jpg",1000,1000,false],"woocommerce_thumbnail":["https:\/\/e-kalastus.b-cdn.net\/wp-content\/uploads\/2024\/07\/JIGGLE-16-768x768.jpg",324,324,true],"woocommerce_single":["https:\/\/e-kalastus.b-cdn.net\/wp-content\/uploads\/2024\/07\/JIGGLE-16-768x768.jpg",416,416,true],"woocommerce_gallery_thumbnail":["https:\/\/e-kalastus.b-cdn.net\/wp-content\/uploads\/2024\/07\/JIGGLE-16-100x100.jpg",100,100,true]},"uagb_author_info":{"display_name":"adam.mrozek","author_link":"https:\/\/e-kalastus.ee\/fi\/author\/"},"uagb_comment_info":0,"uagb_excerpt":"Frapp Jiggle on v\u00e4rin\u00e4viehe (VIB), joka on suunniteltu pystykalastukseen sek\u00e4 rauhallisella pelill\u00e4 ett\u00e4 nosto- ja heittoliikkeill\u00e4. Frapp Jigglen runko on valmistettu kest\u00e4v\u00e4st\u00e4 ABS-muovista, joka kest\u00e4\u00e4 hyvin petokalojen hampaita, ja viehe on varustettu kahdella ter\u00e4v\u00e4ll\u00e4 kolmikoukulla. Sill\u00e4 on tyylik\u00e4s, sivuilta litistynyt muoto, sel\u00e4ss\u00e4 sijaitseva pieni selk\u00e4ev\u00e4 ja kiinte\u00e4 paino. 30 g painonsa ansiosta Jiggle 95 soveltuu&hellip;","_links":{"self":[{"href":"https:\/\/e-kalastus.ee\/fi\/wp-json\/wp\/v2\/product\/43185","targetHints":{"allow":["GET"]}}],"collection":[{"href":"https:\/\/e-kalastus.ee\/fi\/wp-json\/wp\/v2\/product"}],"about":[{"href":"https:\/\/e-kalastus.ee\/fi\/wp-json\/wp\/v2\/types\/product"}],"wp:featuredmedia":[{"embeddable":true,"href":"https:\/\/e-kalastus.ee\/fi\/wp-json\/wp\/v2\/media\/67263"}],"wp:attachment":[{"href":"https:\/\/e-kalastus.ee\/fi\/wp-json\/wp\/v2\/media?parent=43185"}],"wp:term":[{"taxonomy":"product_brand","embeddable":true,"href":"https:\/\/e-kalastus.ee\/fi\/wp-json\/wp\/v2\/product_brand?post=43185"},{"taxonomy":"product_cat","embeddable":true,"href":"https:\/\/e-kalastus.ee\/fi\/wp-json\/wp\/v2\/product_cat?post=43185"},{"taxonomy":"product_tag","embeddable":true,"href":"https:\/\/e-kalastus.ee\/fi\/wp-json\/wp\/v2\/product_tag?post=43185"}],"curies":[{"name":"wp","href":"https:\/\/api.w.org\/{rel}","templated":true}]}}