{"id":42930,"date":"2024-01-04T19:57:57","date_gmt":"2024-01-04T17:57:57","guid":{"rendered":"https:\/\/e-kalastus.ee\/toode\/pustlant-ecopro-shprot-70mm-11g-sbl\/"},"modified":"2026-03-30T15:04:27","modified_gmt":"2026-03-30T12:04:27","slug":"pustlant-ecopro-shprot-70mm-11g-sbl","status":"publish","type":"product","link":"https:\/\/e-kalastus.ee\/fi\/tuotteet\/pystyuistin-ecopro-shprot-70mm-11g-sbl\/","title":{"rendered":"Pystyuistin EcoPro Shprot 70mm 11g #SBL"},"content":{"rendered":"<p><\/p>\n<p><strong>\u201cEco Pro Shprot\u201d -viehe<\/strong> on toinen loistava sarja talvisia pystyuistimia, joita valmistetaan Ven\u00e4j\u00e4ll\u00e4 kotimaisen valmistajan Eco Pro -br\u00e4ndin alla.<br \/>\nSarjaan kuuluu 41 eri mallia, jotka vaihtelevat painon (5\u201315 g), koon ja v\u00e4ris\u00e4vyjen suhteen. Viehe on pitkulainen, py\u00f6re\u00e4muotoinen ja muistuttaa ulkon\u00e4\u00f6lt\u00e4\u00e4n pient\u00e4 kalaa. Sarjaan kuuluu kolmikoukku, jonka vartessa on huomiota her\u00e4tt\u00e4v\u00e4 pieni kirkas pisara.<\/p>\n<p>Liikkuessaan viehe ottaa vaakasuoran asennon. Vajotessaan se liikkuu &#8221;kuusen muotoisesti&#8221;, kallistuen hieman sivuille. Shprot-sarjan vieheet ovat osoittautuneet erinomaisiksi ahvenen ja hauen kalastukseen.<\/p>\n<p><\/p>\n\n    <div class=\"xs_social_share_widget xs_share_url after_content \t\tmain_content  wslu-style-1 wslu-share-box-shaped wslu-fill-colored wslu-none wslu-share-horizontal wslu-theme-font-no wslu-main_content\">\n\n\t\t\n        <ul>\n\t\t\t        <\/ul>\n    <\/div>","protected":false},"excerpt":{"rendered":"<p>Eco Pro Shprot on talvinen pystyuistin, joka j\u00e4ljittelee pient\u00e4 kalaa ja liikkuu vedess\u00e4 luonnollisella ja houkuttelevalla pelill\u00e4\u00e4n. Erityisen hyvin sopii ahvenen ja hauen kalastukseen.<\/p>\n","protected":false},"featured_media":65468,"template":"","meta":{"_uag_custom_page_level_css":""},"product_brand":[1539],"product_cat":[1470],"product_tag":[],"class_list":{"0":"post-42930","1":"product","2":"type-product","3":"status-publish","4":"has-post-thumbnail","6":"product_brand-ecopro","7":"product_cat-ecopro-p","8":"pa_brand-ecopro","10":"first","11":"instock","12":"taxable","13":"shipping-taxable","14":"purchasable","15":"product-type-simple"},"uagb_featured_image_src":{"full":["https:\/\/e-kalastus.b-cdn.net\/wp-content\/uploads\/2024\/07\/Shprot-SBL.jpg",600,400,false],"thumbnail":["https:\/\/e-kalastus.b-cdn.net\/wp-content\/uploads\/2024\/07\/Shprot-SBL-150x150.jpg",150,150,true],"medium":["https:\/\/e-kalastus.b-cdn.net\/wp-content\/uploads\/2024\/07\/Shprot-SBL-300x300.jpg",300,300,true],"medium_large":["https:\/\/e-kalastus.b-cdn.net\/wp-content\/uploads\/2024\/07\/Shprot-SBL-768x768.jpg",768,768,true],"large":["https:\/\/e-kalastus.b-cdn.net\/wp-content\/uploads\/2024\/07\/Shprot-SBL-800x800.jpg",800,800,true],"1536x1536":["https:\/\/e-kalastus.b-cdn.net\/wp-content\/uploads\/2024\/07\/Shprot-SBL.jpg",600,400,false],"2048x2048":["https:\/\/e-kalastus.b-cdn.net\/wp-content\/uploads\/2024\/07\/Shprot-SBL.jpg",600,400,false],"woocommerce_thumbnail":["https:\/\/e-kalastus.b-cdn.net\/wp-content\/uploads\/2024\/07\/Shprot-SBL-768x768.jpg",324,324,true],"woocommerce_single":["https:\/\/e-kalastus.b-cdn.net\/wp-content\/uploads\/2024\/07\/Shprot-SBL.jpg",416,277,false],"woocommerce_gallery_thumbnail":["https:\/\/e-kalastus.b-cdn.net\/wp-content\/uploads\/2024\/07\/Shprot-SBL-100x100.jpg",100,100,true]},"uagb_author_info":{"display_name":"adam.mrozek","author_link":"https:\/\/e-kalastus.ee\/fi\/author\/"},"uagb_comment_info":0,"uagb_excerpt":"Eco Pro Shprot on talvinen pystyuistin, joka j\u00e4ljittelee pient\u00e4 kalaa ja liikkuu vedess\u00e4 luonnollisella ja houkuttelevalla pelill\u00e4\u00e4n. Erityisen hyvin sopii ahvenen ja hauen kalastukseen.","_links":{"self":[{"href":"https:\/\/e-kalastus.ee\/fi\/wp-json\/wp\/v2\/product\/42930","targetHints":{"allow":["GET"]}}],"collection":[{"href":"https:\/\/e-kalastus.ee\/fi\/wp-json\/wp\/v2\/product"}],"about":[{"href":"https:\/\/e-kalastus.ee\/fi\/wp-json\/wp\/v2\/types\/product"}],"wp:featuredmedia":[{"embeddable":true,"href":"https:\/\/e-kalastus.ee\/fi\/wp-json\/wp\/v2\/media\/65468"}],"wp:attachment":[{"href":"https:\/\/e-kalastus.ee\/fi\/wp-json\/wp\/v2\/media?parent=42930"}],"wp:term":[{"taxonomy":"product_brand","embeddable":true,"href":"https:\/\/e-kalastus.ee\/fi\/wp-json\/wp\/v2\/product_brand?post=42930"},{"taxonomy":"product_cat","embeddable":true,"href":"https:\/\/e-kalastus.ee\/fi\/wp-json\/wp\/v2\/product_cat?post=42930"},{"taxonomy":"product_tag","embeddable":true,"href":"https:\/\/e-kalastus.ee\/fi\/wp-json\/wp\/v2\/product_tag?post=42930"}],"curies":[{"name":"wp","href":"https:\/\/api.w.org\/{rel}","templated":true}]}}