{"id":42928,"date":"2024-01-04T19:42:56","date_gmt":"2024-01-04T17:42:56","guid":{"rendered":"https:\/\/e-kalastus.ee\/toode\/pustlant-ecopro-shprot-70mm-11g-pph\/"},"modified":"2026-04-16T17:01:57","modified_gmt":"2026-04-16T14:01:57","slug":"pustlant-ecopro-shprot-70mm-11g-pph","status":"publish","type":"product","link":"https:\/\/e-kalastus.ee\/fi\/tuotteet\/pystyuistin-ecopro-shprot-70mm-11g-pph\/","title":{"rendered":"Pystyuistin EcoPro Shprot 70mm 11g #PPH"},"content":{"rendered":"<p><\/p>\n<p><strong>&#8221;Eco Pro Shprot&#8221; -uistin<\/strong> on toinen suuri talvisten pystyuistinten sarja, jota valmistetaan Ven\u00e4j\u00e4ll\u00e4 kotimaisen Eco Pro -br\u00e4ndin alla.<br \/>\nSarjaan kuuluu 41 erilaista mallia, jotka vaihtelevat painon (5\u201315 g), koon ja v\u00e4ris\u00e4vyjen suhteen. Uistimella on pitkulainen, py\u00f6re\u00e4 muoto ja se muistuttaa ulkon\u00e4\u00f6lt\u00e4\u00e4n pient\u00e4 kalaa. Sarjaan kuuluu kolmikoukku, jonka vartessa on huomiota her\u00e4tt\u00e4v\u00e4 pieni kirkas pisara.<\/p>\n<p>Liikkuessaan uistin ottaa vaakasuunnan. Vajotessaan se liikkuu &#8221;kuusenmuotoisesti&#8221;, kallistuen hieman sivuille. Shprot-sarjan uistimet ovat osoittautuneet erinomaisiksi ahvenen ja kuhaan kalastukseen.<\/p>\n<p><\/p>\n\n    <div class=\"xs_social_share_widget xs_share_url after_content \t\tmain_content  wslu-style-1 wslu-share-box-shaped wslu-fill-colored wslu-none wslu-share-horizontal wslu-theme-font-no wslu-main_content\">\n\n\t\t\n        <ul>\n\t\t\t        <\/ul>\n    <\/div>","protected":false},"excerpt":{"rendered":"<p>Eco Pro Shprot on talvinen pystyuistin, joka j\u00e4ljittelee pient\u00e4 kalaa ja liikkuu vedess\u00e4 luonnollisella ja houkuttelevalla liikkeell\u00e4. Erityisen hyvin sopii ahvenen ja kuhaan kalastukseen.<\/p>\n","protected":false},"featured_media":65512,"template":"","meta":{"_uag_custom_page_level_css":""},"product_brand":[1539],"product_cat":[1470],"product_tag":[],"class_list":{"0":"post-42928","1":"product","2":"type-product","3":"status-publish","4":"has-post-thumbnail","6":"product_brand-ecopro","7":"product_cat-ecopro-p","8":"pa_brand-ecopro","10":"first","11":"instock","12":"taxable","13":"shipping-taxable","14":"purchasable","15":"product-type-simple"},"uagb_featured_image_src":{"full":["https:\/\/e-kalastus.b-cdn.net\/wp-content\/uploads\/2024\/07\/Shprot-PPH-2.png",900,600,false],"thumbnail":["https:\/\/e-kalastus.b-cdn.net\/wp-content\/uploads\/2024\/07\/Shprot-PPH-2-150x150.png.jpg",150,150,true],"medium":["https:\/\/e-kalastus.b-cdn.net\/wp-content\/uploads\/2024\/07\/Shprot-PPH-2-300x300.png.jpg",300,300,true],"medium_large":["https:\/\/e-kalastus.b-cdn.net\/wp-content\/uploads\/2024\/07\/Shprot-PPH-2-768x768.png.jpg",768,768,true],"large":["https:\/\/e-kalastus.b-cdn.net\/wp-content\/uploads\/2024\/07\/Shprot-PPH-2-800x800.png.jpg",800,800,true],"1536x1536":["https:\/\/e-kalastus.b-cdn.net\/wp-content\/uploads\/2024\/07\/Shprot-PPH-2.png",900,600,false],"2048x2048":["https:\/\/e-kalastus.b-cdn.net\/wp-content\/uploads\/2024\/07\/Shprot-PPH-2.png",900,600,false],"woocommerce_thumbnail":["https:\/\/e-kalastus.b-cdn.net\/wp-content\/uploads\/2024\/07\/Shprot-PPH-2-768x768.png.jpg",324,324,true],"woocommerce_single":["https:\/\/e-kalastus.b-cdn.net\/wp-content\/uploads\/2024\/07\/Shprot-PPH-2.png",416,277,false],"woocommerce_gallery_thumbnail":["https:\/\/e-kalastus.b-cdn.net\/wp-content\/uploads\/2024\/07\/Shprot-PPH-2-100x100.png.jpg",100,100,true]},"uagb_author_info":{"display_name":"adam.mrozek","author_link":"https:\/\/e-kalastus.ee\/fi\/author\/"},"uagb_comment_info":0,"uagb_excerpt":"Eco Pro Shprot on talvinen pystyuistin, joka j\u00e4ljittelee pient\u00e4 kalaa ja liikkuu vedess\u00e4 luonnollisella ja houkuttelevalla liikkeell\u00e4. Erityisen hyvin sopii ahvenen ja kuhaan kalastukseen.","_links":{"self":[{"href":"https:\/\/e-kalastus.ee\/fi\/wp-json\/wp\/v2\/product\/42928","targetHints":{"allow":["GET"]}}],"collection":[{"href":"https:\/\/e-kalastus.ee\/fi\/wp-json\/wp\/v2\/product"}],"about":[{"href":"https:\/\/e-kalastus.ee\/fi\/wp-json\/wp\/v2\/types\/product"}],"wp:featuredmedia":[{"embeddable":true,"href":"https:\/\/e-kalastus.ee\/fi\/wp-json\/wp\/v2\/media\/65512"}],"wp:attachment":[{"href":"https:\/\/e-kalastus.ee\/fi\/wp-json\/wp\/v2\/media?parent=42928"}],"wp:term":[{"taxonomy":"product_brand","embeddable":true,"href":"https:\/\/e-kalastus.ee\/fi\/wp-json\/wp\/v2\/product_brand?post=42928"},{"taxonomy":"product_cat","embeddable":true,"href":"https:\/\/e-kalastus.ee\/fi\/wp-json\/wp\/v2\/product_cat?post=42928"},{"taxonomy":"product_tag","embeddable":true,"href":"https:\/\/e-kalastus.ee\/fi\/wp-json\/wp\/v2\/product_tag?post=42928"}],"curies":[{"name":"wp","href":"https:\/\/api.w.org\/{rel}","templated":true}]}}