{"id":4101,"date":"2023-08-18T18:58:33","date_gmt":"2023-08-18T15:58:33","guid":{"rendered":"https:\/\/e-kalastus.ee\/toode\/kostuum-graff-explorer-suit-xl-terracota-grey\/"},"modified":"2026-04-09T14:29:57","modified_gmt":"2026-04-09T11:29:57","slug":"kostuum-graff-explorer-suit-xl-terracota-grey","status":"publish","type":"product","link":"https:\/\/e-kalastus.ee\/toode\/kostuum-graff-explorer-suit-xl-terracota-grey\/","title":{"rendered":"Kost\u00fc\u00fcm FHM Explorer Suit Terracota\/Grey SIZE M"},"content":{"rendered":"\n    <div class=\"xs_social_share_widget xs_share_url after_content \t\tmain_content  wslu-style-1 wslu-share-box-shaped wslu-fill-colored wslu-none wslu-share-horizontal wslu-theme-font-no wslu-main_content\">\n\n\t\t\n        <ul>\n\t\t\t        <\/ul>\n    <\/div> \n","protected":false},"excerpt":{"rendered":"<p>Kerge, hingav veekindel \u00fclikond, mis on m\u00f5eldud n\u00f5rga vihma v\u00f5i eepilise vihmasaju jaoks. See kergesti pakitav ja veniv vihmakaitse\u00fclikond on valmistatud 2,5 kihist TORAY Delfy (Toray) membraankangast, millel on veekindel\/hingav barj\u00e4\u00e4r ja DWR (vastupidav vetth\u00fclgav) viimistlus.<\/p>\n<p>FHM Suit Explorer on funktsionaalne ja kompaktne See on loodud teie p\u00f5hir\u00f5ivaste t\u00e4iendavaks kaitsmiseks halva ilma eest. \u00dclikond ei piira liigutusi ja on katsudes sile.<\/p>\n<p>Seda \u00fclikonda saab kasutada kalastamiseks, m\u00e4el k\u00f5ndimiseks, matkamiseks ja reisimiseks. See aitab teil olla aktiivne isegi siis, kui ilm p\u00f6\u00f6rdub.<\/p>\n<p>FHM meeste membraan\u00fclikonnal Explorer on lihtsustatud prindivaba disain koos veekindlate t\u00f5mblukkude ja reguleeritavate k\u00e4tistega tihendatud \u00f5mblustega ning n\u00f6\u00f6riga \u00fcmber v\u00f6\u00f6koha, et tagada turvaline ilmastikukindel istuvus<\/p>\n<p>Jope omadused:<\/p>\n<p>2 esitaskut<br \/>\nVarrukate anatoomiline sobivus<br \/>\nReguleeritav kapuuts<br \/>\nKeskmise t\u00f5mbluku all tuulekindel riba<\/p>\n<p>P\u00fckste omadused:<\/p>\n<p>P\u00fckste k\u00fclje\u00f5mblustes veekindlad lukud<br \/>\nAnatoomiline sobivus<br \/>\nElastne v\u00f6\u00f6koht<\/p>\n<p>Pakkimiskate<br \/>\nKangad: 100% pol\u00fcamiid<\/p>\n<p>Kanga tihedus: 100 g\/m2<\/p>\n<p>Tehnoloogia:<\/p>\n<p>30D Twin ripstop kangas<br \/>\nTorayDelfy 2,5 kihiline membraan<br \/>\nYKK veekindlad t\u00f5mblukud<br \/>\nTihendatud \u00f5mblused<br \/>\nVeekindel 10 000 mm \/ m2 \/ 24h<br \/>\nHingavus 10 000 g \/ m2 \/ 24h<\/p>\n","protected":false},"featured_media":69930,"template":"","meta":{"_uag_custom_page_level_css":""},"product_brand":[1615],"product_cat":[1218],"product_tag":[],"class_list":{"0":"post-4101","1":"product","2":"type-product","3":"status-publish","4":"has-post-thumbnail","6":"product_brand-fhm","7":"product_cat-kostuumid","8":"pa_brand-fhm","10":"first","11":"instock","12":"sale","13":"taxable","14":"shipping-taxable","15":"purchasable","16":"product-type-simple"},"uagb_featured_image_src":{"full":["https:\/\/e-kalastus.b-cdn.net\/wp-content\/uploads\/2024\/07\/4683f140-49ec-4685-9fe9-9baff1c39bdb-scaled-1.jpg",307,1000,false],"thumbnail":["https:\/\/e-kalastus.b-cdn.net\/wp-content\/uploads\/2024\/07\/4683f140-49ec-4685-9fe9-9baff1c39bdb-scaled-1-150x150.jpg",150,150,true],"medium":["https:\/\/e-kalastus.b-cdn.net\/wp-content\/uploads\/2024\/07\/4683f140-49ec-4685-9fe9-9baff1c39bdb-scaled-1-300x300.jpg",300,300,true],"medium_large":["https:\/\/e-kalastus.b-cdn.net\/wp-content\/uploads\/2024\/07\/4683f140-49ec-4685-9fe9-9baff1c39bdb-scaled-1-768x768.jpg",768,768,true],"large":["https:\/\/e-kalastus.b-cdn.net\/wp-content\/uploads\/2024\/07\/4683f140-49ec-4685-9fe9-9baff1c39bdb-scaled-1-800x800.jpg",800,800,true],"1536x1536":["https:\/\/e-kalastus.b-cdn.net\/wp-content\/uploads\/2024\/07\/4683f140-49ec-4685-9fe9-9baff1c39bdb-scaled-1.jpg",307,1000,false],"2048x2048":["https:\/\/e-kalastus.b-cdn.net\/wp-content\/uploads\/2024\/07\/4683f140-49ec-4685-9fe9-9baff1c39bdb-scaled-1.jpg",307,1000,false],"woocommerce_thumbnail":["https:\/\/e-kalastus.b-cdn.net\/wp-content\/uploads\/2024\/07\/4683f140-49ec-4685-9fe9-9baff1c39bdb-scaled-1-768x768.jpg",324,324,true],"woocommerce_single":["https:\/\/e-kalastus.b-cdn.net\/wp-content\/uploads\/2024\/07\/4683f140-49ec-4685-9fe9-9baff1c39bdb-scaled-1.jpg",307,1000,false],"woocommerce_gallery_thumbnail":["https:\/\/e-kalastus.b-cdn.net\/wp-content\/uploads\/2024\/07\/4683f140-49ec-4685-9fe9-9baff1c39bdb-scaled-1-100x100.jpg",100,100,true]},"uagb_author_info":{"display_name":"adam.mrozek","author_link":"https:\/\/e-kalastus.ee\/author\/"},"uagb_comment_info":0,"uagb_excerpt":"Kerge, hingav veekindel \u00fclikond, mis on m\u00f5eldud n\u00f5rga vihma v\u00f5i eepilise vihmasaju jaoks. See kergesti pakitav ja veniv vihmakaitse\u00fclikond on valmistatud 2,5 kihist TORAY Delfy (Toray) membraankangast, millel on veekindel\/hingav barj\u00e4\u00e4r ja DWR (vastupidav vetth\u00fclgav) viimistlus. FHM Suit Explorer on funktsionaalne ja kompaktne See on loodud teie p\u00f5hir\u00f5ivaste t\u00e4iendavaks kaitsmiseks halva ilma eest. \u00dclikond ei&hellip;","_links":{"self":[{"href":"https:\/\/e-kalastus.ee\/wp-json\/wp\/v2\/product\/4101","targetHints":{"allow":["GET"]}}],"collection":[{"href":"https:\/\/e-kalastus.ee\/wp-json\/wp\/v2\/product"}],"about":[{"href":"https:\/\/e-kalastus.ee\/wp-json\/wp\/v2\/types\/product"}],"wp:featuredmedia":[{"embeddable":true,"href":"https:\/\/e-kalastus.ee\/wp-json\/wp\/v2\/media\/69930"}],"wp:attachment":[{"href":"https:\/\/e-kalastus.ee\/wp-json\/wp\/v2\/media?parent=4101"}],"wp:term":[{"taxonomy":"product_brand","embeddable":true,"href":"https:\/\/e-kalastus.ee\/wp-json\/wp\/v2\/product_brand?post=4101"},{"taxonomy":"product_cat","embeddable":true,"href":"https:\/\/e-kalastus.ee\/wp-json\/wp\/v2\/product_cat?post=4101"},{"taxonomy":"product_tag","embeddable":true,"href":"https:\/\/e-kalastus.ee\/wp-json\/wp\/v2\/product_tag?post=4101"}],"curies":[{"name":"wp","href":"https:\/\/api.w.org\/{rel}","templated":true}]}}