{"id":38455,"date":"2023-12-15T09:40:48","date_gmt":"2023-12-15T07:40:48","guid":{"rendered":"https:\/\/e-kalastus.ee\/toode\/kajalood-deeper-smart-sonar-chirp-2-fish-spotter-kit-2023-with-neck-gainer-and-westin-sport-glasses\/"},"modified":"2026-04-10T15:50:46","modified_gmt":"2026-04-10T12:50:46","slug":"kajalood-deeper-smart-sonar-chirp-2-fish-spotter-kit-2023-with-neck-gainer-and-westin-sport-glasses","status":"publish","type":"product","link":"https:\/\/e-kalastus.ee\/fi\/tuotteet\/deeper-smart-sonar-chirp-plus-2-fish-spotter-sarja-2023-kaulahuivin-ja-westin-sport-laseilla\/","title":{"rendered":"Deeper Smart Sonar CHIRP+ 2 Fish Spotter -sarja 2023 kaulahuivin ja Westin Sport -laseilla"},"content":{"rendered":"\n    <div class=\"xs_social_share_widget xs_share_url after_content \t\tmain_content  wslu-style-1 wslu-share-box-shaped wslu-fill-colored wslu-none wslu-share-horizontal wslu-theme-font-no wslu-main_content\">\n\n\t\t\n        <ul>\n\t\t\t        <\/ul>\n    <\/div> \n","protected":false},"excerpt":{"rendered":"<p>Sarjassa mukana Deeper Smart Sonar CHIRP+2 -kalansy\u00f6vy, deeper-kaulahuivi, Westin -aurinkolasit.<\/p>\n<p>Deeper Chirp+ 2 kalansy\u00f6vy<\/p>\n<p>Materiaali: ABS-kotelo, titaaniydin<br \/>\nYhteensopivuus: Katso lis\u00e4tietoja<br \/>\nSonarityyppi: 3-taajuus CHIRP &#8211; kapea CHIRP 675 kHz (kartion kulma 7\u00b0), keski CHIRP 240 kHz (kartion kulma 20\u00b0), leve\u00e4 CHIRP 100 kHz (kartion kulma 47\u00b0)<br \/>\nErotuskyky: 1 cm\/0,4 tuumaa kapea Chirp, 2,4 cm\/0,94 keski Chirp, 2,4 cm\/0,94 leve\u00e4 Chirp<br \/>\nSyvyysalue: 15 cm\/6 tuumaa \u2013 100 m\/330 jalkaa<br \/>\nSonarin skannaus tiheys: Jopa 15 sekunnissa<br \/>\nSonarin tilat: Rantakalastus, Vene, J\u00e4\u00e4kalastus, Sy\u00f6ttivene, N\u00e4yt\u00e4 vain skannaukset, Vain skannaus (ilman GPS:\u00e4\u00e4)<br \/>\nL\u00e4mp\u00f6tila-anturi: sis\u00e4\u00e4nrakennettu l\u00e4mp\u00f6tila-anturi (tarkkuus 0,2\u00b0C)<br \/>\nToimintal\u00e4mp\u00f6tila: -20 \u00b0C &#8211; 40 \u00b0C\/-4 \u00b0F &#8211; 104 \u00b0F<br \/>\nGNSS (globaalin paikannusj\u00e4rjestelm\u00e4n tuki): GPS, GLONASS, Galileo, BeiDou, QZSS<br \/>\nAkun kesto: GPS P\u00c4\u00c4LL\u00c4 jopa 9 tuntia, GPS POIS jopa 15 tuntia<br \/>\nLatausteknologia: pikalataus, 80% 60 min, 100% 110 min<br \/>\nSis\u00e4inen akku: Litium-ioni, 3,8 V ladattava, 1300 mAh<br \/>\nVirtal\u00e4hde (ei sis\u00e4lly, suositeltu): Tulo 110 V\/220 V. L\u00e4ht\u00f6 Micro USB, 5 V 2 A<br \/>\nYhteyden tyyppi: Wi-Fi<br \/>\nYhteyden kantama: vakaa yhteys jopa 120 m\/394 jalkaa.<br \/>\nV\u00e4ri: aavikkohiekka<\/p>\n<p>Deeper Kaulahuivi<\/p>\n<p>T\u00e4ll\u00e4 tyylikk\u00e4\u00e4ll\u00e4 kaulahuivilla voit kalastaa pidemp\u00e4\u00e4n ulkona tuulisissa olosuhteissa. Valmistettu kevyest\u00e4, hengitt\u00e4v\u00e4st\u00e4, kosteutta poistavasta kankaasta, se pit\u00e4\u00e4 sinut suojassa s\u00e4\u00e4olosuhteilta samalla kun tunnet olosi viile\u00e4ksi ja mukavaksi. Saatavilla maastokuvioisena tai mustana ja \u00e4lykk\u00e4\u00e4ll\u00e4, heijastavalla Deeper-logolla. T\u00e4m\u00e4 monik\u00e4ytt\u00f6inen kaulahuivi sopii erinomaisesti k\u00e4ytett\u00e4v\u00e4ksi hatun kanssa, p\u00e4\u00e4nsuojana tai kasvojen alaosan suojaamiseen tuulelta ja auringolta.<\/p>\n<p>Hengitysrei\u00e4t nen\u00e4lle ja suulle<br \/>\nPitk\u00e4 kaula erinomaisen peitt\u00e4vyyden saavuttamiseksi<br \/>\nLaaja k\u00e4ytt\u00f6tarkoitusvalikoima<br \/>\nYksi koko, venyy leveimm\u00e4st\u00e4 kohdasta 40 cm x 25 cm<br \/>\nV\u00e4ri: maastokuvio<\/p>\n<p>TEKNISET TIEDOT JA HOITO<br \/>\n90 % mikropolyesteri, 10 % spandex<br \/>\nKoneenpesu l\u00e4mpim\u00e4ll\u00e4 vedell\u00e4, hell\u00e4 ohjelma<br \/>\nPese nurinp\u00e4in<br \/>\n\u00c4l\u00e4 valkaise<br \/>\nHell\u00e4 rumpukuivaus<br \/>\n\u00c4l\u00e4 silit\u00e4<\/p>\n<p>WESTIN W6 SPORT 15 -AURINKOLASIT<\/p>\n<p>Laadukkaat lasit, jotka on suunniteltu kalastukseen.<br \/>\nToiminnalliset ja tyylikk\u00e4\u00e4t aurinkolasit tarjoavat erinomaisen n\u00e4kyvyyden ja t\u00e4ydellisen suojan haitallisilta UV-s\u00e4teilt\u00e4. Ihanteellinen kalastukseen veden p\u00e4\u00e4ll\u00e4, mutta sopii hyvin my\u00f6s rannalta kalastaessa.<\/p>\n<p>Rilsan\u00ae Clear Rnew\u00ae 45 % biopohjainen runkomateriaali<br \/>\nPolarisoitu polykarbonaattilasi (erityisen kest\u00e4v\u00e4)<br \/>\nJapanilainen polarisoitu kalvo<br \/>\nMerenkest\u00e4v\u00e4 pinnoite linssien molemmilla puolilla<br \/>\nHeijastuksenestoinen pinnoite linssin sis\u00e4puolella<br \/>\nSuodinkategoria 3 (korkea suoja auringonvalolta)<br \/>\nLinssikategoria 3<br \/>\nUV400 (100 % suoja haitallisilta UV-s\u00e4teilt\u00e4)<br \/>\nPerusk\u00e4yr\u00e4 8 mukavaa istuvuutta varten<br \/>\nMattamusta runko<br \/>\nVihre\u00e4 linssin v\u00e4ri<br \/>\nVahva aurinkolasien suojakotelo<br \/>\npuhdistusliina<\/p>\n","protected":false},"featured_media":70153,"template":"","meta":{"_uag_custom_page_level_css":""},"product_brand":[],"product_cat":[1211],"product_tag":[],"class_list":{"0":"post-38455","1":"product","2":"type-product","3":"status-publish","4":"has-post-thumbnail","6":"product_cat-kajaloodid","8":"first","9":"outofstock","10":"sale","11":"taxable","12":"shipping-taxable","13":"purchasable","14":"product-type-simple"},"uagb_featured_image_src":{"full":["https:\/\/e-kalastus.b-cdn.net\/wp-content\/uploads\/2024\/07\/deeper-x-westin-fish-spotter-kit.jpg",1000,1000,false],"thumbnail":["https:\/\/e-kalastus.b-cdn.net\/wp-content\/uploads\/2024\/07\/deeper-x-westin-fish-spotter-kit-150x150.jpg",150,150,true],"medium":["https:\/\/e-kalastus.b-cdn.net\/wp-content\/uploads\/2024\/07\/deeper-x-westin-fish-spotter-kit-300x300.jpg",300,300,true],"medium_large":["https:\/\/e-kalastus.b-cdn.net\/wp-content\/uploads\/2024\/07\/deeper-x-westin-fish-spotter-kit-768x768.jpg",768,768,true],"large":["https:\/\/e-kalastus.b-cdn.net\/wp-content\/uploads\/2024\/07\/deeper-x-westin-fish-spotter-kit-800x800.jpg",800,800,true],"1536x1536":["https:\/\/e-kalastus.b-cdn.net\/wp-content\/uploads\/2024\/07\/deeper-x-westin-fish-spotter-kit.jpg",1000,1000,false],"2048x2048":["https:\/\/e-kalastus.b-cdn.net\/wp-content\/uploads\/2024\/07\/deeper-x-westin-fish-spotter-kit.jpg",1000,1000,false],"woocommerce_thumbnail":["https:\/\/e-kalastus.b-cdn.net\/wp-content\/uploads\/2024\/07\/deeper-x-westin-fish-spotter-kit-768x768.jpg",324,324,true],"woocommerce_single":["https:\/\/e-kalastus.b-cdn.net\/wp-content\/uploads\/2024\/07\/deeper-x-westin-fish-spotter-kit-768x768.jpg",416,416,true],"woocommerce_gallery_thumbnail":["https:\/\/e-kalastus.b-cdn.net\/wp-content\/uploads\/2024\/07\/deeper-x-westin-fish-spotter-kit-100x100.jpg",100,100,true]},"uagb_author_info":{"display_name":"adam.mrozek","author_link":"https:\/\/e-kalastus.ee\/fi\/author\/"},"uagb_comment_info":0,"uagb_excerpt":"Sarjassa mukana Deeper Smart Sonar CHIRP+2 -kalansy\u00f6vy, deeper-kaulahuivi, Westin -aurinkolasit. Deeper Chirp+ 2 kalansy\u00f6vy Materiaali: ABS-kotelo, titaaniydin Yhteensopivuus: Katso lis\u00e4tietoja Sonarityyppi: 3-taajuus CHIRP - kapea CHIRP 675 kHz (kartion kulma 7\u00b0), keski CHIRP 240 kHz (kartion kulma 20\u00b0), leve\u00e4 CHIRP 100 kHz (kartion kulma 47\u00b0) Erotuskyky: 1 cm\/0,4 tuumaa kapea Chirp, 2,4 cm\/0,94 keski Chirp,&hellip;","_links":{"self":[{"href":"https:\/\/e-kalastus.ee\/fi\/wp-json\/wp\/v2\/product\/38455","targetHints":{"allow":["GET"]}}],"collection":[{"href":"https:\/\/e-kalastus.ee\/fi\/wp-json\/wp\/v2\/product"}],"about":[{"href":"https:\/\/e-kalastus.ee\/fi\/wp-json\/wp\/v2\/types\/product"}],"wp:featuredmedia":[{"embeddable":true,"href":"https:\/\/e-kalastus.ee\/fi\/wp-json\/wp\/v2\/media\/70153"}],"wp:attachment":[{"href":"https:\/\/e-kalastus.ee\/fi\/wp-json\/wp\/v2\/media?parent=38455"}],"wp:term":[{"taxonomy":"product_brand","embeddable":true,"href":"https:\/\/e-kalastus.ee\/fi\/wp-json\/wp\/v2\/product_brand?post=38455"},{"taxonomy":"product_cat","embeddable":true,"href":"https:\/\/e-kalastus.ee\/fi\/wp-json\/wp\/v2\/product_cat?post=38455"},{"taxonomy":"product_tag","embeddable":true,"href":"https:\/\/e-kalastus.ee\/fi\/wp-json\/wp\/v2\/product_tag?post=38455"}],"curies":[{"name":"wp","href":"https:\/\/api.w.org\/{rel}","templated":true}]}}