{"id":29169,"date":"2023-11-24T01:08:53","date_gmt":"2023-11-23T23:08:53","guid":{"rendered":"https:\/\/e-kalastus.ee\/toode\/narval-frost-candy-vib-70mm-14g-color-012-red-head\/"},"modified":"2026-04-09T14:20:08","modified_gmt":"2026-04-09T11:20:08","slug":"narval-frost-candy-vib-70mm-14g-color-012-red-head-2","status":"publish","type":"product","link":"https:\/\/e-kalastus.ee\/fi\/tuotteet\/narval-frost-candy-vib-70mm-14g-color-012-red-head\/","title":{"rendered":"Narval Frost Candy VIB 70mm 14g Color #012 Red Head"},"content":{"rendered":"<p><\/p>\n<p>Narval Frost Candy Vib 70 mm on kapea ja raskas v\u00e4rin\u00e4viehe, joka on suunniteltu pystykalastukseen sek\u00e4 j\u00e4\u00e4n alta ett\u00e4 avovedess\u00e4. Se toimii hyvin hauen ja ahvenen kalastukseen ja on saatavilla useissa v\u00e4ris\u00e4vyss\u00e4, mukaan lukien UV-variantteina. Viehe on saatavilla eri painoissa sopiakseen erilaisiin kalastusolosuhteisiin.<\/p>\n<div>&nbsp;<\/div>\n<p><\/p>\n\n    <div class=\"xs_social_share_widget xs_share_url after_content \t\tmain_content  wslu-style-1 wslu-share-box-shaped wslu-fill-colored wslu-none wslu-share-horizontal wslu-theme-font-no wslu-main_content\">\n\n\t\t\n        <ul>\n\t\t\t        <\/ul>\n    <\/div>","protected":false},"excerpt":{"rendered":"<p>Narval Frost Candy Vib 70 mm on erityisesti suunniteltu hauen, ahvenen ja muiden petokalojen kalastukseen pystytekniikalla. Sen kapea ja painavampi runko varmistaa nopean k\u00e4ynnistyksen ja voimakkaan, selv\u00e4sti havaittavan v\u00e4rin\u00e4n, joka auttaa her\u00e4tt\u00e4m\u00e4\u00e4n kalojen huomion jopa passiivisemmissa olosuhteissa.<\/p>\n","protected":false},"featured_media":68257,"template":"","meta":{"_uag_custom_page_level_css":""},"product_brand":[1153],"product_cat":[1459],"product_tag":[],"class_list":{"0":"post-29169","1":"product","2":"type-product","3":"status-publish","4":"has-post-thumbnail","6":"product_brand-narval","7":"product_cat-frost-candy","8":"pa_brand-narval","9":"pa_pikkus-30-70mm","10":"pa_pikkus-70-100mm","12":"first","13":"instock","14":"taxable","15":"shipping-taxable","16":"purchasable","17":"product-type-simple"},"uagb_featured_image_src":{"full":["https:\/\/e-kalastus.b-cdn.net\/wp-content\/uploads\/2024\/07\/narval-frost-candy-vib-70mm-14g-012-red-head.jpg",250,250,false],"thumbnail":["https:\/\/e-kalastus.b-cdn.net\/wp-content\/uploads\/2024\/07\/narval-frost-candy-vib-70mm-14g-012-red-head-150x150.jpg",150,150,true],"medium":["https:\/\/e-kalastus.b-cdn.net\/wp-content\/uploads\/2024\/07\/narval-frost-candy-vib-70mm-14g-012-red-head-300x300.jpg",300,300,true],"medium_large":["https:\/\/e-kalastus.b-cdn.net\/wp-content\/uploads\/2024\/07\/narval-frost-candy-vib-70mm-14g-012-red-head-768x768.jpg",768,768,true],"large":["https:\/\/e-kalastus.b-cdn.net\/wp-content\/uploads\/2024\/07\/narval-frost-candy-vib-70mm-14g-012-red-head-800x800.jpg",800,800,true],"1536x1536":["https:\/\/e-kalastus.b-cdn.net\/wp-content\/uploads\/2024\/07\/narval-frost-candy-vib-70mm-14g-012-red-head.jpg",250,250,false],"2048x2048":["https:\/\/e-kalastus.b-cdn.net\/wp-content\/uploads\/2024\/07\/narval-frost-candy-vib-70mm-14g-012-red-head.jpg",250,250,false],"woocommerce_thumbnail":["https:\/\/e-kalastus.b-cdn.net\/wp-content\/uploads\/2024\/07\/narval-frost-candy-vib-70mm-14g-012-red-head-768x768.jpg",324,324,true],"woocommerce_single":["https:\/\/e-kalastus.b-cdn.net\/wp-content\/uploads\/2024\/07\/narval-frost-candy-vib-70mm-14g-012-red-head-768x768.jpg",416,416,true],"woocommerce_gallery_thumbnail":["https:\/\/e-kalastus.b-cdn.net\/wp-content\/uploads\/2024\/07\/narval-frost-candy-vib-70mm-14g-012-red-head-100x100.jpg",100,100,true]},"uagb_author_info":{"display_name":"adam.mrozek","author_link":"https:\/\/e-kalastus.ee\/fi\/author\/"},"uagb_comment_info":0,"uagb_excerpt":"Narval Frost Candy Vib 70 mm on erityisesti suunniteltu hauen, ahvenen ja muiden petokalojen kalastukseen pystytekniikalla. Sen kapea ja painavampi runko varmistaa nopean k\u00e4ynnistyksen ja voimakkaan, selv\u00e4sti havaittavan v\u00e4rin\u00e4n, joka auttaa her\u00e4tt\u00e4m\u00e4\u00e4n kalojen huomion jopa passiivisemmissa olosuhteissa.","_links":{"self":[{"href":"https:\/\/e-kalastus.ee\/fi\/wp-json\/wp\/v2\/product\/29169","targetHints":{"allow":["GET"]}}],"collection":[{"href":"https:\/\/e-kalastus.ee\/fi\/wp-json\/wp\/v2\/product"}],"about":[{"href":"https:\/\/e-kalastus.ee\/fi\/wp-json\/wp\/v2\/types\/product"}],"wp:featuredmedia":[{"embeddable":true,"href":"https:\/\/e-kalastus.ee\/fi\/wp-json\/wp\/v2\/media\/68257"}],"wp:attachment":[{"href":"https:\/\/e-kalastus.ee\/fi\/wp-json\/wp\/v2\/media?parent=29169"}],"wp:term":[{"taxonomy":"product_brand","embeddable":true,"href":"https:\/\/e-kalastus.ee\/fi\/wp-json\/wp\/v2\/product_brand?post=29169"},{"taxonomy":"product_cat","embeddable":true,"href":"https:\/\/e-kalastus.ee\/fi\/wp-json\/wp\/v2\/product_cat?post=29169"},{"taxonomy":"product_tag","embeddable":true,"href":"https:\/\/e-kalastus.ee\/fi\/wp-json\/wp\/v2\/product_tag?post=29169"}],"curies":[{"name":"wp","href":"https:\/\/api.w.org\/{rel}","templated":true}]}}