{"id":29151,"date":"2023-11-24T00:23:45","date_gmt":"2023-11-23T22:23:45","guid":{"rendered":"https:\/\/e-kalastus.ee\/toode\/narval-frost-candy-vib-65mm-11g-color-011-orange-holo\/"},"modified":"2026-03-30T15:30:33","modified_gmt":"2026-03-30T12:30:33","slug":"narval-frost-candy-vib-65mm-11g-color-011-orange-holo","status":"publish","type":"product","link":"https:\/\/e-kalastus.ee\/toode\/narval-frost-candy-vib-65mm-11g-color-011-orange-holo\/","title":{"rendered":"Narval Frost Candy VIB  65mm 11g Color #011 Orange Holo"},"content":{"rendered":"<p><\/p>\n<p dir=\"ltr\" style=\"line-height:1.38;margin-top:0pt;margin-bottom:0pt\"><span id=\"docs-internal-guid-e1e8b3db-7fff-fcf6-020d-ad4d256d6b70\"><span style=\"font-size: 11pt;font-family: Arial, sans-serif;background-color: transparent;vertical-align: baseline\">Narval Frost Candy Vib 65\u202fmm on loodud spetsiaalselt koha, ahvena ja teiste kalaliikide p\u00fc\u00fcgiks. Selle kitsas ja raske keha tagab lihtsa k\u00e4ivituse ja hea vibratsiooni, samas kui lai v\u00e4rvivalik, sh UV-aksendid, v\u00f5imaldab kohandada baiti erinevates tingimustes. Saadaval viies suuruses ja erineva kaaluga, paljude v\u00e4rvidega.<\/span><\/span><\/p>\n<div>&nbsp;<\/div>\n<p><\/p>\n\n    <div class=\"xs_social_share_widget xs_share_url after_content \t\tmain_content  wslu-style-1 wslu-share-box-shaped wslu-fill-colored wslu-none wslu-share-horizontal wslu-theme-font-no wslu-main_content\">\n\n\t\t\n        <ul>\n\t\t\t        <\/ul>\n    <\/div>","protected":false},"excerpt":{"rendered":"<p>Narval Frost Candy Vib 65\u202fmm \u2013 kitsas, raske ja vibratsiooniline bait, mitmes suuruses ja v\u00e4rvitoonis, sobib koha ja ahvena p\u00fc\u00fcgiks nii j\u00e4\u00e4 all kui avavees.<\/p>\n","protected":false},"featured_media":68946,"template":"","meta":{"_uag_custom_page_level_css":""},"product_brand":[1153],"product_cat":[1459],"product_tag":[],"class_list":{"0":"post-29151","1":"product","2":"type-product","3":"status-publish","4":"has-post-thumbnail","6":"product_brand-narval","7":"product_cat-frost-candy","8":"pa_brand-narval","9":"pa_pikkus-30-70mm","11":"first","12":"instock","13":"taxable","14":"shipping-taxable","15":"purchasable","16":"product-type-simple"},"uagb_featured_image_src":{"full":["https:\/\/e-kalastus.b-cdn.net\/wp-content\/uploads\/2024\/07\/narval-frost-candy-vib-65-11g-color-011-orange-holo-2.jpg",653,999,false],"thumbnail":["https:\/\/e-kalastus.b-cdn.net\/wp-content\/uploads\/2024\/07\/narval-frost-candy-vib-65-11g-color-011-orange-holo-2-150x150.jpg",150,150,true],"medium":["https:\/\/e-kalastus.b-cdn.net\/wp-content\/uploads\/2024\/07\/narval-frost-candy-vib-65-11g-color-011-orange-holo-2-300x300.jpg",300,300,true],"medium_large":["https:\/\/e-kalastus.b-cdn.net\/wp-content\/uploads\/2024\/07\/narval-frost-candy-vib-65-11g-color-011-orange-holo-2-768x768.jpg",768,768,true],"large":["https:\/\/e-kalastus.b-cdn.net\/wp-content\/uploads\/2024\/07\/narval-frost-candy-vib-65-11g-color-011-orange-holo-2-800x800.jpg",800,800,true],"1536x1536":["https:\/\/e-kalastus.b-cdn.net\/wp-content\/uploads\/2024\/07\/narval-frost-candy-vib-65-11g-color-011-orange-holo-2.jpg",653,999,false],"2048x2048":["https:\/\/e-kalastus.b-cdn.net\/wp-content\/uploads\/2024\/07\/narval-frost-candy-vib-65-11g-color-011-orange-holo-2.jpg",653,999,false],"woocommerce_thumbnail":["https:\/\/e-kalastus.b-cdn.net\/wp-content\/uploads\/2024\/07\/narval-frost-candy-vib-65-11g-color-011-orange-holo-2-768x768.jpg",324,324,true],"woocommerce_single":["https:\/\/e-kalastus.b-cdn.net\/wp-content\/uploads\/2024\/07\/narval-frost-candy-vib-65-11g-color-011-orange-holo-2.jpg",416,636,false],"woocommerce_gallery_thumbnail":["https:\/\/e-kalastus.b-cdn.net\/wp-content\/uploads\/2024\/07\/narval-frost-candy-vib-65-11g-color-011-orange-holo-2-100x100.jpg",100,100,true]},"uagb_author_info":{"display_name":"adam.mrozek","author_link":"https:\/\/e-kalastus.ee\/author\/"},"uagb_comment_info":0,"uagb_excerpt":"Narval Frost Candy Vib 65\u202fmm \u2013 kitsas, raske ja vibratsiooniline bait, mitmes suuruses ja v\u00e4rvitoonis, sobib koha ja ahvena p\u00fc\u00fcgiks nii j\u00e4\u00e4 all kui avavees.","_links":{"self":[{"href":"https:\/\/e-kalastus.ee\/wp-json\/wp\/v2\/product\/29151","targetHints":{"allow":["GET"]}}],"collection":[{"href":"https:\/\/e-kalastus.ee\/wp-json\/wp\/v2\/product"}],"about":[{"href":"https:\/\/e-kalastus.ee\/wp-json\/wp\/v2\/types\/product"}],"wp:featuredmedia":[{"embeddable":true,"href":"https:\/\/e-kalastus.ee\/wp-json\/wp\/v2\/media\/68946"}],"wp:attachment":[{"href":"https:\/\/e-kalastus.ee\/wp-json\/wp\/v2\/media?parent=29151"}],"wp:term":[{"taxonomy":"product_brand","embeddable":true,"href":"https:\/\/e-kalastus.ee\/wp-json\/wp\/v2\/product_brand?post=29151"},{"taxonomy":"product_cat","embeddable":true,"href":"https:\/\/e-kalastus.ee\/wp-json\/wp\/v2\/product_cat?post=29151"},{"taxonomy":"product_tag","embeddable":true,"href":"https:\/\/e-kalastus.ee\/wp-json\/wp\/v2\/product_tag?post=29151"}],"curies":[{"name":"wp","href":"https:\/\/api.w.org\/{rel}","templated":true}]}}