{"id":28968,"date":"2023-11-21T17:16:32","date_gmt":"2023-11-21T15:16:32","guid":{"rendered":"https:\/\/e-kalastus.ee\/toode\/poiklant-kasitoo-slim-mini-30mm-4g-slm5-ilma-konksuta\/"},"modified":"2026-03-30T15:06:22","modified_gmt":"2026-03-30T12:06:22","slug":"poiklant-kasitoo-slim-mini-30mm-4g-slm5-ilma-konksuta","status":"publish","type":"product","link":"https:\/\/e-kalastus.ee\/toode\/poiklant-kasitoo-slim-mini-30mm-4g-slm5-ilma-konksuta\/","title":{"rendered":"P\u00f5iklant k\u00e4sit\u00f6\u00f6 Fat 35mm 4g #033 (ilma konksuta)"},"content":{"rendered":"\n    <div class=\"xs_social_share_widget xs_share_url after_content \t\tmain_content  wslu-style-1 wslu-share-box-shaped wslu-fill-colored wslu-none wslu-share-horizontal wslu-theme-font-no wslu-main_content\">\n\n\t\t\n        <ul>\n\t\t\t        <\/ul>\n    <\/div> \n","protected":false},"excerpt":{"rendered":"","protected":false},"featured_media":130868,"template":"","meta":{"_uag_custom_page_level_css":""},"product_brand":[1525],"product_cat":[1468],"product_tag":[],"class_list":{"0":"post-28968","1":"product","2":"type-product","3":"status-publish","4":"has-post-thumbnail","6":"product_brand-handmade","7":"product_cat-muud-poiklandid","8":"pa_brand-handmade","10":"first","11":"instock","12":"taxable","13":"shipping-taxable","14":"purchasable","15":"product-type-simple"},"uagb_featured_image_src":{"full":["https:\/\/e-kalastus.b-cdn.net\/wp-content\/uploads\/2026\/01\/IMG-0732.jpg",1000,599,false],"thumbnail":["https:\/\/e-kalastus.b-cdn.net\/wp-content\/uploads\/2026\/01\/IMG-0732-150x150.jpg",150,150,true],"medium":["https:\/\/e-kalastus.b-cdn.net\/wp-content\/uploads\/2026\/01\/IMG-0732-300x180.jpg",300,180,true],"medium_large":["https:\/\/e-kalastus.b-cdn.net\/wp-content\/uploads\/2026\/01\/IMG-0732-768x460.jpg",768,460,true],"large":["https:\/\/e-kalastus.b-cdn.net\/wp-content\/uploads\/2026\/01\/IMG-0732-800x479.jpg",800,479,true],"1536x1536":["https:\/\/e-kalastus.b-cdn.net\/wp-content\/uploads\/2026\/01\/IMG-0732.jpg",1000,599,false],"2048x2048":["https:\/\/e-kalastus.b-cdn.net\/wp-content\/uploads\/2026\/01\/IMG-0732.jpg",1000,599,false],"woocommerce_thumbnail":["https:\/\/e-kalastus.b-cdn.net\/wp-content\/uploads\/2026\/01\/IMG-0732-324x324.jpg",324,324,true],"woocommerce_single":["https:\/\/e-kalastus.b-cdn.net\/wp-content\/uploads\/2026\/01\/IMG-0732-416x249.jpg",416,249,true],"woocommerce_gallery_thumbnail":["https:\/\/e-kalastus.b-cdn.net\/wp-content\/uploads\/2026\/01\/IMG-0732-100x100.jpg",100,100,true]},"uagb_author_info":{"display_name":"adam.mrozek","author_link":"https:\/\/e-kalastus.ee\/author\/"},"uagb_comment_info":0,"uagb_excerpt":null,"_links":{"self":[{"href":"https:\/\/e-kalastus.ee\/wp-json\/wp\/v2\/product\/28968","targetHints":{"allow":["GET"]}}],"collection":[{"href":"https:\/\/e-kalastus.ee\/wp-json\/wp\/v2\/product"}],"about":[{"href":"https:\/\/e-kalastus.ee\/wp-json\/wp\/v2\/types\/product"}],"wp:featuredmedia":[{"embeddable":true,"href":"https:\/\/e-kalastus.ee\/wp-json\/wp\/v2\/media\/130868"}],"wp:attachment":[{"href":"https:\/\/e-kalastus.ee\/wp-json\/wp\/v2\/media?parent=28968"}],"wp:term":[{"taxonomy":"product_brand","embeddable":true,"href":"https:\/\/e-kalastus.ee\/wp-json\/wp\/v2\/product_brand?post=28968"},{"taxonomy":"product_cat","embeddable":true,"href":"https:\/\/e-kalastus.ee\/wp-json\/wp\/v2\/product_cat?post=28968"},{"taxonomy":"product_tag","embeddable":true,"href":"https:\/\/e-kalastus.ee\/wp-json\/wp\/v2\/product_tag?post=28968"}],"curies":[{"name":"wp","href":"https:\/\/api.w.org\/{rel}","templated":true}]}}