{"id":25724,"date":"2023-11-05T12:04:13","date_gmt":"2023-11-05T10:04:13","guid":{"rendered":"https:\/\/e-kalastus.ee\/toode\/kostuum-dam-intenze-20-thermal-suit-m\/"},"modified":"2026-04-09T15:12:12","modified_gmt":"2026-04-09T12:12:12","slug":"kostuum-dam-intenze-20-thermal-suit-m","status":"publish","type":"product","link":"https:\/\/e-kalastus.ee\/toode\/kostuum-dam-intenze-20-thermal-suit-m\/","title":{"rendered":"Kost\u00fc\u00fcm DAM Intenze -20 Thermal Suit SIZE M"},"content":{"rendered":"\n    <div class=\"xs_social_share_widget xs_share_url after_content \t\tmain_content  wslu-style-1 wslu-share-box-shaped wslu-fill-colored wslu-none wslu-share-horizontal wslu-theme-font-no wslu-main_content\">\n\n\t\t\n        <ul>\n\t\t\t        <\/ul>\n    <\/div> \n","protected":false},"excerpt":{"rendered":"<p>DAM INTENZE -20C TERMO\u00dcLIKOND<\/p>\n<p>Kui temperatuur langeb, siis ei pea muretsema ,et peate kalastamise l\u00f5petama. Sellel kost\u00fc\u00fcmil on veekindel ja hingav kaheosaline isolatsioon, mis on loodud \u00fclimat soojust silmas pidades. \u00dclikond on paksu 200 g\/m\u00b2 isolatsiooniga, mis hoiab teie kehatemperatuuri k\u00f5rgel, kui v\u00e4listemperatuur langeb. Lisaks sellele, et see \u00fclikond hoiab teid soojas ja kuivas, on see mugavaks muudetud trakside reguleeritavate elastsete rihmade, eemaldatava ja reguleeritava kapuutsi ning reguleeritavate k\u00e4tistega. Seda k\u00f5ike sellise hinnaga, mida te nii t\u00f5husa \u00fclikonna eest ei ootaks.<\/p>\n<p>\u2022Veekindel (8000mm) ja hingav (800mvp) TPU membraan 100% pol\u00fcesterkangas DWR viimistlusega<br \/>\n\u2022 200 gsm isolatsioon suurep\u00e4raseks soojuseks<br \/>\n\u2022Eemaldatav ja reguleeritav kapuuts<br \/>\n\u2022Kolm lukuga taskut<br \/>\n\u2022Rinnal ja traksidel on reguleeritavad elastsed rihmad hea istuvuse tagamiseks<br \/>\n\u2022Ees suur kahesuunaline t\u00f5mblukk<br \/>\n\u2022S\u00e4\u00e4rtes pikad t\u00f5mblukud ja takjakinnis<\/p>\n","protected":false},"featured_media":71835,"template":"","meta":{"_uag_custom_page_level_css":""},"product_brand":[1542],"product_cat":[1218],"product_tag":[],"class_list":{"0":"post-25724","1":"product","2":"type-product","3":"status-publish","4":"has-post-thumbnail","6":"product_brand-dam","7":"product_cat-kostuumid","8":"pa_brand-dam","10":"first","11":"instock","12":"sale","13":"taxable","14":"shipping-taxable","15":"purchasable","16":"product-type-simple"},"uagb_featured_image_src":{"full":["https:\/\/e-kalastus.b-cdn.net\/wp-content\/uploads\/2024\/07\/dam-intenze-20-thermal-suit-xxl-dark-shadow-blue-4.jpg",1000,1000,false],"thumbnail":["https:\/\/e-kalastus.b-cdn.net\/wp-content\/uploads\/2024\/07\/dam-intenze-20-thermal-suit-xxl-dark-shadow-blue-4-150x150.jpg",150,150,true],"medium":["https:\/\/e-kalastus.b-cdn.net\/wp-content\/uploads\/2024\/07\/dam-intenze-20-thermal-suit-xxl-dark-shadow-blue-4-300x300.jpg",300,300,true],"medium_large":["https:\/\/e-kalastus.b-cdn.net\/wp-content\/uploads\/2024\/07\/dam-intenze-20-thermal-suit-xxl-dark-shadow-blue-4-768x768.jpg",768,768,true],"large":["https:\/\/e-kalastus.b-cdn.net\/wp-content\/uploads\/2024\/07\/dam-intenze-20-thermal-suit-xxl-dark-shadow-blue-4-800x800.jpg",800,800,true],"1536x1536":["https:\/\/e-kalastus.b-cdn.net\/wp-content\/uploads\/2024\/07\/dam-intenze-20-thermal-suit-xxl-dark-shadow-blue-4.jpg",1000,1000,false],"2048x2048":["https:\/\/e-kalastus.b-cdn.net\/wp-content\/uploads\/2024\/07\/dam-intenze-20-thermal-suit-xxl-dark-shadow-blue-4.jpg",1000,1000,false],"woocommerce_thumbnail":["https:\/\/e-kalastus.b-cdn.net\/wp-content\/uploads\/2024\/07\/dam-intenze-20-thermal-suit-xxl-dark-shadow-blue-4-768x768.jpg",324,324,true],"woocommerce_single":["https:\/\/e-kalastus.b-cdn.net\/wp-content\/uploads\/2024\/07\/dam-intenze-20-thermal-suit-xxl-dark-shadow-blue-4-768x768.jpg",416,416,true],"woocommerce_gallery_thumbnail":["https:\/\/e-kalastus.b-cdn.net\/wp-content\/uploads\/2024\/07\/dam-intenze-20-thermal-suit-xxl-dark-shadow-blue-4-100x100.jpg",100,100,true]},"uagb_author_info":{"display_name":"adam.mrozek","author_link":"https:\/\/e-kalastus.ee\/author\/"},"uagb_comment_info":0,"uagb_excerpt":"DAM INTENZE -20C TERMO\u00dcLIKOND Kui temperatuur langeb, siis ei pea muretsema ,et peate kalastamise l\u00f5petama. Sellel kost\u00fc\u00fcmil on veekindel ja hingav kaheosaline isolatsioon, mis on loodud \u00fclimat soojust silmas pidades. \u00dclikond on paksu 200 g\/m\u00b2 isolatsiooniga, mis hoiab teie kehatemperatuuri k\u00f5rgel, kui v\u00e4listemperatuur langeb. Lisaks sellele, et see \u00fclikond hoiab teid soojas ja kuivas, on&hellip;","_links":{"self":[{"href":"https:\/\/e-kalastus.ee\/wp-json\/wp\/v2\/product\/25724","targetHints":{"allow":["GET"]}}],"collection":[{"href":"https:\/\/e-kalastus.ee\/wp-json\/wp\/v2\/product"}],"about":[{"href":"https:\/\/e-kalastus.ee\/wp-json\/wp\/v2\/types\/product"}],"wp:featuredmedia":[{"embeddable":true,"href":"https:\/\/e-kalastus.ee\/wp-json\/wp\/v2\/media\/71835"}],"wp:attachment":[{"href":"https:\/\/e-kalastus.ee\/wp-json\/wp\/v2\/media?parent=25724"}],"wp:term":[{"taxonomy":"product_brand","embeddable":true,"href":"https:\/\/e-kalastus.ee\/wp-json\/wp\/v2\/product_brand?post=25724"},{"taxonomy":"product_cat","embeddable":true,"href":"https:\/\/e-kalastus.ee\/wp-json\/wp\/v2\/product_cat?post=25724"},{"taxonomy":"product_tag","embeddable":true,"href":"https:\/\/e-kalastus.ee\/wp-json\/wp\/v2\/product_tag?post=25724"}],"curies":[{"name":"wp","href":"https:\/\/api.w.org\/{rel}","templated":true}]}}