{"id":2545,"date":"2023-08-15T13:56:45","date_gmt":"2023-08-15T10:56:45","guid":{"rendered":"https:\/\/e-kalastus.ee\/toode\/soepesu-remington-suit-alabama-proffesional-dark-olive-l\/"},"modified":"2026-04-16T16:46:58","modified_gmt":"2026-04-16T13:46:58","slug":"soepesu-remington-suit-alabama-proffesional-dark-olive-l","status":"publish","type":"product","link":"https:\/\/e-kalastus.ee\/fi\/tuotteet\/remington-alabama-professional-dark-olive-puku-koko-l\/","title":{"rendered":"Remington Alabama Professional Dark Olive Puku KOKO L"},"content":{"rendered":"\n    <div class=\"xs_social_share_widget xs_share_url after_content \t\tmain_content  wslu-style-1 wslu-share-box-shaped wslu-fill-colored wslu-none wslu-share-horizontal wslu-theme-font-no wslu-main_content\">\n\n\t\t\n        <ul>\n\t\t\t        <\/ul>\n    <\/div> \n","protected":false},"excerpt":{"rendered":"<p>Monik\u00e4ytt\u00f6inen vaatetus l\u00e4mpim\u00e4mm\u00e4lle s\u00e4\u00e4lle.<\/p>\n<p>Remingtonin ammattimainen Alabama-sarja on kevyt ja joustava. Hyv\u00e4 vaatetus kalastukseen, varhaiselle syysmyrskylle, aktiiviseen liikkumiseen tai yksinkertaisesti vapaa-ajan vaatetukseksi. Toimii my\u00f6s pohjakerroksena kylm\u00e4ll\u00e4 s\u00e4\u00e4ll\u00e4. Pukuun kuuluu housut ja takki. V\u00e4ri on tumma oliivi.<\/p>\n<p>Takki hihoissa ja helman alla on joustavat mansetit.<br \/>\nTakissa on 2 etutaskua vetoketjulla.<br \/>\nHuppu<br \/>\nHousuissa on vetoketju ja joustava vy\u00f6t\u00e4r\u00f6nauha.<br \/>\nLis\u00e4ksi vetoketju ja nappi vy\u00f6t\u00e4r\u00f6kohdassa helpottavat pukemista.<br \/>\nS\u00e4\u00e4rien alaosassa joustavat mansetit.<br \/>\nHousuissa on 2 etutaskua vetoketjulla.<br \/>\nPehme\u00e4 sis\u00e4vuori, joka tuntuu miellytt\u00e4v\u00e4lt\u00e4 ihoa vasten.<br \/>\nHylkii vett\u00e4 ja likaa.<br \/>\nValmistettu kevyest\u00e4 ja hengitt\u00e4v\u00e4st\u00e4 materiaalista.<br \/>\n95 polyesteri 5 spandex.<\/p>\n","protected":false},"featured_media":64409,"template":"","meta":{"_uag_custom_page_level_css":""},"product_brand":[1654],"product_cat":[1218],"product_tag":[],"class_list":{"0":"post-2545","1":"product","2":"type-product","3":"status-publish","4":"has-post-thumbnail","6":"product_brand-remington","7":"product_cat-kostuumid","8":"pa_brand-remington","10":"first","11":"instock","12":"sale","13":"taxable","14":"shipping-taxable","15":"purchasable","16":"product-type-simple"},"uagb_featured_image_src":{"full":["https:\/\/e-kalastus.b-cdn.net\/wp-content\/uploads\/2024\/07\/3950001287801-05f8a27a18290ccd3085d5d8bbc90c45-1.jpg",999,999,false],"thumbnail":["https:\/\/e-kalastus.b-cdn.net\/wp-content\/uploads\/2024\/07\/3950001287801-05f8a27a18290ccd3085d5d8bbc90c45-1-150x150.jpg",150,150,true],"medium":["https:\/\/e-kalastus.b-cdn.net\/wp-content\/uploads\/2024\/07\/3950001287801-05f8a27a18290ccd3085d5d8bbc90c45-1-300x300.jpg",300,300,true],"medium_large":["https:\/\/e-kalastus.b-cdn.net\/wp-content\/uploads\/2024\/07\/3950001287801-05f8a27a18290ccd3085d5d8bbc90c45-1-768x768.jpg",768,768,true],"large":["https:\/\/e-kalastus.b-cdn.net\/wp-content\/uploads\/2024\/07\/3950001287801-05f8a27a18290ccd3085d5d8bbc90c45-1-800x800.jpg",800,800,true],"1536x1536":["https:\/\/e-kalastus.b-cdn.net\/wp-content\/uploads\/2024\/07\/3950001287801-05f8a27a18290ccd3085d5d8bbc90c45-1.jpg",999,999,false],"2048x2048":["https:\/\/e-kalastus.b-cdn.net\/wp-content\/uploads\/2024\/07\/3950001287801-05f8a27a18290ccd3085d5d8bbc90c45-1.jpg",999,999,false],"woocommerce_thumbnail":["https:\/\/e-kalastus.b-cdn.net\/wp-content\/uploads\/2024\/07\/3950001287801-05f8a27a18290ccd3085d5d8bbc90c45-1-768x768.jpg",324,324,true],"woocommerce_single":["https:\/\/e-kalastus.b-cdn.net\/wp-content\/uploads\/2024\/07\/3950001287801-05f8a27a18290ccd3085d5d8bbc90c45-1-768x768.jpg",416,416,true],"woocommerce_gallery_thumbnail":["https:\/\/e-kalastus.b-cdn.net\/wp-content\/uploads\/2024\/07\/3950001287801-05f8a27a18290ccd3085d5d8bbc90c45-1-100x100.jpg",100,100,true]},"uagb_author_info":{"display_name":"adam.mrozek","author_link":"https:\/\/e-kalastus.ee\/fi\/author\/"},"uagb_comment_info":0,"uagb_excerpt":"Monik\u00e4ytt\u00f6inen vaatetus l\u00e4mpim\u00e4mm\u00e4lle s\u00e4\u00e4lle. Remingtonin ammattimainen Alabama-sarja on kevyt ja joustava. Hyv\u00e4 vaatetus kalastukseen, varhaiselle syysmyrskylle, aktiiviseen liikkumiseen tai yksinkertaisesti vapaa-ajan vaatetukseksi. Toimii my\u00f6s pohjakerroksena kylm\u00e4ll\u00e4 s\u00e4\u00e4ll\u00e4. Pukuun kuuluu housut ja takki. V\u00e4ri on tumma oliivi. Takki hihoissa ja helman alla on joustavat mansetit. Takissa on 2 etutaskua vetoketjulla. Huppu Housuissa on vetoketju ja joustava&hellip;","_links":{"self":[{"href":"https:\/\/e-kalastus.ee\/fi\/wp-json\/wp\/v2\/product\/2545","targetHints":{"allow":["GET"]}}],"collection":[{"href":"https:\/\/e-kalastus.ee\/fi\/wp-json\/wp\/v2\/product"}],"about":[{"href":"https:\/\/e-kalastus.ee\/fi\/wp-json\/wp\/v2\/types\/product"}],"wp:featuredmedia":[{"embeddable":true,"href":"https:\/\/e-kalastus.ee\/fi\/wp-json\/wp\/v2\/media\/64409"}],"wp:attachment":[{"href":"https:\/\/e-kalastus.ee\/fi\/wp-json\/wp\/v2\/media?parent=2545"}],"wp:term":[{"taxonomy":"product_brand","embeddable":true,"href":"https:\/\/e-kalastus.ee\/fi\/wp-json\/wp\/v2\/product_brand?post=2545"},{"taxonomy":"product_cat","embeddable":true,"href":"https:\/\/e-kalastus.ee\/fi\/wp-json\/wp\/v2\/product_cat?post=2545"},{"taxonomy":"product_tag","embeddable":true,"href":"https:\/\/e-kalastus.ee\/fi\/wp-json\/wp\/v2\/product_tag?post=2545"}],"curies":[{"name":"wp","href":"https:\/\/api.w.org\/{rel}","templated":true}]}}