{"id":25005,"date":"2023-10-30T15:10:22","date_gmt":"2023-10-30T13:10:22","guid":{"rendered":"https:\/\/e-kalastus.ee\/toode\/jaapuur-tonar-icberg-euro-130mm\/"},"modified":"2026-04-16T15:31:45","modified_gmt":"2026-04-16T12:31:45","slug":"jaapuur-tonar-icberg-euro-130mm","status":"publish","type":"product","link":"https:\/\/e-kalastus.ee\/toode\/jaapuur-tonar-icberg-euro-130mm\/","title":{"rendered":"J\u00e4\u00e4puur Tonar Iceberg EURO 130mm"},"content":{"rendered":"\n    <div class=\"xs_social_share_widget xs_share_url after_content \t\tmain_content  wslu-style-1 wslu-share-box-shaped wslu-fill-colored wslu-none wslu-share-horizontal wslu-theme-font-no wslu-main_content\">\n\n\t\t\n        <ul>\n\t\t\t        <\/ul>\n    <\/div> \n","protected":false},"excerpt":{"rendered":"<p>J\u00e4\u00e4puur 130 mm. Reguleeritav k\u00e4epideme k\u00f5rgus. Puurimiss\u00fcgavus kuni 1336 mm. Pikkus t\u00f6\u00f6asendis 1632 &#8211; 1832 mm. Kaal 3,4 kg. P\u00e4rip\u00e4eva keeramine. Sobib kasutamiseks koos akutrelli adapteriga.<\/p>\n<p>&#8211; Suurep\u00e4rane teraskonstruktsioon<br \/>\n&#8211; Ergonoomiline disain<br \/>\n&#8211; Patenteeritud kiirlukustusk\u00e4epideme mehhanism hoiab \u00e4ra tagasil\u00f6\u00f6gi<br \/>\n&#8211; Reguleeritav teleskoopk\u00e4epide vajaliku j\u00e4\u00e4 paksuse jaoks<br \/>\n&#8211; Kummiga kaetud mugavad k\u00e4epidemed<br \/>\n&#8211; Tugevdatud komposiitmaterjalist eemaldatav l\u00f5ikepea<br \/>\n&#8211; Poolringikujulised \u00fcliteravad l\u00f5iketerad, mis on valmistatud spetsiaalselt karastatud terasest<br \/>\n&#8211; K\u00e4epide on h\u00f5lpsasti kokkupandav transportimiseks ja ladustamiseks<\/p>\n","protected":false},"featured_media":67406,"template":"","meta":{"_uag_custom_page_level_css":""},"product_brand":[1541],"product_cat":[1172],"product_tag":[],"class_list":{"0":"post-25005","1":"product","2":"type-product","3":"status-publish","4":"has-post-thumbnail","6":"product_brand-tonar","7":"product_cat-jaapuurid-ja-terad","8":"product_shipping_class-suur","9":"pa_brand-tonar","10":"pa_pikkus-130-150mm","12":"first","13":"outofstock","14":"taxable","15":"shipping-taxable","16":"purchasable","17":"product-type-simple"},"uagb_featured_image_src":{"full":["https:\/\/e-kalastus.b-cdn.net\/wp-content\/uploads\/2024\/07\/B-162285.jpg",1000,272,false],"thumbnail":["https:\/\/e-kalastus.b-cdn.net\/wp-content\/uploads\/2024\/07\/B-162285-150x150.jpg",150,150,true],"medium":["https:\/\/e-kalastus.b-cdn.net\/wp-content\/uploads\/2024\/07\/B-162285-300x300.jpg",300,300,true],"medium_large":["https:\/\/e-kalastus.b-cdn.net\/wp-content\/uploads\/2024\/07\/B-162285-768x768.jpg",768,768,true],"large":["https:\/\/e-kalastus.b-cdn.net\/wp-content\/uploads\/2024\/07\/B-162285-800x800.jpg",800,800,true],"1536x1536":["https:\/\/e-kalastus.b-cdn.net\/wp-content\/uploads\/2024\/07\/B-162285.jpg",1000,272,false],"2048x2048":["https:\/\/e-kalastus.b-cdn.net\/wp-content\/uploads\/2024\/07\/B-162285.jpg",1000,272,false],"woocommerce_thumbnail":["https:\/\/e-kalastus.b-cdn.net\/wp-content\/uploads\/2024\/07\/B-162285-768x768.jpg",324,324,true],"woocommerce_single":["https:\/\/e-kalastus.b-cdn.net\/wp-content\/uploads\/2024\/07\/B-162285.jpg",416,113,false],"woocommerce_gallery_thumbnail":["https:\/\/e-kalastus.b-cdn.net\/wp-content\/uploads\/2024\/07\/B-162285-100x100.jpg",100,100,true]},"uagb_author_info":{"display_name":"adam.mrozek","author_link":"https:\/\/e-kalastus.ee\/author\/"},"uagb_comment_info":0,"uagb_excerpt":"J\u00e4\u00e4puur 130 mm. Reguleeritav k\u00e4epideme k\u00f5rgus. Puurimiss\u00fcgavus kuni 1336 mm. Pikkus t\u00f6\u00f6asendis 1632 - 1832 mm. Kaal 3,4 kg. P\u00e4rip\u00e4eva keeramine. Sobib kasutamiseks koos akutrelli adapteriga. - Suurep\u00e4rane teraskonstruktsioon - Ergonoomiline disain - Patenteeritud kiirlukustusk\u00e4epideme mehhanism hoiab \u00e4ra tagasil\u00f6\u00f6gi - Reguleeritav teleskoopk\u00e4epide vajaliku j\u00e4\u00e4 paksuse jaoks - Kummiga kaetud mugavad k\u00e4epidemed - Tugevdatud komposiitmaterjalist eemaldatav&hellip;","_links":{"self":[{"href":"https:\/\/e-kalastus.ee\/wp-json\/wp\/v2\/product\/25005","targetHints":{"allow":["GET"]}}],"collection":[{"href":"https:\/\/e-kalastus.ee\/wp-json\/wp\/v2\/product"}],"about":[{"href":"https:\/\/e-kalastus.ee\/wp-json\/wp\/v2\/types\/product"}],"wp:featuredmedia":[{"embeddable":true,"href":"https:\/\/e-kalastus.ee\/wp-json\/wp\/v2\/media\/67406"}],"wp:attachment":[{"href":"https:\/\/e-kalastus.ee\/wp-json\/wp\/v2\/media?parent=25005"}],"wp:term":[{"taxonomy":"product_brand","embeddable":true,"href":"https:\/\/e-kalastus.ee\/wp-json\/wp\/v2\/product_brand?post=25005"},{"taxonomy":"product_cat","embeddable":true,"href":"https:\/\/e-kalastus.ee\/wp-json\/wp\/v2\/product_cat?post=25005"},{"taxonomy":"product_tag","embeddable":true,"href":"https:\/\/e-kalastus.ee\/wp-json\/wp\/v2\/product_tag?post=25005"}],"curies":[{"name":"wp","href":"https:\/\/api.w.org\/{rel}","templated":true}]}}