{"id":2285,"date":"2023-08-14T14:11:46","date_gmt":"2023-08-14T11:11:46","guid":{"rendered":"https:\/\/e-kalastus.ee\/toode\/silikoon-narval-choppy-tail-10-black-lime-045-10cm-5tk\/"},"modified":"2026-04-16T16:20:42","modified_gmt":"2026-04-16T13:20:42","slug":"silikoon-narval-choppy-tail-10-black-lime-045-10cm-5tk","status":"publish","type":"product","link":"https:\/\/e-kalastus.ee\/fi\/tuotteet\/silikoniviehe-narval-choppy-tail-10-black-lime-045-10cm-5kpl\/","title":{"rendered":"Narval Choppy Tail 10cm 5kpl #045 Black Lime"},"content":{"rendered":"<p><\/p>\n<p><strong>&#8221;Levoton pyrst\u00f6&#8221; eli Choppy Tail<\/strong> \u2013 nimi, joka kuvaa t\u00e4m\u00e4n vieheen dynaamista peli\u00e4. Suhteettoman raskas pyrst\u00f6siipi ohuen rungon suhteen keinuu kauniisti ja k\u00e4\u00e4ntyy yl\u00f6sp\u00e4in, joskus toiselta, joskus toiselta puolelta. Syntyv\u00e4t voimakkaat v\u00e4r\u00e4htelyt levi\u00e4v\u00e4t kauas vesialueelle. Peli pysyy vakaana sek\u00e4 virtauksen ollessa ett\u00e4 puuttuessa.<\/p>\n<p>T\u00e4ss\u00e4 esitell\u00e4\u00e4n malli <strong>Narval Choppy Tail 100<\/strong>. Sen pituus on 10 cm ja paino 5,9 g. V\u00e4rin\u00e4pyrst\u00f6 alkaa toimia v\u00e4litt\u00f6m\u00e4sti veden varaan putoamisen j\u00e4lkeen. Saaliin \u2013 kuten hauen, ahvenen tai kuha \u2013 nopeaan l\u00f6yt\u00e4miseen kehitt\u00e4j\u00e4t suosittelevat nivelletty\u00e4 kokoonpanoa ja porrastettua animaatiota. Suuret painot ja hyppelytekniikka auttavat kalastamaan syvempi\u00e4 kohtia.<\/p>\n<p>P\u00e4\u00e4asialliset &#8221;ty\u00f6moduulit&#8221;: jigikoukku, t\u0161ebura\u0161ka ja offset-koukku.<\/p>\n<p><\/p>\n\n    <div class=\"xs_social_share_widget xs_share_url after_content \t\tmain_content  wslu-style-1 wslu-share-box-shaped wslu-fill-colored wslu-none wslu-share-horizontal wslu-theme-font-no wslu-main_content\">\n\n\t\t\n        <ul>\n\t\t\t        <\/ul>\n    <\/div>","protected":false},"excerpt":{"rendered":"<p>Narval Choppy Tail 100 on 10 cm ja 5,9 g v\u00e4rin\u00e4pyrst\u00f6viehe, jonka dynaaminen peli ja voimakkaat v\u00e4r\u00e4htelyt houkuttelevat haukea, ahventa ja kuhaa, ja toimivat hyvin sek\u00e4 virtauksessa ett\u00e4 seisovassa vedess\u00e4.<\/p>\n","protected":false},"featured_media":71298,"template":"","meta":{"_uag_custom_page_level_css":""},"product_brand":[1153],"product_cat":[1366],"product_tag":[],"class_list":{"0":"post-2285","1":"product","2":"type-product","3":"status-publish","4":"has-post-thumbnail","6":"product_brand-narval","7":"product_cat-choppy-tail","8":"pa_brand-narval","9":"pa_pikkus-10-15-2cm","11":"first","12":"instock","13":"taxable","14":"shipping-taxable","15":"purchasable","16":"product-type-simple"},"uagb_featured_image_src":{"full":["https:\/\/e-kalastus.b-cdn.net\/wp-content\/uploads\/2024\/07\/Unknown-2-117.jpg",225,225,false],"thumbnail":["https:\/\/e-kalastus.b-cdn.net\/wp-content\/uploads\/2024\/07\/Unknown-2-117-150x150.jpg",150,150,true],"medium":["https:\/\/e-kalastus.b-cdn.net\/wp-content\/uploads\/2024\/07\/Unknown-2-117-300x300.jpg",300,300,true],"medium_large":["https:\/\/e-kalastus.b-cdn.net\/wp-content\/uploads\/2024\/07\/Unknown-2-117-768x768.jpg",768,768,true],"large":["https:\/\/e-kalastus.b-cdn.net\/wp-content\/uploads\/2024\/07\/Unknown-2-117-800x800.jpg",800,800,true],"1536x1536":["https:\/\/e-kalastus.b-cdn.net\/wp-content\/uploads\/2024\/07\/Unknown-2-117.jpg",225,225,false],"2048x2048":["https:\/\/e-kalastus.b-cdn.net\/wp-content\/uploads\/2024\/07\/Unknown-2-117.jpg",225,225,false],"woocommerce_thumbnail":["https:\/\/e-kalastus.b-cdn.net\/wp-content\/uploads\/2024\/07\/Unknown-2-117-768x768.jpg",324,324,true],"woocommerce_single":["https:\/\/e-kalastus.b-cdn.net\/wp-content\/uploads\/2024\/07\/Unknown-2-117-768x768.jpg",416,416,true],"woocommerce_gallery_thumbnail":["https:\/\/e-kalastus.b-cdn.net\/wp-content\/uploads\/2024\/07\/Unknown-2-117-100x100.jpg",100,100,true]},"uagb_author_info":{"display_name":"adam.mrozek","author_link":"https:\/\/e-kalastus.ee\/fi\/author\/"},"uagb_comment_info":0,"uagb_excerpt":"Narval Choppy Tail 100 on 10 cm ja 5,9 g v\u00e4rin\u00e4pyrst\u00f6viehe, jonka dynaaminen peli ja voimakkaat v\u00e4r\u00e4htelyt houkuttelevat haukea, ahventa ja kuhaa, ja toimivat hyvin sek\u00e4 virtauksessa ett\u00e4 seisovassa vedess\u00e4.","_links":{"self":[{"href":"https:\/\/e-kalastus.ee\/fi\/wp-json\/wp\/v2\/product\/2285","targetHints":{"allow":["GET"]}}],"collection":[{"href":"https:\/\/e-kalastus.ee\/fi\/wp-json\/wp\/v2\/product"}],"about":[{"href":"https:\/\/e-kalastus.ee\/fi\/wp-json\/wp\/v2\/types\/product"}],"wp:featuredmedia":[{"embeddable":true,"href":"https:\/\/e-kalastus.ee\/fi\/wp-json\/wp\/v2\/media\/71298"}],"wp:attachment":[{"href":"https:\/\/e-kalastus.ee\/fi\/wp-json\/wp\/v2\/media?parent=2285"}],"wp:term":[{"taxonomy":"product_brand","embeddable":true,"href":"https:\/\/e-kalastus.ee\/fi\/wp-json\/wp\/v2\/product_brand?post=2285"},{"taxonomy":"product_cat","embeddable":true,"href":"https:\/\/e-kalastus.ee\/fi\/wp-json\/wp\/v2\/product_cat?post=2285"},{"taxonomy":"product_tag","embeddable":true,"href":"https:\/\/e-kalastus.ee\/fi\/wp-json\/wp\/v2\/product_tag?post=2285"}],"curies":[{"name":"wp","href":"https:\/\/api.w.org\/{rel}","templated":true}]}}