{"id":22618,"date":"2023-10-10T12:30:27","date_gmt":"2023-10-10T09:30:27","guid":{"rendered":"https:\/\/e-kalastus.ee\/toode\/feeder-golden-catch-stelios-competition-36m-test-75g\/"},"modified":"2026-03-30T16:13:27","modified_gmt":"2026-03-30T13:13:27","slug":"feeder-golden-catch-stelios-competition-36m-test-75g","status":"publish","type":"product","link":"https:\/\/e-kalastus.ee\/toode\/feeder-golden-catch-stelios-competition-36m-test-75g\/","title":{"rendered":"Golden Catch Stelios Competition 3,6m test 75g"},"content":{"rendered":"<p>Tehnilised omadused:<br \/>\n\u2013 Tootja: Golden Catch<br \/>\n\u2013 T\u00fc\u00fcp: feeder\u00f5ng<br \/>\n\u2013 Konstruktsioon: mitmeosaline<br \/>\n\u2013 Materjal: s\u00fcsinik (grafiit)<br \/>\n\u2013 R\u00f5ngad: Sea Guide, SiC sisuga<br \/>\n\u2013 K\u00e4epide: EVA ja kork<\/p>\n\n    <div class=\"xs_social_share_widget xs_share_url after_content \t\tmain_content  wslu-style-1 wslu-share-box-shaped wslu-fill-colored wslu-none wslu-share-horizontal wslu-theme-font-no wslu-main_content\">\n\n\t\t\n        <ul>\n\t\t\t        <\/ul>\n    <\/div>","protected":false},"excerpt":{"rendered":"<p>Golden Catch Stelios Competition Feeder on feeder\u00f5ngede seeria, mis on loodud kalastajatele, kes hindavad nii mugavust kui ka esteetilist p\u00fc\u00fcgikogemust. Ridvad v\u00f5imaldavad nautida kala v\u00e4sitamist t\u00e4nu sujuvale ja kontrollitud t\u00f6\u00f6le.<\/p>\n<p>Competition-seeria ridvad on &#8220;semi-parabolic&#8221; ning sobivad p\u00fc\u00fcgiks j\u00e4rvedel, paisj\u00e4rvedel ja n\u00f5rga vooluga j\u00f5gedel.<\/p>\n","protected":false},"featured_media":68521,"template":"","meta":{"_uag_custom_page_level_css":""},"product_brand":[1561],"product_cat":[1491],"product_tag":[],"class_list":{"0":"post-22618","1":"product","2":"type-product","3":"status-publish","4":"has-post-thumbnail","6":"product_brand-golden-catch","7":"product_cat-golden-catch-feederridvad","8":"product_shipping_class-suur","9":"pa_brand-golden-catch","10":"pa_pikkus-3-m","11":"pa_test-70-90g","13":"first","14":"instock","15":"sale","16":"taxable","17":"shipping-taxable","18":"purchasable","19":"product-type-simple"},"uagb_featured_image_src":{"full":["https:\/\/e-kalastus.b-cdn.net\/wp-content\/uploads\/2024\/07\/Nimetu-kujundus-68-54.png",1000,1000,false],"thumbnail":["https:\/\/e-kalastus.b-cdn.net\/wp-content\/uploads\/2024\/07\/Nimetu-kujundus-68-54-150x150.png.jpg",150,150,true],"medium":["https:\/\/e-kalastus.b-cdn.net\/wp-content\/uploads\/2024\/07\/Nimetu-kujundus-68-54-300x300.png.jpg",300,300,true],"medium_large":["https:\/\/e-kalastus.b-cdn.net\/wp-content\/uploads\/2024\/07\/Nimetu-kujundus-68-54-768x768.png.jpg",768,768,true],"large":["https:\/\/e-kalastus.b-cdn.net\/wp-content\/uploads\/2024\/07\/Nimetu-kujundus-68-54-800x800.png.jpg",800,800,true],"1536x1536":["https:\/\/e-kalastus.b-cdn.net\/wp-content\/uploads\/2024\/07\/Nimetu-kujundus-68-54.png",1000,1000,false],"2048x2048":["https:\/\/e-kalastus.b-cdn.net\/wp-content\/uploads\/2024\/07\/Nimetu-kujundus-68-54.png",1000,1000,false],"woocommerce_thumbnail":["https:\/\/e-kalastus.b-cdn.net\/wp-content\/uploads\/2024\/07\/Nimetu-kujundus-68-54-768x768.png.jpg",324,324,true],"woocommerce_single":["https:\/\/e-kalastus.b-cdn.net\/wp-content\/uploads\/2024\/07\/Nimetu-kujundus-68-54-768x768.png.jpg",416,416,true],"woocommerce_gallery_thumbnail":["https:\/\/e-kalastus.b-cdn.net\/wp-content\/uploads\/2024\/07\/Nimetu-kujundus-68-54-100x100.png.jpg",100,100,true]},"uagb_author_info":{"display_name":"adam.mrozek","author_link":"https:\/\/e-kalastus.ee\/author\/"},"uagb_comment_info":0,"uagb_excerpt":"Golden Catch Stelios Competition Feeder on feeder\u00f5ngede seeria, mis on loodud kalastajatele, kes hindavad nii mugavust kui ka esteetilist p\u00fc\u00fcgikogemust. Ridvad v\u00f5imaldavad nautida kala v\u00e4sitamist t\u00e4nu sujuvale ja kontrollitud t\u00f6\u00f6le. Competition-seeria ridvad on \"semi-parabolic\" ning sobivad p\u00fc\u00fcgiks j\u00e4rvedel, paisj\u00e4rvedel ja n\u00f5rga vooluga j\u00f5gedel.","_links":{"self":[{"href":"https:\/\/e-kalastus.ee\/wp-json\/wp\/v2\/product\/22618","targetHints":{"allow":["GET"]}}],"collection":[{"href":"https:\/\/e-kalastus.ee\/wp-json\/wp\/v2\/product"}],"about":[{"href":"https:\/\/e-kalastus.ee\/wp-json\/wp\/v2\/types\/product"}],"wp:featuredmedia":[{"embeddable":true,"href":"https:\/\/e-kalastus.ee\/wp-json\/wp\/v2\/media\/68521"}],"wp:attachment":[{"href":"https:\/\/e-kalastus.ee\/wp-json\/wp\/v2\/media?parent=22618"}],"wp:term":[{"taxonomy":"product_brand","embeddable":true,"href":"https:\/\/e-kalastus.ee\/wp-json\/wp\/v2\/product_brand?post=22618"},{"taxonomy":"product_cat","embeddable":true,"href":"https:\/\/e-kalastus.ee\/wp-json\/wp\/v2\/product_cat?post=22618"},{"taxonomy":"product_tag","embeddable":true,"href":"https:\/\/e-kalastus.ee\/wp-json\/wp\/v2\/product_tag?post=22618"}],"curies":[{"name":"wp","href":"https:\/\/api.w.org\/{rel}","templated":true}]}}