{"id":2260,"date":"2023-08-14T13:56:52","date_gmt":"2023-08-14T10:56:52","guid":{"rendered":"https:\/\/e-kalastus.ee\/toode\/silikoon-narval-biggy-boy-23-sparkling-shad-043-23cm-1tk\/"},"modified":"2026-04-20T19:46:31","modified_gmt":"2026-04-20T16:46:31","slug":"silikoon-narval-biggy-boy-23-sparkling-shad-043-23cm-1tk","status":"publish","type":"product","link":"https:\/\/e-kalastus.ee\/fi\/tuotteet\/silikoniviehe-narval-biggy-boy-23-sparkling-shad-043-23cm-1kpl\/","title":{"rendered":"Narval Biggy Boy 23cm 113g 1kpl #043 Sparkling Shad"},"content":{"rendered":"<p><\/p>\n<p>Mink\u00e4 vieheen suositella isolle hauelle? Moni kalastaja etsii vastausta t\u00e4h\u00e4n kysymykseen, erityisesti ne, jotka osallistuvat kilpailuihin ja haluavat saada trofeekalan. Saman kysymyksen esitti itselleen yksi vahvimmista heittokalastajista, Andrey T\u0161ulanov, joka vietti monia tunteja ja p\u00e4ivi\u00e4 vedess\u00e4 analysoidakseen my\u00f6hemmin hauen reaktioita eri muotoisiin ja tyyppisiin vieheisiin ja aloittaakseen oman mallinsa kehitt\u00e4misen. &#8221;Biggy Boyn&#8221; luomisessa h\u00e4n teki lukuisia kokeita vedess\u00e4, muuttaen vieheen muotoa, kunnes lopulta Andrey T\u0161ulanovin ja Nikolai Aleksejevin tiimi osoitti uuden &#8221;sala-aseen&#8221; voiman &#8221;PAL 2021&#8221;:n toisessa vaiheessa. Biggy Boy niitti hauita suoraan el\u00e4v\u00e4n\u00e4 arvostetulla turnauksella. Vaikuttavat mitat \u2013 23 cm pituus ja 113 gramman paino.<\/p>\n<div>&nbsp;<\/div>\n<p><\/p>\n\n    <div class=\"xs_social_share_widget xs_share_url after_content \t\tmain_content  wslu-style-1 wslu-share-box-shaped wslu-fill-colored wslu-none wslu-share-horizontal wslu-theme-font-no wslu-main_content\">\n\n\t\t\n        <ul>\n\t\t\t        <\/ul>\n    <\/div>","protected":false},"excerpt":{"rendered":"<p>&#8221;Biggy Boy&#8221; on 23 cm pitk\u00e4 ja 113 grammaa painava viehe, jonka tehokkuuden suurten haukien pyynniss\u00e4 todisti Andrey T\u0161ulanov yhdess\u00e4 tiimins\u00e4 kanssa PAL 2021 -turnauksessa.<\/p>\n","protected":false},"featured_media":72287,"template":"","meta":{"_uag_custom_page_level_css":""},"product_brand":[1153],"product_cat":[1386],"product_tag":[],"class_list":{"0":"post-2260","1":"product","2":"type-product","3":"status-publish","4":"has-post-thumbnail","6":"product_brand-narval","7":"product_cat-biggy-boy","8":"pa_brand-narval","9":"pa_pikkus-16-25cm","11":"first","12":"instock","13":"taxable","14":"shipping-taxable","15":"purchasable","16":"product-type-simple"},"uagb_featured_image_src":{"full":["https:\/\/e-kalastus.b-cdn.net\/wp-content\/uploads\/2024\/07\/Unknown-477.jpg",225,225,false],"thumbnail":["https:\/\/e-kalastus.b-cdn.net\/wp-content\/uploads\/2024\/07\/Unknown-477-150x150.jpg",150,150,true],"medium":["https:\/\/e-kalastus.b-cdn.net\/wp-content\/uploads\/2024\/07\/Unknown-477-300x300.jpg",300,300,true],"medium_large":["https:\/\/e-kalastus.b-cdn.net\/wp-content\/uploads\/2024\/07\/Unknown-477-768x768.jpg",768,768,true],"large":["https:\/\/e-kalastus.b-cdn.net\/wp-content\/uploads\/2024\/07\/Unknown-477-800x800.jpg",800,800,true],"1536x1536":["https:\/\/e-kalastus.b-cdn.net\/wp-content\/uploads\/2024\/07\/Unknown-477.jpg",225,225,false],"2048x2048":["https:\/\/e-kalastus.b-cdn.net\/wp-content\/uploads\/2024\/07\/Unknown-477.jpg",225,225,false],"woocommerce_thumbnail":["https:\/\/e-kalastus.b-cdn.net\/wp-content\/uploads\/2024\/07\/Unknown-477-768x768.jpg",324,324,true],"woocommerce_single":["https:\/\/e-kalastus.b-cdn.net\/wp-content\/uploads\/2024\/07\/Unknown-477-768x768.jpg",416,416,true],"woocommerce_gallery_thumbnail":["https:\/\/e-kalastus.b-cdn.net\/wp-content\/uploads\/2024\/07\/Unknown-477-100x100.jpg",100,100,true]},"uagb_author_info":{"display_name":"adam.mrozek","author_link":"https:\/\/e-kalastus.ee\/fi\/author\/"},"uagb_comment_info":0,"uagb_excerpt":"\"Biggy Boy\" on 23 cm pitk\u00e4 ja 113 grammaa painava viehe, jonka tehokkuuden suurten haukien pyynniss\u00e4 todisti Andrey T\u0161ulanov yhdess\u00e4 tiimins\u00e4 kanssa PAL 2021 -turnauksessa.","_links":{"self":[{"href":"https:\/\/e-kalastus.ee\/fi\/wp-json\/wp\/v2\/product\/2260","targetHints":{"allow":["GET"]}}],"collection":[{"href":"https:\/\/e-kalastus.ee\/fi\/wp-json\/wp\/v2\/product"}],"about":[{"href":"https:\/\/e-kalastus.ee\/fi\/wp-json\/wp\/v2\/types\/product"}],"wp:featuredmedia":[{"embeddable":true,"href":"https:\/\/e-kalastus.ee\/fi\/wp-json\/wp\/v2\/media\/72287"}],"wp:attachment":[{"href":"https:\/\/e-kalastus.ee\/fi\/wp-json\/wp\/v2\/media?parent=2260"}],"wp:term":[{"taxonomy":"product_brand","embeddable":true,"href":"https:\/\/e-kalastus.ee\/fi\/wp-json\/wp\/v2\/product_brand?post=2260"},{"taxonomy":"product_cat","embeddable":true,"href":"https:\/\/e-kalastus.ee\/fi\/wp-json\/wp\/v2\/product_cat?post=2260"},{"taxonomy":"product_tag","embeddable":true,"href":"https:\/\/e-kalastus.ee\/fi\/wp-json\/wp\/v2\/product_tag?post=2260"}],"curies":[{"name":"wp","href":"https:\/\/api.w.org\/{rel}","templated":true}]}}