{"id":2249,"date":"2023-08-14T13:42:28","date_gmt":"2023-08-14T10:42:28","guid":{"rendered":"https:\/\/e-kalastus.ee\/toode\/silikoon-narval-curly-swimmer-12-color-022-12cm-4tk\/"},"modified":"2026-03-30T14:22:56","modified_gmt":"2026-03-30T11:22:56","slug":"silikoon-narval-curly-swimmer-12-color-022-12cm-4tk","status":"publish","type":"product","link":"https:\/\/e-kalastus.ee\/fi\/tuotteet\/narval-curly-swimmer-12cm-4kpl-022-wine\/","title":{"rendered":"Narval Curly Swimmer 12cm 4kpl #022 Wine"},"content":{"rendered":"<p><\/p>\n<p>CURLY SWIMMER \u2013 erikoismalli, jolla on shad-tyyppinen ruumis ja suuri twister-h\u00e4nt\u00e4. T\u00e4ll\u00e4 hetkell\u00e4 sit\u00e4 valmistetaan vain yhdess\u00e4 koossa \u2013 12 cm, ja se on tarkoitettu p\u00e4\u00e4asiassa hauen pyyntiin. Viehetta pelatessa sen ruumis liikkuu kevyesti sivuille ja suuri twister-h\u00e4nt\u00e4 vaikuttaa petokalaan l\u00e4hes hypnoottisesti.<\/p>\n<p>CURLY SWIMMER sopii erinomaisesti vesist\u00f6ihin, joissa on hyvin heikko virtaus tai seisovan veden olosuhteet. Matalassa vedess\u00e4 pyydett\u00e4ess\u00e4 on eritt\u00e4in hyv\u00e4 k\u00e4ytt\u00e4\u00e4 yksinkertaista ohjausta, vain kiert\u00e4m\u00e4ll\u00e4 vapa.<\/p>\n<p>Vieheen pituus \u2013 12 cm<br \/>\nVieheen paino \u2013 13 g<br \/>\nPaketissa \u2013 4 kpl<\/p>\n<div>&nbsp;<\/div>\n<p><\/p>\n\n    <div class=\"xs_social_share_widget xs_share_url after_content \t\tmain_content  wslu-style-1 wslu-share-box-shaped wslu-fill-colored wslu-none wslu-share-horizontal wslu-theme-font-no wslu-main_content\">\n\n\t\t\n        <ul>\n\t\t\t        <\/ul>\n    <\/div>","protected":false},"excerpt":{"rendered":"<p>CURLY SWIMMER on 12 cm pitk\u00e4 ja 13 g painava viehe suurella twister-h\u00e4nn\u00e4ll\u00e4, joka on tarkoitettu hauen pyyntiin ja sopii erityisen hyvin seisoviin tai heikkovirtauksisiin vesist\u00f6ihin.<\/p>\n","protected":false},"featured_media":60765,"template":"","meta":{"_uag_custom_page_level_css":""},"product_brand":[1153],"product_cat":[1369],"product_tag":[],"class_list":{"0":"post-2249","1":"product","2":"type-product","3":"status-publish","4":"has-post-thumbnail","6":"product_brand-narval","7":"product_cat-curly-swimmer","8":"pa_brand-narval","9":"pa_pikkus-10-15-2cm","11":"first","12":"instock","13":"taxable","14":"shipping-taxable","15":"purchasable","16":"product-type-simple"},"uagb_featured_image_src":{"full":["https:\/\/e-kalastus.b-cdn.net\/wp-content\/uploads\/2024\/04\/miagkie-primanki-narval-curly-swimmer-12cm-022-wine-40121.png",960,640,false],"thumbnail":["https:\/\/e-kalastus.b-cdn.net\/wp-content\/uploads\/2024\/04\/miagkie-primanki-narval-curly-swimmer-12cm-022-wine-40121-150x150.png.jpg",150,150,true],"medium":["https:\/\/e-kalastus.b-cdn.net\/wp-content\/uploads\/2024\/04\/miagkie-primanki-narval-curly-swimmer-12cm-022-wine-40121-300x300.png.jpg",300,300,true],"medium_large":["https:\/\/e-kalastus.b-cdn.net\/wp-content\/uploads\/2024\/04\/miagkie-primanki-narval-curly-swimmer-12cm-022-wine-40121-768x768.png.jpg",768,768,true],"large":["https:\/\/e-kalastus.b-cdn.net\/wp-content\/uploads\/2024\/04\/miagkie-primanki-narval-curly-swimmer-12cm-022-wine-40121-800x800.png.jpg",800,800,true],"1536x1536":["https:\/\/e-kalastus.b-cdn.net\/wp-content\/uploads\/2024\/04\/miagkie-primanki-narval-curly-swimmer-12cm-022-wine-40121.png",960,640,false],"2048x2048":["https:\/\/e-kalastus.b-cdn.net\/wp-content\/uploads\/2024\/04\/miagkie-primanki-narval-curly-swimmer-12cm-022-wine-40121.png",960,640,false],"woocommerce_thumbnail":["https:\/\/e-kalastus.b-cdn.net\/wp-content\/uploads\/2024\/04\/miagkie-primanki-narval-curly-swimmer-12cm-022-wine-40121-768x768.png.jpg",324,324,true],"woocommerce_single":["https:\/\/e-kalastus.b-cdn.net\/wp-content\/uploads\/2024\/04\/miagkie-primanki-narval-curly-swimmer-12cm-022-wine-40121.png",416,277,false],"woocommerce_gallery_thumbnail":["https:\/\/e-kalastus.b-cdn.net\/wp-content\/uploads\/2024\/04\/miagkie-primanki-narval-curly-swimmer-12cm-022-wine-40121-100x100.png.jpg",100,100,true]},"uagb_author_info":{"display_name":"adam.mrozek","author_link":"https:\/\/e-kalastus.ee\/fi\/author\/"},"uagb_comment_info":0,"uagb_excerpt":"CURLY SWIMMER on 12 cm pitk\u00e4 ja 13 g painava viehe suurella twister-h\u00e4nn\u00e4ll\u00e4, joka on tarkoitettu hauen pyyntiin ja sopii erityisen hyvin seisoviin tai heikkovirtauksisiin vesist\u00f6ihin.","_links":{"self":[{"href":"https:\/\/e-kalastus.ee\/fi\/wp-json\/wp\/v2\/product\/2249","targetHints":{"allow":["GET"]}}],"collection":[{"href":"https:\/\/e-kalastus.ee\/fi\/wp-json\/wp\/v2\/product"}],"about":[{"href":"https:\/\/e-kalastus.ee\/fi\/wp-json\/wp\/v2\/types\/product"}],"wp:featuredmedia":[{"embeddable":true,"href":"https:\/\/e-kalastus.ee\/fi\/wp-json\/wp\/v2\/media\/60765"}],"wp:attachment":[{"href":"https:\/\/e-kalastus.ee\/fi\/wp-json\/wp\/v2\/media?parent=2249"}],"wp:term":[{"taxonomy":"product_brand","embeddable":true,"href":"https:\/\/e-kalastus.ee\/fi\/wp-json\/wp\/v2\/product_brand?post=2249"},{"taxonomy":"product_cat","embeddable":true,"href":"https:\/\/e-kalastus.ee\/fi\/wp-json\/wp\/v2\/product_cat?post=2249"},{"taxonomy":"product_tag","embeddable":true,"href":"https:\/\/e-kalastus.ee\/fi\/wp-json\/wp\/v2\/product_tag?post=2249"}],"curies":[{"name":"wp","href":"https:\/\/api.w.org\/{rel}","templated":true}]}}