{"id":2222,"date":"2023-08-14T13:42:18","date_gmt":"2023-08-14T10:42:18","guid":{"rendered":"https:\/\/e-kalastus.ee\/toode\/silikoon-narval-complex-shad-12-color-007-12cm-4tk\/"},"modified":"2026-03-30T14:11:30","modified_gmt":"2026-03-30T11:11:30","slug":"silikoon-narval-complex-shad-12-color-007-12cm-4tk","status":"publish","type":"product","link":"https:\/\/e-kalastus.ee\/fi\/tuotteet\/narval-complex-shad-12cm-4kpl-007-purple-spring\/","title":{"rendered":"Narval Complex Shad 12cm 4kpl #007 Purple Spring"},"content":{"rendered":"<p><\/p>\n<p>COMPLEX SHAD \u2013 shad-tyyppinen viehe, jonka runko on jaettu kolmionmuotoisiin segmentteihin. Kolme osaa mahdollistavat vieheen aktiivisen toiminnan, ja sen kokoa voidaan muuttaa kalastusolosuhteiden mukaan v\u00e4hent\u00e4m\u00e4ll\u00e4 segmenttien m\u00e4\u00e4r\u00e4\u00e4 menett\u00e4m\u00e4tt\u00e4 vieheen alkuper\u00e4ist\u00e4 liikett\u00e4. Uritetun rungon luoma lis\u00e4v\u00e4rin\u00e4 vedess\u00e4 on erityisen t\u00e4rke\u00e4 saaliinpyynnin yhteydess\u00e4.<\/p>\n<p>Viehe on todistettu erinomaisesti kaiken tyyppisiss\u00e4 vesist\u00f6iss\u00e4.<\/p>\n<p>Vieheen pituus \u2013 12 cm<br \/>\nVieheen paino \u2013 14 g<br \/>\nPaketissa \u2013 4 kpl<\/p>\n\n    <div class=\"xs_social_share_widget xs_share_url after_content \t\tmain_content  wslu-style-1 wslu-share-box-shaped wslu-fill-colored wslu-none wslu-share-horizontal wslu-theme-font-no wslu-main_content\">\n\n\t\t\n        <ul>\n\t\t\t        <\/ul>\n    <\/div>","protected":false},"excerpt":{"rendered":"<p>COMPLEX SHAD on 12 cm pitk\u00e4 ja 14 g painava segmentoitu shad-viehe, jonka kokoa voidaan muuttaa menett\u00e4m\u00e4tt\u00e4 liikett\u00e4 ja joka toimii tehokkaasti kaikissa vesist\u00f6iss\u00e4.<\/p>\n","protected":false},"featured_media":67978,"template":"","meta":{"_uag_custom_page_level_css":""},"product_brand":[1153],"product_cat":[1368],"product_tag":[],"class_list":{"0":"post-2222","1":"product","2":"type-product","3":"status-publish","4":"has-post-thumbnail","6":"product_brand-narval","7":"product_cat-complex-shad","8":"pa_brand-narval","9":"pa_pikkus-10-15-2cm","11":"first","12":"instock","13":"taxable","14":"shipping-taxable","15":"purchasable","16":"product-type-simple"},"uagb_featured_image_src":{"full":["https:\/\/e-kalastus.b-cdn.net\/wp-content\/uploads\/2024\/07\/Unknown-2-148.jpg",225,225,false],"thumbnail":["https:\/\/e-kalastus.b-cdn.net\/wp-content\/uploads\/2024\/07\/Unknown-2-148-150x150.jpg",150,150,true],"medium":["https:\/\/e-kalastus.b-cdn.net\/wp-content\/uploads\/2024\/07\/Unknown-2-148-300x300.jpg",300,300,true],"medium_large":["https:\/\/e-kalastus.b-cdn.net\/wp-content\/uploads\/2024\/07\/Unknown-2-148-768x768.jpg",768,768,true],"large":["https:\/\/e-kalastus.b-cdn.net\/wp-content\/uploads\/2024\/07\/Unknown-2-148-800x800.jpg",800,800,true],"1536x1536":["https:\/\/e-kalastus.b-cdn.net\/wp-content\/uploads\/2024\/07\/Unknown-2-148.jpg",225,225,false],"2048x2048":["https:\/\/e-kalastus.b-cdn.net\/wp-content\/uploads\/2024\/07\/Unknown-2-148.jpg",225,225,false],"woocommerce_thumbnail":["https:\/\/e-kalastus.b-cdn.net\/wp-content\/uploads\/2024\/07\/Unknown-2-148-768x768.jpg",324,324,true],"woocommerce_single":["https:\/\/e-kalastus.b-cdn.net\/wp-content\/uploads\/2024\/07\/Unknown-2-148-768x768.jpg",416,416,true],"woocommerce_gallery_thumbnail":["https:\/\/e-kalastus.b-cdn.net\/wp-content\/uploads\/2024\/07\/Unknown-2-148-100x100.jpg",100,100,true]},"uagb_author_info":{"display_name":"adam.mrozek","author_link":"https:\/\/e-kalastus.ee\/fi\/author\/"},"uagb_comment_info":0,"uagb_excerpt":"COMPLEX SHAD on 12 cm pitk\u00e4 ja 14 g painava segmentoitu shad-viehe, jonka kokoa voidaan muuttaa menett\u00e4m\u00e4tt\u00e4 liikett\u00e4 ja joka toimii tehokkaasti kaikissa vesist\u00f6iss\u00e4.","_links":{"self":[{"href":"https:\/\/e-kalastus.ee\/fi\/wp-json\/wp\/v2\/product\/2222","targetHints":{"allow":["GET"]}}],"collection":[{"href":"https:\/\/e-kalastus.ee\/fi\/wp-json\/wp\/v2\/product"}],"about":[{"href":"https:\/\/e-kalastus.ee\/fi\/wp-json\/wp\/v2\/types\/product"}],"wp:featuredmedia":[{"embeddable":true,"href":"https:\/\/e-kalastus.ee\/fi\/wp-json\/wp\/v2\/media\/67978"}],"wp:attachment":[{"href":"https:\/\/e-kalastus.ee\/fi\/wp-json\/wp\/v2\/media?parent=2222"}],"wp:term":[{"taxonomy":"product_brand","embeddable":true,"href":"https:\/\/e-kalastus.ee\/fi\/wp-json\/wp\/v2\/product_brand?post=2222"},{"taxonomy":"product_cat","embeddable":true,"href":"https:\/\/e-kalastus.ee\/fi\/wp-json\/wp\/v2\/product_cat?post=2222"},{"taxonomy":"product_tag","embeddable":true,"href":"https:\/\/e-kalastus.ee\/fi\/wp-json\/wp\/v2\/product_tag?post=2222"}],"curies":[{"name":"wp","href":"https:\/\/api.w.org\/{rel}","templated":true}]}}