{"id":21467,"date":"2023-09-29T09:55:19","date_gmt":"2023-09-29T06:55:19","guid":{"rendered":"https:\/\/e-kalastus.ee\/toode\/silikoon-westin-bullteez-shadtail-95cm-blue-headlight-1tk\/"},"modified":"2026-04-16T15:58:24","modified_gmt":"2026-04-16T12:58:24","slug":"silikoon-westin-bullteez-shadtail-95cm-blue-headlight-1tk","status":"publish","type":"product","link":"https:\/\/e-kalastus.ee\/fi\/tuotteet\/westin-bullteez-shadtail-9-5cm-blue-headlight-silikoniviehe\/","title":{"rendered":"Westin Bullteez Shadtail 9,5cm 1kpl #Blue Headlight"},"content":{"rendered":"<p><\/p>\n<p>Haluatko saada todella ison kalan? Silloin BullTeez on ihanteellinen valinta suurille petokaloille kuten hauelle ja ahvenelle. H\u00e4nt\u00e4 ja hoikka keskiosa luovat yhdess\u00e4 houkuttelevan v\u00e4risev\u00e4n ja vatsan v\u00e4lkkyv\u00e4n liikkeen \u2013 jopa hitaalla vetotahtiolla. Juuri t\u00e4m\u00e4 v\u00e4risev\u00e4 liike houkuttelee ja huijaa suuria kaloja hy\u00f6kk\u00e4\u00e4m\u00e4\u00e4n. BullTeez sopii erinomaisesti sek\u00e4 mataliin monisteisiin ett\u00e4 syv\u00e4kalastukseen tavallisella jigikoukulla. Ruohottomaan kalastustyyliin olemme varustaneet vieheen raoilla vatsassa ja sel\u00e4ss\u00e4, jotta sit\u00e4 voidaan k\u00e4ytt\u00e4\u00e4 liukkoukkulla. T\u00e4ydellinen valinta kalastukseen vesikasvillisuudessa!<\/p>\n<ul>\n<li>\n<p role=\"presentation\">Ei sis\u00e4ll\u00e4 myrkyllisi\u00e4 ftaaleja<br \/>\n\t&nbsp;<\/p>\n<\/li>\n<li>\n<p role=\"presentation\">Realistiset silm\u00e4t<br \/>\n\t&nbsp;<\/p>\n<\/li>\n<li>\n<p role=\"presentation\">Helposti soiva melah\u00e4nt\u00e4<br \/>\n\t&nbsp;<\/p>\n<\/li>\n<li>\n<p role=\"presentation\">Houkutteleva v\u00e4risev\u00e4 ja vatsan v\u00e4lkkyv\u00e4 liike jopa matalalla nopeudella<br \/>\n\t&nbsp;<\/p>\n<\/li>\n<li>\n<p role=\"presentation\">Sel\u00e4n ja vatsan raot liukkoukulle<br \/>\n\t&nbsp;<\/p>\n<\/li>\n<\/ul>\n<p>K\u00e4sity\u00f6n\u00e4 maalattu yksityiskohtainen viimeistely<\/p>\n\n    <div class=\"xs_social_share_widget xs_share_url after_content \t\tmain_content  wslu-style-1 wslu-share-box-shaped wslu-fill-colored wslu-none wslu-share-horizontal wslu-theme-font-no wslu-main_content\">\n\n\t\t\n        <ul>\n\t\t\t        <\/ul>\n    <\/div>","protected":false},"excerpt":{"rendered":"<p>BullTeez on viehe realistisella liikkeell\u00e4, joka yhdist\u00e4\u00e4 voimakkaan h\u00e4nn\u00e4n ja hoikan rungon houkuttelemaan suuria petokaloja kuten haukea ja ahventa jopa hitaimmalla vetotahtiolla.<\/p>\n","protected":false},"featured_media":69512,"template":"","meta":{"_uag_custom_page_level_css":""},"product_brand":[763],"product_cat":[1417],"product_tag":[],"class_list":{"0":"post-21467","1":"product","2":"type-product","3":"status-publish","4":"has-post-thumbnail","6":"product_brand-westin","7":"product_cat-bullteez-shadtail","8":"pa_brand-westin","9":"pa_pikkus-7-6-9-9cm","11":"first","12":"instock","13":"taxable","14":"shipping-taxable","15":"purchasable","16":"product-type-simple"},"uagb_featured_image_src":{"full":["https:\/\/e-kalastus.b-cdn.net\/wp-content\/uploads\/2024\/07\/565550b7-6c12-48ca-95b6-6edf4c341307-p138-514-163-default.jpg",1000,750,false],"thumbnail":["https:\/\/e-kalastus.b-cdn.net\/wp-content\/uploads\/2024\/07\/565550b7-6c12-48ca-95b6-6edf4c341307-p138-514-163-default-150x150.jpg",150,150,true],"medium":["https:\/\/e-kalastus.b-cdn.net\/wp-content\/uploads\/2024\/07\/565550b7-6c12-48ca-95b6-6edf4c341307-p138-514-163-default-300x300.jpg",300,300,true],"medium_large":["https:\/\/e-kalastus.b-cdn.net\/wp-content\/uploads\/2024\/07\/565550b7-6c12-48ca-95b6-6edf4c341307-p138-514-163-default-768x768.jpg",768,768,true],"large":["https:\/\/e-kalastus.b-cdn.net\/wp-content\/uploads\/2024\/07\/565550b7-6c12-48ca-95b6-6edf4c341307-p138-514-163-default-800x800.jpg",800,800,true],"1536x1536":["https:\/\/e-kalastus.b-cdn.net\/wp-content\/uploads\/2024\/07\/565550b7-6c12-48ca-95b6-6edf4c341307-p138-514-163-default.jpg",1000,750,false],"2048x2048":["https:\/\/e-kalastus.b-cdn.net\/wp-content\/uploads\/2024\/07\/565550b7-6c12-48ca-95b6-6edf4c341307-p138-514-163-default.jpg",1000,750,false],"woocommerce_thumbnail":["https:\/\/e-kalastus.b-cdn.net\/wp-content\/uploads\/2024\/07\/565550b7-6c12-48ca-95b6-6edf4c341307-p138-514-163-default-768x768.jpg",324,324,true],"woocommerce_single":["https:\/\/e-kalastus.b-cdn.net\/wp-content\/uploads\/2024\/07\/565550b7-6c12-48ca-95b6-6edf4c341307-p138-514-163-default.jpg",416,312,false],"woocommerce_gallery_thumbnail":["https:\/\/e-kalastus.b-cdn.net\/wp-content\/uploads\/2024\/07\/565550b7-6c12-48ca-95b6-6edf4c341307-p138-514-163-default-100x100.jpg",100,100,true]},"uagb_author_info":{"display_name":"adam.mrozek","author_link":"https:\/\/e-kalastus.ee\/fi\/author\/"},"uagb_comment_info":0,"uagb_excerpt":"BullTeez on viehe realistisella liikkeell\u00e4, joka yhdist\u00e4\u00e4 voimakkaan h\u00e4nn\u00e4n ja hoikan rungon houkuttelemaan suuria petokaloja kuten haukea ja ahventa jopa hitaimmalla vetotahtiolla.","_links":{"self":[{"href":"https:\/\/e-kalastus.ee\/fi\/wp-json\/wp\/v2\/product\/21467","targetHints":{"allow":["GET"]}}],"collection":[{"href":"https:\/\/e-kalastus.ee\/fi\/wp-json\/wp\/v2\/product"}],"about":[{"href":"https:\/\/e-kalastus.ee\/fi\/wp-json\/wp\/v2\/types\/product"}],"wp:featuredmedia":[{"embeddable":true,"href":"https:\/\/e-kalastus.ee\/fi\/wp-json\/wp\/v2\/media\/69512"}],"wp:attachment":[{"href":"https:\/\/e-kalastus.ee\/fi\/wp-json\/wp\/v2\/media?parent=21467"}],"wp:term":[{"taxonomy":"product_brand","embeddable":true,"href":"https:\/\/e-kalastus.ee\/fi\/wp-json\/wp\/v2\/product_brand?post=21467"},{"taxonomy":"product_cat","embeddable":true,"href":"https:\/\/e-kalastus.ee\/fi\/wp-json\/wp\/v2\/product_cat?post=21467"},{"taxonomy":"product_tag","embeddable":true,"href":"https:\/\/e-kalastus.ee\/fi\/wp-json\/wp\/v2\/product_tag?post=21467"}],"curies":[{"name":"wp","href":"https:\/\/api.w.org\/{rel}","templated":true}]}}