{"id":21463,"date":"2023-09-29T09:55:16","date_gmt":"2023-09-29T06:55:16","guid":{"rendered":"https:\/\/e-kalastus.ee\/toode\/silikoon-westin-hypoteez-shadtail-9cm-offical-raoch-1tk\/"},"modified":"2026-03-30T14:15:06","modified_gmt":"2026-03-30T11:15:06","slug":"silikoon-westin-hypoteez-shadtail-9cm-offical-raoch-1tk","status":"publish","type":"product","link":"https:\/\/e-kalastus.ee\/fi\/tuotteet\/westin-hypoteez-shadtail-9cm-1kpl-offical-roach\/","title":{"rendered":"Westin Hypoteez Shadtail 9cm 1kpl #Offical Roach"},"content":{"rendered":"<p><\/p>\n<p>Hypnotisoi neit\u00e4 HypoTeezill\u00e4. Nimi tulee kuoreen (Hypomesus Olidus) latinalaisesta nimest\u00e4, ja t\u00e4m\u00e4 k\u00e4sinmaalattu pieni viehe n\u00e4ytt\u00e4\u00e4 niin aitolta, ett\u00e4 jopa oikea emakala ei erottaisi sit\u00e4. Heit\u00e4 se veteen ja se alkaa uida heti pintaan kosketettuaan. Kun se sitten v\u00e4reillen ohittaa j\u00e4ttil\u00e4ism\u00e4isi\u00e4 ahvenia ja n\u00e4lk\u00e4isi\u00e4 haukia, naulaten ne katseellaan realistisilla kalansilmill\u00e4\u00e4n ja lumoamalla t\u00e4ydellisell\u00e4 uimaliikkeell\u00e4\u00e4n, ne eiv\u00e4t voi vastustaa.<\/p>\n<ul>\n<li>\n<p role=\"presentation\">Optimoitu joustavuus<br \/>\n\t&nbsp;<\/p>\n<\/li>\n<li>\n<p role=\"presentation\">Realistiset silm\u00e4t<br \/>\n\t&nbsp;<\/p>\n<\/li>\n<li>\n<p role=\"presentation\">El\u00e4m\u00e4nmukainen viehe<br \/>\n\t&nbsp;<\/p>\n<\/li>\n<li>\n<p role=\"presentation\">Kaventava runko pyrst\u00f6nivelell\u00e4<br \/>\n\t&nbsp;<\/p>\n<\/li>\n<li>\n<p role=\"presentation\">Helposti leikitt\u00e4v\u00e4 melapyrst\u00f6<br \/>\n\t&nbsp;<\/p>\n<\/li>\n<li>\n<p role=\"presentation\">K\u00e4sinmaalattu yksityiskohtainen viimeistely<\/p>\n<\/li>\n<\/ul>\n<p><\/p>\n\n    <div class=\"xs_social_share_widget xs_share_url after_content \t\tmain_content  wslu-style-1 wslu-share-box-shaped wslu-fill-colored wslu-none wslu-share-horizontal wslu-theme-font-no wslu-main_content\">\n\n\t\t\n        <ul>\n\t\t\t        <\/ul>\n    <\/div>","protected":false},"excerpt":{"rendered":"<p>HypoTeez on el\u00e4m\u00e4nmukainen ja k\u00e4sin viimeistelty viehe, joka alkaa uida v\u00e4litt\u00f6m\u00e4sti vedess\u00e4 ja houkuttelee jopa varovaisimmat petokalat realistisella liikkeell\u00e4\u00e4n.<\/p>\n","protected":false},"featured_media":67310,"template":"","meta":{"_uag_custom_page_level_css":""},"product_brand":[763],"product_cat":[1418],"product_tag":[],"class_list":{"0":"post-21463","1":"product","2":"type-product","3":"status-publish","4":"has-post-thumbnail","6":"product_brand-westin","7":"product_cat-hypoteez","8":"pa_brand-westin","9":"pa_pikkus-7-6-9-9cm","11":"first","12":"instock","13":"taxable","14":"shipping-taxable","15":"purchasable","16":"product-type-simple"},"uagb_featured_image_src":{"full":["https:\/\/e-kalastus.b-cdn.net\/wp-content\/uploads\/2024\/07\/p017-155-x1-default.jpg",1000,750,false],"thumbnail":["https:\/\/e-kalastus.b-cdn.net\/wp-content\/uploads\/2024\/07\/p017-155-x1-default-150x150.jpg",150,150,true],"medium":["https:\/\/e-kalastus.b-cdn.net\/wp-content\/uploads\/2024\/07\/p017-155-x1-default-300x300.jpg",300,300,true],"medium_large":["https:\/\/e-kalastus.b-cdn.net\/wp-content\/uploads\/2024\/07\/p017-155-x1-default-768x768.jpg",768,768,true],"large":["https:\/\/e-kalastus.b-cdn.net\/wp-content\/uploads\/2024\/07\/p017-155-x1-default-800x800.jpg",800,800,true],"1536x1536":["https:\/\/e-kalastus.b-cdn.net\/wp-content\/uploads\/2024\/07\/p017-155-x1-default.jpg",1000,750,false],"2048x2048":["https:\/\/e-kalastus.b-cdn.net\/wp-content\/uploads\/2024\/07\/p017-155-x1-default.jpg",1000,750,false],"woocommerce_thumbnail":["https:\/\/e-kalastus.b-cdn.net\/wp-content\/uploads\/2024\/07\/p017-155-x1-default-768x768.jpg",324,324,true],"woocommerce_single":["https:\/\/e-kalastus.b-cdn.net\/wp-content\/uploads\/2024\/07\/p017-155-x1-default.jpg",416,312,false],"woocommerce_gallery_thumbnail":["https:\/\/e-kalastus.b-cdn.net\/wp-content\/uploads\/2024\/07\/p017-155-x1-default-100x100.jpg",100,100,true]},"uagb_author_info":{"display_name":"adam.mrozek","author_link":"https:\/\/e-kalastus.ee\/fi\/author\/"},"uagb_comment_info":0,"uagb_excerpt":"HypoTeez on el\u00e4m\u00e4nmukainen ja k\u00e4sin viimeistelty viehe, joka alkaa uida v\u00e4litt\u00f6m\u00e4sti vedess\u00e4 ja houkuttelee jopa varovaisimmat petokalat realistisella liikkeell\u00e4\u00e4n.","_links":{"self":[{"href":"https:\/\/e-kalastus.ee\/fi\/wp-json\/wp\/v2\/product\/21463","targetHints":{"allow":["GET"]}}],"collection":[{"href":"https:\/\/e-kalastus.ee\/fi\/wp-json\/wp\/v2\/product"}],"about":[{"href":"https:\/\/e-kalastus.ee\/fi\/wp-json\/wp\/v2\/types\/product"}],"wp:featuredmedia":[{"embeddable":true,"href":"https:\/\/e-kalastus.ee\/fi\/wp-json\/wp\/v2\/media\/67310"}],"wp:attachment":[{"href":"https:\/\/e-kalastus.ee\/fi\/wp-json\/wp\/v2\/media?parent=21463"}],"wp:term":[{"taxonomy":"product_brand","embeddable":true,"href":"https:\/\/e-kalastus.ee\/fi\/wp-json\/wp\/v2\/product_brand?post=21463"},{"taxonomy":"product_cat","embeddable":true,"href":"https:\/\/e-kalastus.ee\/fi\/wp-json\/wp\/v2\/product_cat?post=21463"},{"taxonomy":"product_tag","embeddable":true,"href":"https:\/\/e-kalastus.ee\/fi\/wp-json\/wp\/v2\/product_tag?post=21463"}],"curies":[{"name":"wp","href":"https:\/\/api.w.org\/{rel}","templated":true}]}}