{"id":2100,"date":"2023-08-14T13:26:45","date_gmt":"2023-08-14T10:26:45","guid":{"rendered":"https:\/\/e-kalastus.ee\/toode\/silikoon-narval-troublemaker-7-color-005-7cm-6tk\/"},"modified":"2026-04-21T15:59:00","modified_gmt":"2026-04-21T12:59:00","slug":"silikoon-narval-troublemaker-7-color-005-7cm-6tk","status":"publish","type":"product","link":"https:\/\/e-kalastus.ee\/toode\/silikoon-narval-troublemaker-7-color-005-7cm-6tk\/","title":{"rendered":"Narval Troublemaker 7cm 5tk #005 Magic Motoroil"},"content":{"rendered":"<p><\/p>\n<p data-end=\"117\" data-start=\"27\">Klassikaline shad-t\u00fc\u00fcpi peibutus laia kehaga, mis ei lase r\u00f6\u00f6vkalal m\u00f6\u00f6duda m\u00e4rkamatult.<\/p>\n<p data-end=\"406\" data-start=\"119\">R\u00fctmilised keha liikumised ja peene saba t\u00f6\u00f6 on selle peibutise iseloomulikud tunnused. Suurep\u00e4rane t\u00f6\u00f6 voolavas vees. Nagu k\u00f5ik NARVAL peibutised, on ka Troublemaker valmistatud kvaliteetsest pehmest ja vastupidavast silikoonist, mis v\u00f5imaldab nautida palju tabamisi sama peibutisega.<\/p>\n<p data-end=\"474\" data-start=\"408\">Peibutise pikkus \u2013 7 cm<br data-end=\"434\" data-start=\"431\" \/><br \/>\nPeibutise kaal \u2013 4 g<br data-end=\"457\" data-start=\"454\" \/><br \/>\nPakendis \u2013 6 tk<\/p>\n<p><\/p>\n\n    <div class=\"xs_social_share_widget xs_share_url after_content \t\tmain_content  wslu-style-1 wslu-share-box-shaped wslu-fill-colored wslu-none wslu-share-horizontal wslu-theme-font-no wslu-main_content\">\n\n\t\t\n        <ul>\n\t\t\t        <\/ul>\n    <\/div>","protected":false},"excerpt":{"rendered":"<p>Troublemaker on 7 cm pikkune ja 4 g kaaluv shad-t\u00fc\u00fcpi peibutus laia kehaga, mis t\u00f6\u00f6tab suurep\u00e4raselt voolavas vees ja on valmistatud pehmest, kuid vastupidavast silikoonist.<\/p>\n","protected":false},"featured_media":64847,"template":"","meta":{"_uag_custom_page_level_css":""},"product_brand":[1153],"product_cat":[1355],"product_tag":[],"class_list":{"0":"post-2100","1":"product","2":"type-product","3":"status-publish","4":"has-post-thumbnail","6":"product_brand-narval","7":"product_cat-narval","8":"pa_brand-narval","9":"pa_pikkus-0-7-5cm","11":"first","12":"outofstock","13":"sale","14":"taxable","15":"shipping-taxable","16":"purchasable","17":"product-type-simple"},"uagb_featured_image_src":{"full":["https:\/\/e-kalastus.b-cdn.net\/wp-content\/uploads\/2024\/07\/Unknown-2-151.jpg",225,225,false],"thumbnail":["https:\/\/e-kalastus.b-cdn.net\/wp-content\/uploads\/2024\/07\/Unknown-2-151-150x150.jpg",150,150,true],"medium":["https:\/\/e-kalastus.b-cdn.net\/wp-content\/uploads\/2024\/07\/Unknown-2-151-300x300.jpg",300,300,true],"medium_large":["https:\/\/e-kalastus.b-cdn.net\/wp-content\/uploads\/2024\/07\/Unknown-2-151-768x768.jpg",768,768,true],"large":["https:\/\/e-kalastus.b-cdn.net\/wp-content\/uploads\/2024\/07\/Unknown-2-151-800x800.jpg",800,800,true],"1536x1536":["https:\/\/e-kalastus.b-cdn.net\/wp-content\/uploads\/2024\/07\/Unknown-2-151.jpg",225,225,false],"2048x2048":["https:\/\/e-kalastus.b-cdn.net\/wp-content\/uploads\/2024\/07\/Unknown-2-151.jpg",225,225,false],"woocommerce_thumbnail":["https:\/\/e-kalastus.b-cdn.net\/wp-content\/uploads\/2024\/07\/Unknown-2-151-768x768.jpg",324,324,true],"woocommerce_single":["https:\/\/e-kalastus.b-cdn.net\/wp-content\/uploads\/2024\/07\/Unknown-2-151-768x768.jpg",416,416,true],"woocommerce_gallery_thumbnail":["https:\/\/e-kalastus.b-cdn.net\/wp-content\/uploads\/2024\/07\/Unknown-2-151-100x100.jpg",100,100,true]},"uagb_author_info":{"display_name":"adam.mrozek","author_link":"https:\/\/e-kalastus.ee\/author\/"},"uagb_comment_info":0,"uagb_excerpt":"Troublemaker on 7 cm pikkune ja 4 g kaaluv shad-t\u00fc\u00fcpi peibutus laia kehaga, mis t\u00f6\u00f6tab suurep\u00e4raselt voolavas vees ja on valmistatud pehmest, kuid vastupidavast silikoonist.","_links":{"self":[{"href":"https:\/\/e-kalastus.ee\/wp-json\/wp\/v2\/product\/2100","targetHints":{"allow":["GET"]}}],"collection":[{"href":"https:\/\/e-kalastus.ee\/wp-json\/wp\/v2\/product"}],"about":[{"href":"https:\/\/e-kalastus.ee\/wp-json\/wp\/v2\/types\/product"}],"wp:featuredmedia":[{"embeddable":true,"href":"https:\/\/e-kalastus.ee\/wp-json\/wp\/v2\/media\/64847"}],"wp:attachment":[{"href":"https:\/\/e-kalastus.ee\/wp-json\/wp\/v2\/media?parent=2100"}],"wp:term":[{"taxonomy":"product_brand","embeddable":true,"href":"https:\/\/e-kalastus.ee\/wp-json\/wp\/v2\/product_brand?post=2100"},{"taxonomy":"product_cat","embeddable":true,"href":"https:\/\/e-kalastus.ee\/wp-json\/wp\/v2\/product_cat?post=2100"},{"taxonomy":"product_tag","embeddable":true,"href":"https:\/\/e-kalastus.ee\/wp-json\/wp\/v2\/product_tag?post=2100"}],"curies":[{"name":"wp","href":"https:\/\/api.w.org\/{rel}","templated":true}]}}