{"id":20188,"date":"2023-09-27T08:34:57","date_gmt":"2023-09-27T05:34:57","guid":{"rendered":"https:\/\/e-kalastus.ee\/toode\/silikoon-westin-shadteez-slim-22cm-natural-pike-1tk\/"},"modified":"2026-04-16T17:02:49","modified_gmt":"2026-04-16T14:02:49","slug":"silikoon-westin-shadteez-slim-22cm-natural-pike-1tk","status":"publish","type":"product","link":"https:\/\/e-kalastus.ee\/fi\/tuotteet\/westin-shadteez-slim-22cm-natural-pike-silikoniviehe\/","title":{"rendered":"Westin Shadteez Slim 22cm 1kpl #Natural Pike"},"content":{"rendered":"<p><\/p>\n<p>T\u00e4m\u00e4 ohut ja hieno viehe saa kohdekalan varmasti sy\u00f6m\u00e4\u00e4n houkuttelevalla v\u00e4risev\u00e4ll\u00e4 liikkeell\u00e4\u00e4n, joka on eritt\u00e4in tehokas eri vetonopeuksilla. T\u00e4m\u00e4 pienempi veli olemassa oleville 22 cm ja 27 cm ShadTeez-vieheille tarjoaa hieman enemm\u00e4n monipuolisuutta kuin sen suuremmat veljet. N\u00e4lk\u00e4iset petokalat nielev\u00e4t t\u00e4m\u00e4n vieheen yksinkertaisesti alas, mik\u00e4 takaa varmemmat koukutukset. Kun viehe on varustettu jigikoukulla ja takana olevalla stingerill\u00e4, se voi tarjota eritt\u00e4in hyvi\u00e4 tuloksia.<\/p>\n<ul>\n<li>\n<p role=\"presentation\">Ei sis\u00e4ll\u00e4 myrkyllisi\u00e4 ftaaleja<br \/>\n\t&nbsp;<\/p>\n<\/li>\n<li>\n<p role=\"presentation\">Optimoitu joustavuus<br \/>\n\t&nbsp;<\/p>\n<\/li>\n<li>\n<p role=\"presentation\">Realistiset silm\u00e4t<br \/>\n\t&nbsp;<\/p>\n<\/li>\n<li>\n<p role=\"presentation\">Helposti liikkuva pyrst\u00f6ev\u00e4suunnittelu<br \/>\n\t&nbsp;<\/p>\n<\/li>\n<li>\n<p role=\"presentation\">Ohut runko hyv\u00e4ll\u00e4 v\u00e4lkkyvy\u00f6ll\u00e4 vatsassa<br \/>\n\t&nbsp;<\/p>\n<\/li>\n<li>\n<p role=\"presentation\">K\u00e4sin maalattu yksityiskohtainen viimeistely<br \/>\n\t&nbsp;<\/p>\n<\/li>\n<li>\n<p role=\"presentation\">Urat sel\u00e4ss\u00e4 ja vatsassa offset-\/ruohottomalle asennukselle<\/p>\n<\/li>\n<\/ul>\n<p><\/p>\n\n    <div class=\"xs_social_share_widget xs_share_url after_content \t\tmain_content  wslu-style-1 wslu-share-box-shaped wslu-fill-colored wslu-none wslu-share-horizontal wslu-theme-font-no wslu-main_content\">\n\n\t\t\n        <ul>\n\t\t\t        <\/ul>\n    <\/div>","protected":false},"excerpt":{"rendered":"<p>T\u00e4m\u00e4 joustava ja hieno ShadTeez-viehe on monipuolinen, realistinen ja tehokas petokalan houkutin, joka takaa varman koukutuksen ja luonnollisen liikkeen vedess\u00e4.<\/p>\n","protected":false},"featured_media":71253,"template":"","meta":{"_uag_custom_page_level_css":""},"product_brand":[763],"product_cat":[1420],"product_tag":[],"class_list":{"0":"post-20188","1":"product","2":"type-product","3":"status-publish","4":"has-post-thumbnail","6":"product_brand-westin","7":"product_cat-shadteez-slim","8":"pa_brand-westin","9":"pa_pikkus-16-25cm","11":"first","12":"instock","13":"taxable","14":"shipping-taxable","15":"purchasable","16":"product-type-simple"},"uagb_featured_image_src":{"full":["https:\/\/e-kalastus.b-cdn.net\/wp-content\/uploads\/2024\/07\/WESTIN-ShadTeez-SHAD-TEEZ-22cm-63g-NATURAL-PIKE.jpg",590,590,false],"thumbnail":["https:\/\/e-kalastus.b-cdn.net\/wp-content\/uploads\/2024\/07\/WESTIN-ShadTeez-SHAD-TEEZ-22cm-63g-NATURAL-PIKE-150x150.jpg",150,150,true],"medium":["https:\/\/e-kalastus.b-cdn.net\/wp-content\/uploads\/2024\/07\/WESTIN-ShadTeez-SHAD-TEEZ-22cm-63g-NATURAL-PIKE-300x300.jpg",300,300,true],"medium_large":["https:\/\/e-kalastus.b-cdn.net\/wp-content\/uploads\/2024\/07\/WESTIN-ShadTeez-SHAD-TEEZ-22cm-63g-NATURAL-PIKE-768x768.jpg",768,768,true],"large":["https:\/\/e-kalastus.b-cdn.net\/wp-content\/uploads\/2024\/07\/WESTIN-ShadTeez-SHAD-TEEZ-22cm-63g-NATURAL-PIKE-800x800.jpg",800,800,true],"1536x1536":["https:\/\/e-kalastus.b-cdn.net\/wp-content\/uploads\/2024\/07\/WESTIN-ShadTeez-SHAD-TEEZ-22cm-63g-NATURAL-PIKE.jpg",590,590,false],"2048x2048":["https:\/\/e-kalastus.b-cdn.net\/wp-content\/uploads\/2024\/07\/WESTIN-ShadTeez-SHAD-TEEZ-22cm-63g-NATURAL-PIKE.jpg",590,590,false],"woocommerce_thumbnail":["https:\/\/e-kalastus.b-cdn.net\/wp-content\/uploads\/2024\/07\/WESTIN-ShadTeez-SHAD-TEEZ-22cm-63g-NATURAL-PIKE-768x768.jpg",324,324,true],"woocommerce_single":["https:\/\/e-kalastus.b-cdn.net\/wp-content\/uploads\/2024\/07\/WESTIN-ShadTeez-SHAD-TEEZ-22cm-63g-NATURAL-PIKE-768x768.jpg",416,416,true],"woocommerce_gallery_thumbnail":["https:\/\/e-kalastus.b-cdn.net\/wp-content\/uploads\/2024\/07\/WESTIN-ShadTeez-SHAD-TEEZ-22cm-63g-NATURAL-PIKE-100x100.jpg",100,100,true]},"uagb_author_info":{"display_name":"adam.mrozek","author_link":"https:\/\/e-kalastus.ee\/fi\/author\/"},"uagb_comment_info":0,"uagb_excerpt":"T\u00e4m\u00e4 joustava ja hieno ShadTeez-viehe on monipuolinen, realistinen ja tehokas petokalan houkutin, joka takaa varman koukutuksen ja luonnollisen liikkeen vedess\u00e4.","_links":{"self":[{"href":"https:\/\/e-kalastus.ee\/fi\/wp-json\/wp\/v2\/product\/20188","targetHints":{"allow":["GET"]}}],"collection":[{"href":"https:\/\/e-kalastus.ee\/fi\/wp-json\/wp\/v2\/product"}],"about":[{"href":"https:\/\/e-kalastus.ee\/fi\/wp-json\/wp\/v2\/types\/product"}],"wp:featuredmedia":[{"embeddable":true,"href":"https:\/\/e-kalastus.ee\/fi\/wp-json\/wp\/v2\/media\/71253"}],"wp:attachment":[{"href":"https:\/\/e-kalastus.ee\/fi\/wp-json\/wp\/v2\/media?parent=20188"}],"wp:term":[{"taxonomy":"product_brand","embeddable":true,"href":"https:\/\/e-kalastus.ee\/fi\/wp-json\/wp\/v2\/product_brand?post=20188"},{"taxonomy":"product_cat","embeddable":true,"href":"https:\/\/e-kalastus.ee\/fi\/wp-json\/wp\/v2\/product_cat?post=20188"},{"taxonomy":"product_tag","embeddable":true,"href":"https:\/\/e-kalastus.ee\/fi\/wp-json\/wp\/v2\/product_tag?post=20188"}],"curies":[{"name":"wp","href":"https:\/\/api.w.org\/{rel}","templated":true}]}}