{"id":20176,"date":"2023-09-26T16:44:15","date_gmt":"2023-09-26T13:44:15","guid":{"rendered":"https:\/\/e-kalastus.ee\/toode\/silikoon-westin-shadteez-slim-27cm-headlight-1tk\/"},"modified":"2026-03-30T15:22:19","modified_gmt":"2026-03-30T12:22:19","slug":"silikoon-westin-shadteez-slim-27cm-headlight-1tk","status":"publish","type":"product","link":"https:\/\/e-kalastus.ee\/toode\/silikoon-westin-shadteez-slim-27cm-headlight-1tk\/","title":{"rendered":"Westin Shadteez Slim 27cm 1tk #Headlight"},"content":{"rendered":"<p><\/p>\n<p dir=\"ltr\" style=\"line-height:1.38;margin-top:12pt;margin-bottom:12pt\"><span id=\"docs-internal-guid-d54808a4-7fff-4e28-5712-3d4db999e110\"><span style=\"font-size: 11pt;font-family: Arial, sans-serif;background-color: transparent;vertical-align: baseline\">See sale ja peen lant paneb su sihtkala kindla peale isutama oma ahvatleva v\u00e4releva liikumisega, mis on v\u00e4ga t\u00f5hus erinevatel kerimiskiirustel. See v\u00e4iksem vend olemasolevatele 22 cm ja 27 cm ShadTeez lantidele pakub veidi rohkem mitmek\u00fclgsust kui tema suuremad vennad. N\u00e4ljased r\u00f6\u00f6vkala neelavad selle landi lihtsalt alla, tagades kindlamad haakimised. Kui lant on varustatud jigipea ja tagumise stingeriga, v\u00f5ib see pakkuda v\u00e4ga h\u00e4id tulemusi.<\/span><\/span><\/p>\n<ul style=\"margin-top:0;margin-bottom:0;padding-inline-start:48px\">\n<li dir=\"ltr\" style=\"list-style-type: disc;font-size: 11pt;font-family: Arial, sans-serif;background-color: transparent;vertical-align: baseline;white-space: pre\">\n<p dir=\"ltr\" role=\"presentation\" style=\"line-height:1.38;margin-top:12pt;margin-bottom:0pt\"><span id=\"docs-internal-guid-d54808a4-7fff-4e28-5712-3d4db999e110\"><span style=\"font-size: 11pt;background-color: transparent;vertical-align: baseline\">Ei sisalda m\u00fcrgiseid ftalaate<\/span><\/span><br \/>\n\t&nbsp;<\/p>\n<\/li>\n<li dir=\"ltr\" style=\"list-style-type: disc;font-size: 11pt;font-family: Arial, sans-serif;background-color: transparent;vertical-align: baseline;white-space: pre\">\n<p dir=\"ltr\" role=\"presentation\" style=\"line-height:1.38;margin-top:0pt;margin-bottom:0pt\"><span id=\"docs-internal-guid-d54808a4-7fff-4e28-5712-3d4db999e110\"><span style=\"font-size: 11pt;background-color: transparent;vertical-align: baseline\">Optimeeritud painduvus<\/span><\/span><br \/>\n\t&nbsp;<\/p>\n<\/li>\n<li dir=\"ltr\" style=\"list-style-type: disc;font-size: 11pt;font-family: Arial, sans-serif;background-color: transparent;vertical-align: baseline;white-space: pre\">\n<p dir=\"ltr\" role=\"presentation\" style=\"line-height:1.38;margin-top:0pt;margin-bottom:0pt\"><span id=\"docs-internal-guid-d54808a4-7fff-4e28-5712-3d4db999e110\"><span style=\"font-size: 11pt;background-color: transparent;vertical-align: baseline\">Realistlikud silmad<\/span><\/span><br \/>\n\t&nbsp;<\/p>\n<\/li>\n<li dir=\"ltr\" style=\"list-style-type: disc;font-size: 11pt;font-family: Arial, sans-serif;background-color: transparent;vertical-align: baseline;white-space: pre\">\n<p dir=\"ltr\" role=\"presentation\" style=\"line-height:1.38;margin-top:0pt;margin-bottom:0pt\"><span id=\"docs-internal-guid-d54808a4-7fff-4e28-5712-3d4db999e110\"><span style=\"font-size: 11pt;background-color: transparent;vertical-align: baseline\">Kergesti liikuv sabauime disain<\/span><\/span><br \/>\n\t&nbsp;<\/p>\n<\/li>\n<li dir=\"ltr\" style=\"list-style-type: disc;font-size: 11pt;font-family: Arial, sans-serif;background-color: transparent;vertical-align: baseline;white-space: pre\">\n<p dir=\"ltr\" role=\"presentation\" style=\"line-height:1.38;margin-top:0pt;margin-bottom:0pt\"><span id=\"docs-internal-guid-d54808a4-7fff-4e28-5712-3d4db999e110\"><span style=\"font-size: 11pt;background-color: transparent;vertical-align: baseline\">Sale keha hea helgiandega k\u00f5hul<\/span><\/span><br \/>\n\t&nbsp;<\/p>\n<\/li>\n<li dir=\"ltr\" style=\"list-style-type: disc;font-size: 11pt;font-family: Arial, sans-serif;background-color: transparent;vertical-align: baseline;white-space: pre\">\n<p dir=\"ltr\" role=\"presentation\" style=\"line-height:1.38;margin-top:0pt;margin-bottom:12pt\"><span id=\"docs-internal-guid-d54808a4-7fff-4e28-5712-3d4db999e110\"><span style=\"font-size: 11pt;background-color: transparent;vertical-align: baseline\">K\u00e4sitsi v\u00e4rvitud detailne viimistlus<\/span><\/span><br \/>\n\t&nbsp;<\/p>\n<\/li>\n<li dir=\"ltr\" style=\"list-style-type: disc;font-size: 11pt;font-family: Arial, sans-serif;background-color: transparent;vertical-align: baseline;white-space: pre\">\n<p dir=\"ltr\" role=\"presentation\" style=\"line-height:1.38;margin-top:12pt;margin-bottom:12pt\"><span id=\"docs-internal-guid-d54808a4-7fff-4e28-5712-3d4db999e110\"><span style=\"font-size: 11pt;background-color: transparent;vertical-align: baseline\">Pilud seljal ja k\u00f5hul offset-\/umbrohutakistuseta rakenduseks<\/span><\/span><\/p>\n<\/li>\n<\/ul>\n<p><\/p>\n\n    <div class=\"xs_social_share_widget xs_share_url after_content \t\tmain_content  wslu-style-1 wslu-share-box-shaped wslu-fill-colored wslu-none wslu-share-horizontal wslu-theme-font-no wslu-main_content\">\n\n\t\t\n        <ul>\n\t\t\t        <\/ul>\n    <\/div>","protected":false},"excerpt":{"rendered":"<p>See paindlik ja peen ShadTeez lant on mitmek\u00fclgne, realistlik ja t\u00f5hus r\u00f6\u00f6vkala meelitaja, mis tagab kindla haakimise ja loomuliku m\u00e4ngu vees.<\/p>\n","protected":false},"featured_media":70875,"template":"","meta":{"_uag_custom_page_level_css":""},"product_brand":[763],"product_cat":[1420],"product_tag":[],"class_list":{"0":"post-20176","1":"product","2":"type-product","3":"status-publish","4":"has-post-thumbnail","6":"product_brand-westin","7":"product_cat-shadteez-slim","8":"pa_brand-westin","9":"pa_pikkus-26-cm","11":"first","12":"instock","13":"taxable","14":"shipping-taxable","15":"purchasable","16":"product-type-simple"},"uagb_featured_image_src":{"full":["https:\/\/e-kalastus.b-cdn.net\/wp-content\/uploads\/2024\/07\/tuotesivu-WestinShadteezSlim117g27cmHeadlight-5707549322390-69b638b90dffcd394b8b54f839c6e878-1.jpg",510,115,false],"thumbnail":["https:\/\/e-kalastus.b-cdn.net\/wp-content\/uploads\/2024\/07\/tuotesivu-WestinShadteezSlim117g27cmHeadlight-5707549322390-69b638b90dffcd394b8b54f839c6e878-1-150x150.jpg",150,150,true],"medium":["https:\/\/e-kalastus.b-cdn.net\/wp-content\/uploads\/2024\/07\/tuotesivu-WestinShadteezSlim117g27cmHeadlight-5707549322390-69b638b90dffcd394b8b54f839c6e878-1-300x300.jpg",300,300,true],"medium_large":["https:\/\/e-kalastus.b-cdn.net\/wp-content\/uploads\/2024\/07\/tuotesivu-WestinShadteezSlim117g27cmHeadlight-5707549322390-69b638b90dffcd394b8b54f839c6e878-1-768x768.jpg",768,768,true],"large":["https:\/\/e-kalastus.b-cdn.net\/wp-content\/uploads\/2024\/07\/tuotesivu-WestinShadteezSlim117g27cmHeadlight-5707549322390-69b638b90dffcd394b8b54f839c6e878-1-800x800.jpg",800,800,true],"1536x1536":["https:\/\/e-kalastus.b-cdn.net\/wp-content\/uploads\/2024\/07\/tuotesivu-WestinShadteezSlim117g27cmHeadlight-5707549322390-69b638b90dffcd394b8b54f839c6e878-1.jpg",510,115,false],"2048x2048":["https:\/\/e-kalastus.b-cdn.net\/wp-content\/uploads\/2024\/07\/tuotesivu-WestinShadteezSlim117g27cmHeadlight-5707549322390-69b638b90dffcd394b8b54f839c6e878-1.jpg",510,115,false],"woocommerce_thumbnail":["https:\/\/e-kalastus.b-cdn.net\/wp-content\/uploads\/2024\/07\/tuotesivu-WestinShadteezSlim117g27cmHeadlight-5707549322390-69b638b90dffcd394b8b54f839c6e878-1-768x768.jpg",324,324,true],"woocommerce_single":["https:\/\/e-kalastus.b-cdn.net\/wp-content\/uploads\/2024\/07\/tuotesivu-WestinShadteezSlim117g27cmHeadlight-5707549322390-69b638b90dffcd394b8b54f839c6e878-1.jpg",416,94,false],"woocommerce_gallery_thumbnail":["https:\/\/e-kalastus.b-cdn.net\/wp-content\/uploads\/2024\/07\/tuotesivu-WestinShadteezSlim117g27cmHeadlight-5707549322390-69b638b90dffcd394b8b54f839c6e878-1-100x100.jpg",100,100,true]},"uagb_author_info":{"display_name":"adam.mrozek","author_link":"https:\/\/e-kalastus.ee\/author\/"},"uagb_comment_info":0,"uagb_excerpt":"See paindlik ja peen ShadTeez lant on mitmek\u00fclgne, realistlik ja t\u00f5hus r\u00f6\u00f6vkala meelitaja, mis tagab kindla haakimise ja loomuliku m\u00e4ngu vees.","_links":{"self":[{"href":"https:\/\/e-kalastus.ee\/wp-json\/wp\/v2\/product\/20176","targetHints":{"allow":["GET"]}}],"collection":[{"href":"https:\/\/e-kalastus.ee\/wp-json\/wp\/v2\/product"}],"about":[{"href":"https:\/\/e-kalastus.ee\/wp-json\/wp\/v2\/types\/product"}],"wp:featuredmedia":[{"embeddable":true,"href":"https:\/\/e-kalastus.ee\/wp-json\/wp\/v2\/media\/70875"}],"wp:attachment":[{"href":"https:\/\/e-kalastus.ee\/wp-json\/wp\/v2\/media?parent=20176"}],"wp:term":[{"taxonomy":"product_brand","embeddable":true,"href":"https:\/\/e-kalastus.ee\/wp-json\/wp\/v2\/product_brand?post=20176"},{"taxonomy":"product_cat","embeddable":true,"href":"https:\/\/e-kalastus.ee\/wp-json\/wp\/v2\/product_cat?post=20176"},{"taxonomy":"product_tag","embeddable":true,"href":"https:\/\/e-kalastus.ee\/wp-json\/wp\/v2\/product_tag?post=20176"}],"curies":[{"name":"wp","href":"https:\/\/api.w.org\/{rel}","templated":true}]}}