{"id":20164,"date":"2023-09-26T16:29:11","date_gmt":"2023-09-26T13:29:11","guid":{"rendered":"https:\/\/e-kalastus.ee\/toode\/silikoon-westin-bullteez-shadtail-24cm-offical-roach-1tk\/"},"modified":"2026-03-30T14:34:48","modified_gmt":"2026-03-30T11:34:48","slug":"silikoon-westin-bullteez-shadtail-24cm-offical-roach-1tk","status":"publish","type":"product","link":"https:\/\/e-kalastus.ee\/fi\/tuotteet\/westin-bullteez-shadtail-24cm-1kpl-offical-roach\/","title":{"rendered":"Westin Bullteez Shadtail 24cm 1kpl #Offical Roach"},"content":{"rendered":"<p><\/p>\n<p>Haluatko saada todella ison kalan? Silloin BullTeez on ihanteellinen valinta suurille petokaloille kuten hauelle ja ahdelle. H\u00e4nt\u00e4 ja hoikka keskiosa luovat yhdess\u00e4 houkuttelevan v\u00e4risev\u00e4n ja vatsan v\u00e4lkkyv\u00e4n liikkeen \u2013 jopa hitaalla vetotaajuudella. Juuri t\u00e4m\u00e4 v\u00e4risev\u00e4 liike houkuttelee ja huijaa isoja kaloja hy\u00f6kk\u00e4\u00e4m\u00e4\u00e4n. BullTeez sopii erinomaisesti sek\u00e4 mataliin monisteisiin ett\u00e4 syv\u00e4kalastukseen tavallisella jigikoukulla. Ruohottoman kalastustavan vuoksi olemme varustaneet vieheen raoilla vatsassa ja sel\u00e4ss\u00e4, jotta sit\u00e4 voidaan k\u00e4ytt\u00e4\u00e4 siirtokoukun kanssa. T\u00e4ydellinen valinta kalastukseen vesikasvillisuudessa!<\/p>\n<ul>\n<li>\n<p role=\"presentation\">Ei sis\u00e4ll\u00e4 myrkyllisi\u00e4 ftaalaatteja<br \/>\n\t&nbsp;<\/p>\n<\/li>\n<li>\n<p role=\"presentation\">Realistiset silm\u00e4t<br \/>\n\t&nbsp;<\/p>\n<\/li>\n<li>\n<p role=\"presentation\">Helposti liikkuva melah\u00e4nt\u00e4<br \/>\n\t&nbsp;<\/p>\n<\/li>\n<li>\n<p role=\"presentation\">Houkutteleva v\u00e4risev\u00e4 ja vatsan v\u00e4lkkyv\u00e4 liike jopa matalalla nopeudella<br \/>\n\t&nbsp;<\/p>\n<\/li>\n<li>\n<p role=\"presentation\">Sel\u00e4n ja vatsan raot siirtokoukun k\u00e4ytt\u00f6\u00f6n<br \/>\n\t&nbsp;<\/p>\n<\/li>\n<li>\n<p role=\"presentation\">K\u00e4sin maalattu yksityiskohtainen viimeistely<\/p>\n<\/li>\n<\/ul>\n<p><\/p>\n\n    <div class=\"xs_social_share_widget xs_share_url after_content \t\tmain_content  wslu-style-1 wslu-share-box-shaped wslu-fill-colored wslu-none wslu-share-horizontal wslu-theme-font-no wslu-main_content\">\n\n\t\t\n        <ul>\n\t\t\t        <\/ul>\n    <\/div>","protected":false},"excerpt":{"rendered":"<p>BullTeez on viehe realistisella liikkeell\u00e4, joka yhdist\u00e4\u00e4 voimakkaan h\u00e4nn\u00e4n ja hoikan rungon houkuttelemaan suuria petokaloja kuten haukea ja ahventa jopa hitaimmallakin vetotaajuudella.<\/p>\n","protected":false},"featured_media":68863,"template":"","meta":{"_uag_custom_page_level_css":""},"product_brand":[763],"product_cat":[1417],"product_tag":[],"class_list":{"0":"post-20164","1":"product","2":"type-product","3":"status-publish","4":"has-post-thumbnail","6":"product_brand-westin","7":"product_cat-bullteez-shadtail","8":"pa_brand-westin","9":"pa_pikkus-16-25cm","11":"first","12":"instock","13":"taxable","14":"shipping-taxable","15":"purchasable","16":"product-type-simple"},"uagb_featured_image_src":{"full":["https:\/\/e-kalastus.b-cdn.net\/wp-content\/uploads\/2024\/07\/6399808333.jpg",1000,750,false],"thumbnail":["https:\/\/e-kalastus.b-cdn.net\/wp-content\/uploads\/2024\/07\/6399808333-150x150.jpg",150,150,true],"medium":["https:\/\/e-kalastus.b-cdn.net\/wp-content\/uploads\/2024\/07\/6399808333-300x300.jpg",300,300,true],"medium_large":["https:\/\/e-kalastus.b-cdn.net\/wp-content\/uploads\/2024\/07\/6399808333-768x768.jpg",768,768,true],"large":["https:\/\/e-kalastus.b-cdn.net\/wp-content\/uploads\/2024\/07\/6399808333-800x800.jpg",800,800,true],"1536x1536":["https:\/\/e-kalastus.b-cdn.net\/wp-content\/uploads\/2024\/07\/6399808333.jpg",1000,750,false],"2048x2048":["https:\/\/e-kalastus.b-cdn.net\/wp-content\/uploads\/2024\/07\/6399808333.jpg",1000,750,false],"woocommerce_thumbnail":["https:\/\/e-kalastus.b-cdn.net\/wp-content\/uploads\/2024\/07\/6399808333-768x768.jpg",324,324,true],"woocommerce_single":["https:\/\/e-kalastus.b-cdn.net\/wp-content\/uploads\/2024\/07\/6399808333.jpg",416,312,false],"woocommerce_gallery_thumbnail":["https:\/\/e-kalastus.b-cdn.net\/wp-content\/uploads\/2024\/07\/6399808333-100x100.jpg",100,100,true]},"uagb_author_info":{"display_name":"adam.mrozek","author_link":"https:\/\/e-kalastus.ee\/fi\/author\/"},"uagb_comment_info":0,"uagb_excerpt":"BullTeez on viehe realistisella liikkeell\u00e4, joka yhdist\u00e4\u00e4 voimakkaan h\u00e4nn\u00e4n ja hoikan rungon houkuttelemaan suuria petokaloja kuten haukea ja ahventa jopa hitaimmallakin vetotaajuudella.","_links":{"self":[{"href":"https:\/\/e-kalastus.ee\/fi\/wp-json\/wp\/v2\/product\/20164","targetHints":{"allow":["GET"]}}],"collection":[{"href":"https:\/\/e-kalastus.ee\/fi\/wp-json\/wp\/v2\/product"}],"about":[{"href":"https:\/\/e-kalastus.ee\/fi\/wp-json\/wp\/v2\/types\/product"}],"wp:featuredmedia":[{"embeddable":true,"href":"https:\/\/e-kalastus.ee\/fi\/wp-json\/wp\/v2\/media\/68863"}],"wp:attachment":[{"href":"https:\/\/e-kalastus.ee\/fi\/wp-json\/wp\/v2\/media?parent=20164"}],"wp:term":[{"taxonomy":"product_brand","embeddable":true,"href":"https:\/\/e-kalastus.ee\/fi\/wp-json\/wp\/v2\/product_brand?post=20164"},{"taxonomy":"product_cat","embeddable":true,"href":"https:\/\/e-kalastus.ee\/fi\/wp-json\/wp\/v2\/product_cat?post=20164"},{"taxonomy":"product_tag","embeddable":true,"href":"https:\/\/e-kalastus.ee\/fi\/wp-json\/wp\/v2\/product_tag?post=20164"}],"curies":[{"name":"wp","href":"https:\/\/api.w.org\/{rel}","templated":true}]}}