{"id":1787,"date":"2023-08-11T09:43:05","date_gmt":"2023-08-11T06:43:05","guid":{"rendered":"https:\/\/e-kalastus.ee\/toode\/kummik-rapala-sportsmans-short-30c-black-47\/"},"modified":"2026-04-16T16:47:07","modified_gmt":"2026-04-16T13:47:07","slug":"kummik-rapala-sportsmans-short-30c-black-47","status":"publish","type":"product","link":"https:\/\/e-kalastus.ee\/fi\/tuotteet\/rapala-sportsmans-short-30c-black-kumisaappaat-koko-47\/","title":{"rendered":"Rapala Sportsmans Short -30C Black Kumisaappaat Koko 47"},"content":{"rendered":"\n    <div class=\"xs_social_share_widget xs_share_url after_content \t\tmain_content  wslu-style-1 wslu-share-box-shaped wslu-fill-colored wslu-none wslu-share-horizontal wslu-theme-font-no wslu-main_content\">\n\n\t\t\n        <ul>\n\t\t\t        <\/ul>\n    <\/div> \n","protected":false},"excerpt":{"rendered":"<p>Keskikorkeat talvikelaiset kalastuskumisaappaat. Ne ovat kevyet, kest\u00e4v\u00e4t, vedenpit\u00e4v\u00e4t ja suojaavat kylm\u00e4lt\u00e4 jopa \u00e4\u00e4rimm\u00e4isen alhaisissa l\u00e4mp\u00f6tiloissa aina -30\u00b0C asti.<\/p>\n","protected":false},"featured_media":62738,"template":"","meta":{"_uag_custom_page_level_css":""},"product_brand":[767],"product_cat":[1209],"product_tag":[],"class_list":{"0":"post-1787","1":"product","2":"type-product","3":"status-publish","4":"has-post-thumbnail","6":"product_brand-rapala","7":"product_cat-kummikud","8":"pa_brand-rapala","9":"pa_suurus-44-47","11":"first","12":"instock","13":"sale","14":"taxable","15":"shipping-taxable","16":"purchasable","17":"product-type-simple"},"uagb_featured_image_src":{"full":["https:\/\/e-kalastus.b-cdn.net\/wp-content\/uploads\/2024\/05\/RSSC-800x800-9.jpg",800,800,false],"thumbnail":["https:\/\/e-kalastus.b-cdn.net\/wp-content\/uploads\/2024\/05\/RSSC-800x800-9-150x150.jpg",150,150,true],"medium":["https:\/\/e-kalastus.b-cdn.net\/wp-content\/uploads\/2024\/05\/RSSC-800x800-9-300x300.jpg",300,300,true],"medium_large":["https:\/\/e-kalastus.b-cdn.net\/wp-content\/uploads\/2024\/05\/RSSC-800x800-9-768x768.jpg",768,768,true],"large":["https:\/\/e-kalastus.b-cdn.net\/wp-content\/uploads\/2024\/05\/RSSC-800x800-9-800x800.jpg",800,800,true],"1536x1536":["https:\/\/e-kalastus.b-cdn.net\/wp-content\/uploads\/2024\/05\/RSSC-800x800-9.jpg",800,800,false],"2048x2048":["https:\/\/e-kalastus.b-cdn.net\/wp-content\/uploads\/2024\/05\/RSSC-800x800-9.jpg",800,800,false],"woocommerce_thumbnail":["https:\/\/e-kalastus.b-cdn.net\/wp-content\/uploads\/2024\/05\/RSSC-800x800-9-768x768.jpg",324,324,true],"woocommerce_single":["https:\/\/e-kalastus.b-cdn.net\/wp-content\/uploads\/2024\/05\/RSSC-800x800-9-768x768.jpg",416,416,true],"woocommerce_gallery_thumbnail":["https:\/\/e-kalastus.b-cdn.net\/wp-content\/uploads\/2024\/05\/RSSC-800x800-9-100x100.jpg",100,100,true]},"uagb_author_info":{"display_name":"adam.mrozek","author_link":"https:\/\/e-kalastus.ee\/fi\/author\/"},"uagb_comment_info":0,"uagb_excerpt":"Keskikorkeat talvikelaiset kalastuskumisaappaat. Ne ovat kevyet, kest\u00e4v\u00e4t, vedenpit\u00e4v\u00e4t ja suojaavat kylm\u00e4lt\u00e4 jopa \u00e4\u00e4rimm\u00e4isen alhaisissa l\u00e4mp\u00f6tiloissa aina -30\u00b0C asti.","_links":{"self":[{"href":"https:\/\/e-kalastus.ee\/fi\/wp-json\/wp\/v2\/product\/1787","targetHints":{"allow":["GET"]}}],"collection":[{"href":"https:\/\/e-kalastus.ee\/fi\/wp-json\/wp\/v2\/product"}],"about":[{"href":"https:\/\/e-kalastus.ee\/fi\/wp-json\/wp\/v2\/types\/product"}],"wp:featuredmedia":[{"embeddable":true,"href":"https:\/\/e-kalastus.ee\/fi\/wp-json\/wp\/v2\/media\/62738"}],"wp:attachment":[{"href":"https:\/\/e-kalastus.ee\/fi\/wp-json\/wp\/v2\/media?parent=1787"}],"wp:term":[{"taxonomy":"product_brand","embeddable":true,"href":"https:\/\/e-kalastus.ee\/fi\/wp-json\/wp\/v2\/product_brand?post=1787"},{"taxonomy":"product_cat","embeddable":true,"href":"https:\/\/e-kalastus.ee\/fi\/wp-json\/wp\/v2\/product_cat?post=1787"},{"taxonomy":"product_tag","embeddable":true,"href":"https:\/\/e-kalastus.ee\/fi\/wp-json\/wp\/v2\/product_tag?post=1787"}],"curies":[{"name":"wp","href":"https:\/\/api.w.org\/{rel}","templated":true}]}}