{"id":17295,"date":"2023-09-14T09:52:13","date_gmt":"2023-09-14T06:52:13","guid":{"rendered":"https:\/\/e-kalastus.ee\/toode\/narval-frost-candy-vib-85-8-5cm-26g-001\/"},"modified":"2026-03-30T14:57:32","modified_gmt":"2026-03-30T11:57:32","slug":"narval-frost-candy-vib-85-8-5cm-26g-001","status":"publish","type":"product","link":"https:\/\/e-kalastus.ee\/toode\/narval-frost-candy-vib-85-8-5cm-26g-001\/","title":{"rendered":"Narval Frost Candy VIB 85mm 26g #001 Tuna"},"content":{"rendered":"<p>Narval Frost Candy Vib 85 mm on spetsiaalselt disainitud koha ja teiste r\u00f6\u00f6vkalade p\u00fc\u00fcgiks erinevates tingimustes. Selle kitsas ja raskem keha tagab kiire t\u00f6\u00f6lehakkamise ning selgelt tajutava vibratsiooni, mis aitab \u00e4ratada kalade t\u00e4helepanu ka keerulisemates olukordades.<\/p>\n<p>Lant sobib suurep\u00e4raselt vertikaalp\u00fc\u00fcgiks j\u00e4\u00e4augult, kuid t\u00f6\u00f6tab efektiivselt ka avaveehooajal. Lai v\u00e4rvivalik, sealhulgas UV-aktiivsed toonid, v\u00f5imaldab valida sobiva variandi vastavalt vee l\u00e4bipaistvusele, valgusoludele ja kalade aktiivsusele. Mudel on saadaval viies erinevas suuruses ja kaalus, pakkudes paindlikkust nii s\u00fcgavuse kui p\u00fc\u00fcgistiili valikul. Katseta erinevaid v\u00e4rve ja vii oma p\u00fc\u00fck j\u00e4rgmisele tasemele!<\/p>\n\n    <div class=\"xs_social_share_widget xs_share_url after_content \t\tmain_content  wslu-style-1 wslu-share-box-shaped wslu-fill-colored wslu-none wslu-share-horizontal wslu-theme-font-no wslu-main_content\">\n\n\t\t\n        <ul>\n\t\t\t        <\/ul>\n    <\/div>","protected":false},"excerpt":{"rendered":"<p>Narval Frost Candy Vib 85 mm on kitsas ja raske vibratsioonlant, mis on loodud spetsiaalselt koha ja teiste r\u00f6\u00f6vkalade p\u00fc\u00fcgiks. See k\u00e4ivitub kergesti ning tekitab tugeva vibratsiooni, sobides nii vertikaalseks j\u00e4\u00e4p\u00fc\u00fcgiks kui ka avavees kalastamiseks. Lai v\u00e4rvivalik koos UV-aktsentidega v\u00f5imaldab kohanduda erinevate p\u00fc\u00fcgitingimustega. Saadaval mitmes suuruses ja kaalus.<\/p>\n","protected":false},"featured_media":68009,"template":"","meta":{"_uag_custom_page_level_css":""},"product_brand":[1153],"product_cat":[1459],"product_tag":[],"class_list":{"0":"post-17295","1":"product","2":"type-product","3":"status-publish","4":"has-post-thumbnail","6":"product_brand-narval","7":"product_cat-frost-candy","8":"pa_brand-narval","9":"pa_pikkus-70-100mm","11":"first","12":"instock","13":"taxable","14":"shipping-taxable","15":"purchasable","16":"product-type-simple"},"uagb_featured_image_src":{"full":["https:\/\/e-kalastus.b-cdn.net\/wp-content\/uploads\/2024\/07\/narvalfrostcandyvib70mm14g001tunnflcv70001-5eb45a281032c.jpg",510,340,false],"thumbnail":["https:\/\/e-kalastus.b-cdn.net\/wp-content\/uploads\/2024\/07\/narvalfrostcandyvib70mm14g001tunnflcv70001-5eb45a281032c-150x150.jpg",150,150,true],"medium":["https:\/\/e-kalastus.b-cdn.net\/wp-content\/uploads\/2024\/07\/narvalfrostcandyvib70mm14g001tunnflcv70001-5eb45a281032c-300x300.jpg",300,300,true],"medium_large":["https:\/\/e-kalastus.b-cdn.net\/wp-content\/uploads\/2024\/07\/narvalfrostcandyvib70mm14g001tunnflcv70001-5eb45a281032c-768x768.jpg",768,768,true],"large":["https:\/\/e-kalastus.b-cdn.net\/wp-content\/uploads\/2024\/07\/narvalfrostcandyvib70mm14g001tunnflcv70001-5eb45a281032c-800x800.jpg",800,800,true],"1536x1536":["https:\/\/e-kalastus.b-cdn.net\/wp-content\/uploads\/2024\/07\/narvalfrostcandyvib70mm14g001tunnflcv70001-5eb45a281032c.jpg",510,340,false],"2048x2048":["https:\/\/e-kalastus.b-cdn.net\/wp-content\/uploads\/2024\/07\/narvalfrostcandyvib70mm14g001tunnflcv70001-5eb45a281032c.jpg",510,340,false],"woocommerce_thumbnail":["https:\/\/e-kalastus.b-cdn.net\/wp-content\/uploads\/2024\/07\/narvalfrostcandyvib70mm14g001tunnflcv70001-5eb45a281032c-768x768.jpg",324,324,true],"woocommerce_single":["https:\/\/e-kalastus.b-cdn.net\/wp-content\/uploads\/2024\/07\/narvalfrostcandyvib70mm14g001tunnflcv70001-5eb45a281032c.jpg",416,277,false],"woocommerce_gallery_thumbnail":["https:\/\/e-kalastus.b-cdn.net\/wp-content\/uploads\/2024\/07\/narvalfrostcandyvib70mm14g001tunnflcv70001-5eb45a281032c-100x100.jpg",100,100,true]},"uagb_author_info":{"display_name":"adam.mrozek","author_link":"https:\/\/e-kalastus.ee\/author\/"},"uagb_comment_info":0,"uagb_excerpt":"Narval Frost Candy Vib 85 mm on kitsas ja raske vibratsioonlant, mis on loodud spetsiaalselt koha ja teiste r\u00f6\u00f6vkalade p\u00fc\u00fcgiks. See k\u00e4ivitub kergesti ning tekitab tugeva vibratsiooni, sobides nii vertikaalseks j\u00e4\u00e4p\u00fc\u00fcgiks kui ka avavees kalastamiseks. Lai v\u00e4rvivalik koos UV-aktsentidega v\u00f5imaldab kohanduda erinevate p\u00fc\u00fcgitingimustega. Saadaval mitmes suuruses ja kaalus.","_links":{"self":[{"href":"https:\/\/e-kalastus.ee\/wp-json\/wp\/v2\/product\/17295","targetHints":{"allow":["GET"]}}],"collection":[{"href":"https:\/\/e-kalastus.ee\/wp-json\/wp\/v2\/product"}],"about":[{"href":"https:\/\/e-kalastus.ee\/wp-json\/wp\/v2\/types\/product"}],"wp:featuredmedia":[{"embeddable":true,"href":"https:\/\/e-kalastus.ee\/wp-json\/wp\/v2\/media\/68009"}],"wp:attachment":[{"href":"https:\/\/e-kalastus.ee\/wp-json\/wp\/v2\/media?parent=17295"}],"wp:term":[{"taxonomy":"product_brand","embeddable":true,"href":"https:\/\/e-kalastus.ee\/wp-json\/wp\/v2\/product_brand?post=17295"},{"taxonomy":"product_cat","embeddable":true,"href":"https:\/\/e-kalastus.ee\/wp-json\/wp\/v2\/product_cat?post=17295"},{"taxonomy":"product_tag","embeddable":true,"href":"https:\/\/e-kalastus.ee\/wp-json\/wp\/v2\/product_tag?post=17295"}],"curies":[{"name":"wp","href":"https:\/\/api.w.org\/{rel}","templated":true}]}}