{"id":17293,"date":"2023-09-14T09:52:13","date_gmt":"2023-09-14T06:52:13","guid":{"rendered":"https:\/\/e-kalastus.ee\/toode\/narval-frost-candy-vib-80-8cm-21g-030\/"},"modified":"2026-04-16T16:48:19","modified_gmt":"2026-04-16T13:48:19","slug":"narval-frost-candy-vib-80-8cm-21g-030","status":"publish","type":"product","link":"https:\/\/e-kalastus.ee\/fi\/tuotteet\/narval-frost-candy-vib-80mm-21g-030-ns-tyulka\/","title":{"rendered":"Narval Frost Candy VIB 80mm 21g #030 NS Tyulka"},"content":{"rendered":"<p><\/p>\n<p>Narval Frost Candy Vib 80 mm on erityisesti suunniteltu hauen ja muiden petokalojen pyyntiin. Sen kapea ja painavampi runko takaa helpon k\u00e4ynnistyksen ja vahvan, vakaan v\u00e4r\u00e4htelyn, joka her\u00e4tt\u00e4\u00e4 kalojen huomion jopa passiivisemmissa olosuhteissa.<\/p>\n<p>&nbsp;<\/p>\n<p>Viehe on ihanteellinen pystysuuntaiseen pilkkikalastukseen j\u00e4\u00e4rei\u00e4st\u00e4, mutta toimii tehokkaasti my\u00f6s avovesikaudella. Laaja v\u00e4riskaala, mukaan lukien UV-aktiiviset s\u00e4vyt, mahdollistaa sopivan vaihtoehdon valinnan veden l\u00e4pin\u00e4kyvyyden ja valaistusolosuhteiden mukaan. Malli on saatavilla viidess\u00e4 eri koossa ja painossa, tarjoten joustavuutta erilaisissa kalastusolosuhteissa. Testaa ja pyyd\u00e4 seuraava trofeesi!<\/p>\n<div>&nbsp;<\/div>\n<p><\/p>\n\n    <div class=\"xs_social_share_widget xs_share_url after_content \t\tmain_content  wslu-style-1 wslu-share-box-shaped wslu-fill-colored wslu-none wslu-share-horizontal wslu-theme-font-no wslu-main_content\">\n\n\t\t\n        <ul>\n\t\t\t        <\/ul>\n    <\/div>","protected":false},"excerpt":{"rendered":"<p>Narval Frost Candy Vib 80 mm on kapea ja painava v\u00e4r\u00e4htelyviehe, joka on luotu erityisesti hauenpyyntiin. Sen nopea k\u00e4ynnistyminen ja vahva v\u00e4r\u00e4htely tekev\u00e4t siit\u00e4 tehokkaan valinnan sek\u00e4 pystysuuntaiseen pilkkikalastukseen ett\u00e4 avoveteen. Laaja v\u00e4riskaala UV-korostuksilla mahdollistaa sopeutumisen erilaisiin kalastusolosuhteisiin. Saatavilla useissa koossa ja painossa.<\/p>\n","protected":false},"featured_media":65467,"template":"","meta":{"_uag_custom_page_level_css":""},"product_brand":[1153],"product_cat":[1459],"product_tag":[],"class_list":{"0":"post-17293","1":"product","2":"type-product","3":"status-publish","4":"has-post-thumbnail","6":"product_brand-narval","7":"product_cat-frost-candy","8":"pa_brand-narval","9":"pa_pikkus-70-100mm","11":"first","12":"instock","13":"taxable","14":"shipping-taxable","15":"purchasable","16":"product-type-simple"},"uagb_featured_image_src":{"full":["https:\/\/e-kalastus.b-cdn.net\/wp-content\/uploads\/2024\/07\/narval-frost-candy-vib-65-11g-color-030-ns-tyulka-jpg-3.png",653,999,false],"thumbnail":["https:\/\/e-kalastus.b-cdn.net\/wp-content\/uploads\/2024\/07\/narval-frost-candy-vib-65-11g-color-030-ns-tyulka-jpg-3-150x150.png.jpg",150,150,true],"medium":["https:\/\/e-kalastus.b-cdn.net\/wp-content\/uploads\/2024\/07\/narval-frost-candy-vib-65-11g-color-030-ns-tyulka-jpg-3-300x300.png.jpg",300,300,true],"medium_large":["https:\/\/e-kalastus.b-cdn.net\/wp-content\/uploads\/2024\/07\/narval-frost-candy-vib-65-11g-color-030-ns-tyulka-jpg-3-768x768.png.jpg",768,768,true],"large":["https:\/\/e-kalastus.b-cdn.net\/wp-content\/uploads\/2024\/07\/narval-frost-candy-vib-65-11g-color-030-ns-tyulka-jpg-3-800x800.png.jpg",800,800,true],"1536x1536":["https:\/\/e-kalastus.b-cdn.net\/wp-content\/uploads\/2024\/07\/narval-frost-candy-vib-65-11g-color-030-ns-tyulka-jpg-3.png",653,999,false],"2048x2048":["https:\/\/e-kalastus.b-cdn.net\/wp-content\/uploads\/2024\/07\/narval-frost-candy-vib-65-11g-color-030-ns-tyulka-jpg-3.png",653,999,false],"woocommerce_thumbnail":["https:\/\/e-kalastus.b-cdn.net\/wp-content\/uploads\/2024\/07\/narval-frost-candy-vib-65-11g-color-030-ns-tyulka-jpg-3-768x768.png.jpg",324,324,true],"woocommerce_single":["https:\/\/e-kalastus.b-cdn.net\/wp-content\/uploads\/2024\/07\/narval-frost-candy-vib-65-11g-color-030-ns-tyulka-jpg-3.png",416,636,false],"woocommerce_gallery_thumbnail":["https:\/\/e-kalastus.b-cdn.net\/wp-content\/uploads\/2024\/07\/narval-frost-candy-vib-65-11g-color-030-ns-tyulka-jpg-3-100x100.png.jpg",100,100,true]},"uagb_author_info":{"display_name":"adam.mrozek","author_link":"https:\/\/e-kalastus.ee\/fi\/author\/"},"uagb_comment_info":0,"uagb_excerpt":"Narval Frost Candy Vib 80 mm on kapea ja painava v\u00e4r\u00e4htelyviehe, joka on luotu erityisesti hauenpyyntiin. Sen nopea k\u00e4ynnistyminen ja vahva v\u00e4r\u00e4htely tekev\u00e4t siit\u00e4 tehokkaan valinnan sek\u00e4 pystysuuntaiseen pilkkikalastukseen ett\u00e4 avoveteen. Laaja v\u00e4riskaala UV-korostuksilla mahdollistaa sopeutumisen erilaisiin kalastusolosuhteisiin. Saatavilla useissa koossa ja painossa.","_links":{"self":[{"href":"https:\/\/e-kalastus.ee\/fi\/wp-json\/wp\/v2\/product\/17293","targetHints":{"allow":["GET"]}}],"collection":[{"href":"https:\/\/e-kalastus.ee\/fi\/wp-json\/wp\/v2\/product"}],"about":[{"href":"https:\/\/e-kalastus.ee\/fi\/wp-json\/wp\/v2\/types\/product"}],"wp:featuredmedia":[{"embeddable":true,"href":"https:\/\/e-kalastus.ee\/fi\/wp-json\/wp\/v2\/media\/65467"}],"wp:attachment":[{"href":"https:\/\/e-kalastus.ee\/fi\/wp-json\/wp\/v2\/media?parent=17293"}],"wp:term":[{"taxonomy":"product_brand","embeddable":true,"href":"https:\/\/e-kalastus.ee\/fi\/wp-json\/wp\/v2\/product_brand?post=17293"},{"taxonomy":"product_cat","embeddable":true,"href":"https:\/\/e-kalastus.ee\/fi\/wp-json\/wp\/v2\/product_cat?post=17293"},{"taxonomy":"product_tag","embeddable":true,"href":"https:\/\/e-kalastus.ee\/fi\/wp-json\/wp\/v2\/product_tag?post=17293"}],"curies":[{"name":"wp","href":"https:\/\/api.w.org\/{rel}","templated":true}]}}