{"id":17285,"date":"2023-09-13T17:34:42","date_gmt":"2023-09-13T14:34:42","guid":{"rendered":"https:\/\/e-kalastus.ee\/toode\/narval-frost-candy-vib-80-8cm-21g-020\/"},"modified":"2026-04-16T15:48:42","modified_gmt":"2026-04-16T12:48:42","slug":"narval-frost-candy-vib-80-8cm-21g-020","status":"publish","type":"product","link":"https:\/\/e-kalastus.ee\/fi\/tuotteet\/narval-frost-candy-vib-80mm-21g-020-wavy-parrot\/","title":{"rendered":"Narval Frost Candy VIB 80mm 21g #020 Wavy Parrot"},"content":{"rendered":"<p><\/p>\n<p>Narval Frost Candy Vib 80 mm on erityisesti suunniteltu hauen ja muiden petokalojen pyyntiin. Sen kapea ja painavampi runko takaa helpon k\u00e4ynnistyksen ja vahvan, vakaan v\u00e4rin\u00e4n, joka her\u00e4tt\u00e4\u00e4 kalojen huomion jopa passiivisemmissa olosuhteissa.<\/p>\n<p>&nbsp;<\/p>\n<p>Viehe sopii ihanteellisesti pystypyyntiin j\u00e4\u00e4rei\u00e4st\u00e4, mutta toimii tehokkaasti my\u00f6s avovedell\u00e4 kauden aikana. Laaja v\u00e4riskaala, mukaan lukien UV-aktiiviset s\u00e4vyt, mahdollistaa sopivan vaihtoehdon valinnan veden l\u00e4pin\u00e4kyvyyden ja valaistusolosuhteiden mukaan. Malli on saatavana viidess\u00e4 eri koossa ja painossa, tarjoten joustavuutta erilaisissa kalastusolosuhteissa. Testaa ja pyyd\u00e4 seuraava trofeesi!<\/p>\n<div>&nbsp;<\/div>\n<p><\/p>\n\n    <div class=\"xs_social_share_widget xs_share_url after_content \t\tmain_content  wslu-style-1 wslu-share-box-shaped wslu-fill-colored wslu-none wslu-share-horizontal wslu-theme-font-no wslu-main_content\">\n\n\t\t\n        <ul>\n\t\t\t        <\/ul>\n    <\/div>","protected":false},"excerpt":{"rendered":"<p>Narval Frost Candy Vib 80 mm on kapea ja painava v\u00e4rin\u00e4viehe, joka on luotu erityisesti hauenpyyntiin. Sen nopea k\u00e4ynnistyminen ja vahva v\u00e4rin\u00e4 tekev\u00e4t siit\u00e4 tehokkaan valinnan sek\u00e4 pystypilkkikalastukseen ett\u00e4 avovedelle. Laaja v\u00e4riskaala UV-akcenttien kanssa mahdollistaa sopeutumisen erilaisiin kalastusolosuhteisiin. Saatavana useissa koossa ja painossa.<\/p>\n","protected":false},"featured_media":66888,"template":"","meta":{"_uag_custom_page_level_css":""},"product_brand":[1153],"product_cat":[1459],"product_tag":[],"class_list":{"0":"post-17285","1":"product","2":"type-product","3":"status-publish","4":"has-post-thumbnail","6":"product_brand-narval","7":"product_cat-frost-candy","8":"pa_brand-narval","9":"pa_pikkus-70-100mm","11":"first","12":"instock","13":"taxable","14":"shipping-taxable","15":"purchasable","16":"product-type-simple"},"uagb_featured_image_src":{"full":["https:\/\/e-kalastus.b-cdn.net\/wp-content\/uploads\/2024\/07\/narval-frost-candy-vib-80mm-21g-020-wavy-parrot.jpg",600,600,false],"thumbnail":["https:\/\/e-kalastus.b-cdn.net\/wp-content\/uploads\/2024\/07\/narval-frost-candy-vib-80mm-21g-020-wavy-parrot-150x150.jpg",150,150,true],"medium":["https:\/\/e-kalastus.b-cdn.net\/wp-content\/uploads\/2024\/07\/narval-frost-candy-vib-80mm-21g-020-wavy-parrot-300x300.jpg",300,300,true],"medium_large":["https:\/\/e-kalastus.b-cdn.net\/wp-content\/uploads\/2024\/07\/narval-frost-candy-vib-80mm-21g-020-wavy-parrot-768x768.jpg",768,768,true],"large":["https:\/\/e-kalastus.b-cdn.net\/wp-content\/uploads\/2024\/07\/narval-frost-candy-vib-80mm-21g-020-wavy-parrot-800x800.jpg",800,800,true],"1536x1536":["https:\/\/e-kalastus.b-cdn.net\/wp-content\/uploads\/2024\/07\/narval-frost-candy-vib-80mm-21g-020-wavy-parrot.jpg",600,600,false],"2048x2048":["https:\/\/e-kalastus.b-cdn.net\/wp-content\/uploads\/2024\/07\/narval-frost-candy-vib-80mm-21g-020-wavy-parrot.jpg",600,600,false],"woocommerce_thumbnail":["https:\/\/e-kalastus.b-cdn.net\/wp-content\/uploads\/2024\/07\/narval-frost-candy-vib-80mm-21g-020-wavy-parrot-768x768.jpg",324,324,true],"woocommerce_single":["https:\/\/e-kalastus.b-cdn.net\/wp-content\/uploads\/2024\/07\/narval-frost-candy-vib-80mm-21g-020-wavy-parrot-768x768.jpg",416,416,true],"woocommerce_gallery_thumbnail":["https:\/\/e-kalastus.b-cdn.net\/wp-content\/uploads\/2024\/07\/narval-frost-candy-vib-80mm-21g-020-wavy-parrot-100x100.jpg",100,100,true]},"uagb_author_info":{"display_name":"adam.mrozek","author_link":"https:\/\/e-kalastus.ee\/fi\/author\/"},"uagb_comment_info":0,"uagb_excerpt":"Narval Frost Candy Vib 80 mm on kapea ja painava v\u00e4rin\u00e4viehe, joka on luotu erityisesti hauenpyyntiin. Sen nopea k\u00e4ynnistyminen ja vahva v\u00e4rin\u00e4 tekev\u00e4t siit\u00e4 tehokkaan valinnan sek\u00e4 pystypilkkikalastukseen ett\u00e4 avovedelle. Laaja v\u00e4riskaala UV-akcenttien kanssa mahdollistaa sopeutumisen erilaisiin kalastusolosuhteisiin. Saatavana useissa koossa ja painossa.","_links":{"self":[{"href":"https:\/\/e-kalastus.ee\/fi\/wp-json\/wp\/v2\/product\/17285","targetHints":{"allow":["GET"]}}],"collection":[{"href":"https:\/\/e-kalastus.ee\/fi\/wp-json\/wp\/v2\/product"}],"about":[{"href":"https:\/\/e-kalastus.ee\/fi\/wp-json\/wp\/v2\/types\/product"}],"wp:featuredmedia":[{"embeddable":true,"href":"https:\/\/e-kalastus.ee\/fi\/wp-json\/wp\/v2\/media\/66888"}],"wp:attachment":[{"href":"https:\/\/e-kalastus.ee\/fi\/wp-json\/wp\/v2\/media?parent=17285"}],"wp:term":[{"taxonomy":"product_brand","embeddable":true,"href":"https:\/\/e-kalastus.ee\/fi\/wp-json\/wp\/v2\/product_brand?post=17285"},{"taxonomy":"product_cat","embeddable":true,"href":"https:\/\/e-kalastus.ee\/fi\/wp-json\/wp\/v2\/product_cat?post=17285"},{"taxonomy":"product_tag","embeddable":true,"href":"https:\/\/e-kalastus.ee\/fi\/wp-json\/wp\/v2\/product_tag?post=17285"}],"curies":[{"name":"wp","href":"https:\/\/api.w.org\/{rel}","templated":true}]}}