{"id":17243,"date":"2023-09-13T17:04:38","date_gmt":"2023-09-13T14:04:38","guid":{"rendered":"https:\/\/e-kalastus.ee\/toode\/narval-frost-candy-vib-70-7cm-14g-006\/"},"modified":"2026-03-30T14:16:27","modified_gmt":"2026-03-30T11:16:27","slug":"narval-frost-candy-vib-70-7cm-14g-006-2","status":"publish","type":"product","link":"https:\/\/e-kalastus.ee\/toode\/narval-frost-candy-vib-70-7cm-14g-006-2\/","title":{"rendered":"Narval Frost Candy VIB 70mm 14g Color #006 Motley Fish"},"content":{"rendered":"<p><\/p>\n<p dir=\"ltr\" style=\"line-height:1.38;margin-top:0pt;margin-bottom:0pt\"><span id=\"docs-internal-guid-983e0fcf-7fff-b3a4-54db-043d2e945c70\"><span style=\"font-size: 11pt;font-family: Arial, sans-serif;background-color: transparent;vertical-align: baseline\">Narval Frost Candy Vib 70 mm on kitsas ja raske vibratsioonlant, mis on m\u00f5eldud vertikaalp\u00fc\u00fcgiks nii j\u00e4\u00e4 alt kui avavees. See t\u00f6\u00f6tab h\u00e4sti koha ja ahvena p\u00fc\u00fcgiks ning on saadaval mitmes v\u00e4rvitoonis, sh UV-variantidena. Lant on saadaval erineva kaaluga, et sobida erinevatesse p\u00fc\u00fcgitingimustesse.<\/span><\/span><\/p>\n<div>&nbsp;<\/div>\n<p><\/p>\n\n    <div class=\"xs_social_share_widget xs_share_url after_content \t\tmain_content  wslu-style-1 wslu-share-box-shaped wslu-fill-colored wslu-none wslu-share-horizontal wslu-theme-font-no wslu-main_content\">\n\n\t\t\n        <ul>\n\t\t\t        <\/ul>\n    <\/div>","protected":false},"excerpt":{"rendered":"<p>Narval Frost Candy Vib 70 mm on spetsiaalselt loodud koha, ahvena ja teiste r\u00f6\u00f6vkalade p\u00fc\u00fcgiks vertikaaltehnikaga. Selle kitsas ja raskem keha tagab kiire k\u00e4ivituse ning tugeva ja selgelt tajutava vibratsiooni, mis aitab \u00e4ratada kalade t\u00e4helepanu ka passiivsemates oludes.<\/p>\n","protected":false},"featured_media":68250,"template":"","meta":{"_uag_custom_page_level_css":""},"product_brand":[1153],"product_cat":[1459],"product_tag":[],"class_list":{"0":"post-17243","1":"product","2":"type-product","3":"status-publish","4":"has-post-thumbnail","6":"product_brand-narval","7":"product_cat-frost-candy","8":"pa_brand-narval","9":"pa_pikkus-30-70mm","10":"pa_pikkus-70-100mm","12":"first","13":"instock","14":"taxable","15":"shipping-taxable","16":"purchasable","17":"product-type-simple"},"uagb_featured_image_src":{"full":["https:\/\/e-kalastus.b-cdn.net\/wp-content\/uploads\/2024\/07\/narval-frost-candy-vib-70mm-14g-006-motley-fish.jpg",800,800,false],"thumbnail":["https:\/\/e-kalastus.b-cdn.net\/wp-content\/uploads\/2024\/07\/narval-frost-candy-vib-70mm-14g-006-motley-fish-150x150.jpg",150,150,true],"medium":["https:\/\/e-kalastus.b-cdn.net\/wp-content\/uploads\/2024\/07\/narval-frost-candy-vib-70mm-14g-006-motley-fish-300x300.jpg",300,300,true],"medium_large":["https:\/\/e-kalastus.b-cdn.net\/wp-content\/uploads\/2024\/07\/narval-frost-candy-vib-70mm-14g-006-motley-fish-768x768.jpg",768,768,true],"large":["https:\/\/e-kalastus.b-cdn.net\/wp-content\/uploads\/2024\/07\/narval-frost-candy-vib-70mm-14g-006-motley-fish-800x800.jpg",800,800,true],"1536x1536":["https:\/\/e-kalastus.b-cdn.net\/wp-content\/uploads\/2024\/07\/narval-frost-candy-vib-70mm-14g-006-motley-fish.jpg",800,800,false],"2048x2048":["https:\/\/e-kalastus.b-cdn.net\/wp-content\/uploads\/2024\/07\/narval-frost-candy-vib-70mm-14g-006-motley-fish.jpg",800,800,false],"woocommerce_thumbnail":["https:\/\/e-kalastus.b-cdn.net\/wp-content\/uploads\/2024\/07\/narval-frost-candy-vib-70mm-14g-006-motley-fish-768x768.jpg",324,324,true],"woocommerce_single":["https:\/\/e-kalastus.b-cdn.net\/wp-content\/uploads\/2024\/07\/narval-frost-candy-vib-70mm-14g-006-motley-fish-768x768.jpg",416,416,true],"woocommerce_gallery_thumbnail":["https:\/\/e-kalastus.b-cdn.net\/wp-content\/uploads\/2024\/07\/narval-frost-candy-vib-70mm-14g-006-motley-fish-100x100.jpg",100,100,true]},"uagb_author_info":{"display_name":"adam.mrozek","author_link":"https:\/\/e-kalastus.ee\/author\/"},"uagb_comment_info":0,"uagb_excerpt":"Narval Frost Candy Vib 70 mm on spetsiaalselt loodud koha, ahvena ja teiste r\u00f6\u00f6vkalade p\u00fc\u00fcgiks vertikaaltehnikaga. Selle kitsas ja raskem keha tagab kiire k\u00e4ivituse ning tugeva ja selgelt tajutava vibratsiooni, mis aitab \u00e4ratada kalade t\u00e4helepanu ka passiivsemates oludes.","_links":{"self":[{"href":"https:\/\/e-kalastus.ee\/wp-json\/wp\/v2\/product\/17243","targetHints":{"allow":["GET"]}}],"collection":[{"href":"https:\/\/e-kalastus.ee\/wp-json\/wp\/v2\/product"}],"about":[{"href":"https:\/\/e-kalastus.ee\/wp-json\/wp\/v2\/types\/product"}],"wp:featuredmedia":[{"embeddable":true,"href":"https:\/\/e-kalastus.ee\/wp-json\/wp\/v2\/media\/68250"}],"wp:attachment":[{"href":"https:\/\/e-kalastus.ee\/wp-json\/wp\/v2\/media?parent=17243"}],"wp:term":[{"taxonomy":"product_brand","embeddable":true,"href":"https:\/\/e-kalastus.ee\/wp-json\/wp\/v2\/product_brand?post=17243"},{"taxonomy":"product_cat","embeddable":true,"href":"https:\/\/e-kalastus.ee\/wp-json\/wp\/v2\/product_cat?post=17243"},{"taxonomy":"product_tag","embeddable":true,"href":"https:\/\/e-kalastus.ee\/wp-json\/wp\/v2\/product_tag?post=17243"}],"curies":[{"name":"wp","href":"https:\/\/api.w.org\/{rel}","templated":true}]}}