{"id":1724,"date":"2023-08-11T09:42:43","date_gmt":"2023-08-11T06:42:43","guid":{"rendered":"https:\/\/e-kalastus.ee\/toode\/kostuum-graff-fishing-jacket-l\/"},"modified":"2026-04-16T16:28:13","modified_gmt":"2026-04-16T13:28:13","slug":"kostuum-graff-fishing-jacket-l","status":"publish","type":"product","link":"https:\/\/e-kalastus.ee\/fi\/tuotteet\/graff-fishing-takki-brater-pro-l-631-b-2\/","title":{"rendered":"Graff Fishing Takki Brater-Pro L 631-B-2"},"content":{"rendered":"\n    <div class=\"xs_social_share_widget xs_share_url after_content \t\tmain_content  wslu-style-1 wslu-share-box-shaped wslu-fill-colored wslu-none wslu-share-horizontal wslu-theme-font-no wslu-main_content\">\n\n\t\t\n        <ul>\n\t\t\t        <\/ul>\n    <\/div> \n","protected":false},"excerpt":{"rendered":"<p>Graff puku 631-B-2 L<\/p>\n<p>Kiitos 3-kerroksisen BRATEX\u00ae-kalvon k\u00e4yt\u00f6n, jonka vedenpit\u00e4v\u00e4t ja hengitt\u00e4v\u00e4t parametrit ovat 25 000 mm H2O\/20 000 g\/m\u00b2\/24 h, takki tarjoaa erinomaisen suojan sateelta ja tuulelta. Erityisesti kehitetty TEFLON\u00ae-p\u00e4\u00e4llyste antaa veden virrata vapaasti kankaan pinnalta ja lika tarttuu siihen v\u00e4hemm\u00e4n, mik\u00e4 helpottaa puhdistamista. Lis\u00e4ksi sarjaa on rikastettu UV-s\u00e4teilylt\u00e4 suojaavalla pinnoitteella, joka suojaa materiaalia haalistumiselta ja valkaantumiselta. Takkien ja housujen tehokkuuden lis\u00e4\u00e4miseksi k\u00e4ytettiin arvostetun YKK\u00ae-yhti\u00f6n VISLON\u00ae AquaGuard\u00ae -sarjan huippulaatuvetoketjuja.<\/p>\n<p>Teipatut saumat<br \/>\n3-kerroksinen BRATEX\u00ae-kalvo vedenpit\u00e4vill\u00e4 ja hengitt\u00e4vill\u00e4 parametreilla<br \/>\n25 000 mm H2O\/20 000 g\/m\u00b2\/24 h<br \/>\nTEFLON\u00ae-p\u00e4\u00e4llyste, joka lis\u00e4\u00e4 kest\u00e4vyytt\u00e4 likaa ja vett\u00e4 vastaan<br \/>\nLis\u00e4suoja auringonvalolta<br \/>\nYKK\u00ae VISLON\u00ae AquaGuard\u00ae -p\u00e4\u00e4vetoketju, jota suojaa sis\u00e4puolelta lis\u00e4l\u00e4pp\u00e4<br \/>\n4 tilavaa ulkotaskua, jotka on kiinnitetty vedenpit\u00e4vill\u00e4 YKK\u00ae VISLON\u00ae -vetoketjuilla, joissa on lis\u00e4vesipoisto<br \/>\nVedenpit\u00e4v\u00e4ll\u00e4 YKK\u00ae VISLON\u00ae -vetoketjulla kiinnitetty sis\u00e4tasku t\u00e4rkeimpi\u00e4 esineit\u00e4 varten, kuten puhelin\/asiakirjat\/avaimet<br \/>\nSyv\u00e4sti s\u00e4\u00e4dett\u00e4v\u00e4 huppu, jossa on lis\u00e4j\u00e4ykkyytt\u00e4 antaa piikki<br \/>\nLantion ymp\u00e4rysmitan s\u00e4\u00e4t\u00f6<br \/>\nErityisesti suunnitellut hihansuut, joissa on s\u00e4\u00e4dett\u00e4v\u00e4 ymp\u00e4rysmitta, ja lis\u00e4ksi neopreeninen sis\u00e4hihansuu, joka suojaa hihaan virtaavalta vedelt\u00e4.<br \/>\nMuovikoukut molemmilla puolilla erityyppisi\u00e4 tarvikkeita varten, mukaan lukien: veneen, vesiskootterin tai moottorikelkan moottorin suksia.<br \/>\nLis\u00e4koukku takin takana<br \/>\nTakin sis\u00e4puolella tuuletettava verkkovuori<br \/>\nHeijastustarrat ja logot lis\u00e4\u00e4v\u00e4t turvallisuutta<br \/>\nKoko: L<\/p>\n","protected":false},"featured_media":69727,"template":"","meta":{"_uag_custom_page_level_css":""},"product_brand":[1513],"product_cat":[1218],"product_tag":[],"class_list":{"0":"post-1724","1":"product","2":"type-product","3":"status-publish","4":"has-post-thumbnail","6":"product_brand-graff","7":"product_cat-kostuumid","8":"pa_brand-graff","10":"first","11":"outofstock","12":"sale","13":"taxable","14":"shipping-taxable","15":"purchasable","16":"product-type-simple"},"uagb_featured_image_src":{"full":["https:\/\/e-kalastus.b-cdn.net\/wp-content\/uploads\/2024\/07\/68254-3.jpg",1000,840,false],"thumbnail":["https:\/\/e-kalastus.b-cdn.net\/wp-content\/uploads\/2024\/07\/68254-3-150x150.jpg",150,150,true],"medium":["https:\/\/e-kalastus.b-cdn.net\/wp-content\/uploads\/2024\/07\/68254-3-300x300.jpg",300,300,true],"medium_large":["https:\/\/e-kalastus.b-cdn.net\/wp-content\/uploads\/2024\/07\/68254-3-768x768.jpg",768,768,true],"large":["https:\/\/e-kalastus.b-cdn.net\/wp-content\/uploads\/2024\/07\/68254-3-800x800.jpg",800,800,true],"1536x1536":["https:\/\/e-kalastus.b-cdn.net\/wp-content\/uploads\/2024\/07\/68254-3.jpg",1000,840,false],"2048x2048":["https:\/\/e-kalastus.b-cdn.net\/wp-content\/uploads\/2024\/07\/68254-3.jpg",1000,840,false],"woocommerce_thumbnail":["https:\/\/e-kalastus.b-cdn.net\/wp-content\/uploads\/2024\/07\/68254-3-768x768.jpg",324,324,true],"woocommerce_single":["https:\/\/e-kalastus.b-cdn.net\/wp-content\/uploads\/2024\/07\/68254-3.jpg",416,349,false],"woocommerce_gallery_thumbnail":["https:\/\/e-kalastus.b-cdn.net\/wp-content\/uploads\/2024\/07\/68254-3-100x100.jpg",100,100,true]},"uagb_author_info":{"display_name":"adam.mrozek","author_link":"https:\/\/e-kalastus.ee\/fi\/author\/"},"uagb_comment_info":0,"uagb_excerpt":"Graff puku 631-B-2 L Kiitos 3-kerroksisen BRATEX\u00ae-kalvon k\u00e4yt\u00f6n, jonka vedenpit\u00e4v\u00e4t ja hengitt\u00e4v\u00e4t parametrit ovat 25 000 mm H2O\/20 000 g\/m\u00b2\/24 h, takki tarjoaa erinomaisen suojan sateelta ja tuulelta. Erityisesti kehitetty TEFLON\u00ae-p\u00e4\u00e4llyste antaa veden virrata vapaasti kankaan pinnalta ja lika tarttuu siihen v\u00e4hemm\u00e4n, mik\u00e4 helpottaa puhdistamista. Lis\u00e4ksi sarjaa on rikastettu UV-s\u00e4teilylt\u00e4 suojaavalla pinnoitteella, joka suojaa materiaalia&hellip;","_links":{"self":[{"href":"https:\/\/e-kalastus.ee\/fi\/wp-json\/wp\/v2\/product\/1724","targetHints":{"allow":["GET"]}}],"collection":[{"href":"https:\/\/e-kalastus.ee\/fi\/wp-json\/wp\/v2\/product"}],"about":[{"href":"https:\/\/e-kalastus.ee\/fi\/wp-json\/wp\/v2\/types\/product"}],"wp:featuredmedia":[{"embeddable":true,"href":"https:\/\/e-kalastus.ee\/fi\/wp-json\/wp\/v2\/media\/69727"}],"wp:attachment":[{"href":"https:\/\/e-kalastus.ee\/fi\/wp-json\/wp\/v2\/media?parent=1724"}],"wp:term":[{"taxonomy":"product_brand","embeddable":true,"href":"https:\/\/e-kalastus.ee\/fi\/wp-json\/wp\/v2\/product_brand?post=1724"},{"taxonomy":"product_cat","embeddable":true,"href":"https:\/\/e-kalastus.ee\/fi\/wp-json\/wp\/v2\/product_cat?post=1724"},{"taxonomy":"product_tag","embeddable":true,"href":"https:\/\/e-kalastus.ee\/fi\/wp-json\/wp\/v2\/product_tag?post=1724"}],"curies":[{"name":"wp","href":"https:\/\/api.w.org\/{rel}","templated":true}]}}