{"id":14559,"date":"2023-09-02T10:46:56","date_gmt":"2023-09-02T07:46:56","guid":{"rendered":"https:\/\/e-kalastus.ee\/toode\/lisand-traper-bioaktivaator-bloodworm-300g\/"},"modified":"2026-03-30T14:26:07","modified_gmt":"2026-03-30T11:26:07","slug":"lisand-traper-bioaktivaator-bloodworm-300g","status":"publish","type":"product","link":"https:\/\/e-kalastus.ee\/fi\/tuotteet\/pohjaviehe-lisaaine-traper-bioactivator-bloodworm-mosquito-300g\/","title":{"rendered":"Pohjaviehe lis\u00e4aine Traper Bioactivator Bloodworm\/Hyttynenkest\u00e4v\u00e4 300g 01207"},"content":{"rendered":"\n    <div class=\"xs_social_share_widget xs_share_url after_content \t\tmain_content  wslu-style-1 wslu-share-box-shaped wslu-fill-colored wslu-none wslu-share-horizontal wslu-theme-font-no wslu-main_content\">\n\n\t\t\n        <ul>\n\t\t\t        <\/ul>\n    <\/div> \n","protected":false},"excerpt":{"rendered":"<p>Pohjaviehe lis\u00e4aine BIOACTIVATOR 300 g Traper<\/p>\n<p>Keskitetty haju ja maku<br \/>\nStimuloi nopeasti<br \/>\nLis\u00e4\u00e4 ruokahalua erinomaisesti<br \/>\nNopeuttaa ruoansulatus<br \/>\nPit\u00e4\u00e4 kalan paikallaan pitk\u00e4\u00e4n<br \/>\nPaketista riitt\u00e4\u00e4 2,5-5 pohjavieheelle<\/p>\n","protected":false},"featured_media":64443,"template":"","meta":{"_uag_custom_page_level_css":""},"product_brand":[1522],"product_cat":[1187],"product_tag":[],"class_list":{"0":"post-14559","1":"product","2":"type-product","3":"status-publish","4":"has-post-thumbnail","6":"product_brand-traper","7":"product_cat-kuivlisandid","8":"pa_brand-traper","10":"first","11":"instock","12":"sale","13":"taxable","14":"shipping-taxable","15":"purchasable","16":"product-type-simple"},"uagb_featured_image_src":{"full":["https:\/\/e-kalastus.b-cdn.net\/wp-content\/uploads\/2024\/07\/bioaktivaator-traper-saasevastne-300g.jpg",458,458,false],"thumbnail":["https:\/\/e-kalastus.b-cdn.net\/wp-content\/uploads\/2024\/07\/bioaktivaator-traper-saasevastne-300g-150x150.jpg",150,150,true],"medium":["https:\/\/e-kalastus.b-cdn.net\/wp-content\/uploads\/2024\/07\/bioaktivaator-traper-saasevastne-300g-300x300.jpg",300,300,true],"medium_large":["https:\/\/e-kalastus.b-cdn.net\/wp-content\/uploads\/2024\/07\/bioaktivaator-traper-saasevastne-300g-768x768.jpg",768,768,true],"large":["https:\/\/e-kalastus.b-cdn.net\/wp-content\/uploads\/2024\/07\/bioaktivaator-traper-saasevastne-300g-800x800.jpg",800,800,true],"1536x1536":["https:\/\/e-kalastus.b-cdn.net\/wp-content\/uploads\/2024\/07\/bioaktivaator-traper-saasevastne-300g.jpg",458,458,false],"2048x2048":["https:\/\/e-kalastus.b-cdn.net\/wp-content\/uploads\/2024\/07\/bioaktivaator-traper-saasevastne-300g.jpg",458,458,false],"woocommerce_thumbnail":["https:\/\/e-kalastus.b-cdn.net\/wp-content\/uploads\/2024\/07\/bioaktivaator-traper-saasevastne-300g-768x768.jpg",324,324,true],"woocommerce_single":["https:\/\/e-kalastus.b-cdn.net\/wp-content\/uploads\/2024\/07\/bioaktivaator-traper-saasevastne-300g-768x768.jpg",416,416,true],"woocommerce_gallery_thumbnail":["https:\/\/e-kalastus.b-cdn.net\/wp-content\/uploads\/2024\/07\/bioaktivaator-traper-saasevastne-300g-100x100.jpg",100,100,true]},"uagb_author_info":{"display_name":"adam.mrozek","author_link":"https:\/\/e-kalastus.ee\/fi\/author\/"},"uagb_comment_info":0,"uagb_excerpt":"Pohjaviehe lis\u00e4aine BIOACTIVATOR 300 g Traper Keskitetty haju ja maku Stimuloi nopeasti Lis\u00e4\u00e4 ruokahalua erinomaisesti Nopeuttaa ruoansulatus Pit\u00e4\u00e4 kalan paikallaan pitk\u00e4\u00e4n Paketista riitt\u00e4\u00e4 2,5-5 pohjavieheelle","_links":{"self":[{"href":"https:\/\/e-kalastus.ee\/fi\/wp-json\/wp\/v2\/product\/14559","targetHints":{"allow":["GET"]}}],"collection":[{"href":"https:\/\/e-kalastus.ee\/fi\/wp-json\/wp\/v2\/product"}],"about":[{"href":"https:\/\/e-kalastus.ee\/fi\/wp-json\/wp\/v2\/types\/product"}],"wp:featuredmedia":[{"embeddable":true,"href":"https:\/\/e-kalastus.ee\/fi\/wp-json\/wp\/v2\/media\/64443"}],"wp:attachment":[{"href":"https:\/\/e-kalastus.ee\/fi\/wp-json\/wp\/v2\/media?parent=14559"}],"wp:term":[{"taxonomy":"product_brand","embeddable":true,"href":"https:\/\/e-kalastus.ee\/fi\/wp-json\/wp\/v2\/product_brand?post=14559"},{"taxonomy":"product_cat","embeddable":true,"href":"https:\/\/e-kalastus.ee\/fi\/wp-json\/wp\/v2\/product_cat?post=14559"},{"taxonomy":"product_tag","embeddable":true,"href":"https:\/\/e-kalastus.ee\/fi\/wp-json\/wp\/v2\/product_tag?post=14559"}],"curies":[{"name":"wp","href":"https:\/\/api.w.org\/{rel}","templated":true}]}}