{"id":14469,"date":"2023-09-01T17:46:55","date_gmt":"2023-09-01T14:46:55","guid":{"rendered":"https:\/\/e-kalastus.ee\/toode\/soot-traper-expert-speed-groundbait-mix-2-500g\/"},"modified":"2026-04-16T16:49:09","modified_gmt":"2026-04-16T13:49:09","slug":"soot-traper-expert-speed-groundbait-mix-2-500g","status":"publish","type":"product","link":"https:\/\/e-kalastus.ee\/fi\/tuotteet\/lisaaine-traper-expert-seed-ready-groundbait-mix-2-500g-03015\/","title":{"rendered":"Lis\u00e4aine Traper Expert Seed Ready Groundbait Mix 2 500g 03015"},"content":{"rendered":"\n    <div class=\"xs_social_share_widget xs_share_url after_content \t\tmain_content  wslu-style-1 wslu-share-box-shaped wslu-fill-colored wslu-none wslu-share-horizontal wslu-theme-font-no wslu-main_content\">\n\n\t\t\n        <ul>\n\t\t\t        <\/ul>\n    <\/div> \n","protected":false},"excerpt":{"rendered":"<p>Traper Expert Boiled Groundbait Seeds -lis\u00e4aine &#8211; valitut ja korkeimman laadun keitetyt sy\u00f6ttisiemenet.<\/p>\n<p>Erinomainen valinta k\u00e4ytett\u00e4v\u00e4ksi sy\u00f6ttilis\u00e4aineena koukussa<br \/>\nPaino: 1 kg<\/p>\n","protected":false},"featured_media":62513,"template":"","meta":{"_uag_custom_page_level_css":""},"product_brand":[1522],"product_cat":[1186],"product_tag":[],"class_list":{"0":"post-14469","1":"product","2":"type-product","3":"status-publish","4":"has-post-thumbnail","6":"product_brand-traper","7":"product_cat-soodad","8":"pa_brand-traper","10":"first","11":"instock","12":"sale","13":"taxable","14":"shipping-taxable","15":"purchasable","16":"product-type-simple"},"uagb_featured_image_src":{"full":["https:\/\/e-kalastus.b-cdn.net\/wp-content\/uploads\/2024\/05\/groundbait-seeds-traper-mix-500g-image-5e944be811357-800x800-2.jpg",768,768,false],"thumbnail":["https:\/\/e-kalastus.b-cdn.net\/wp-content\/uploads\/2024\/05\/groundbait-seeds-traper-mix-500g-image-5e944be811357-800x800-2-150x150.jpg",150,150,true],"medium":["https:\/\/e-kalastus.b-cdn.net\/wp-content\/uploads\/2024\/05\/groundbait-seeds-traper-mix-500g-image-5e944be811357-800x800-2-300x300.jpg",300,300,true],"medium_large":["https:\/\/e-kalastus.b-cdn.net\/wp-content\/uploads\/2024\/05\/groundbait-seeds-traper-mix-500g-image-5e944be811357-800x800-2-768x768.jpg",768,768,true],"large":["https:\/\/e-kalastus.b-cdn.net\/wp-content\/uploads\/2024\/05\/groundbait-seeds-traper-mix-500g-image-5e944be811357-800x800-2-800x800.jpg",800,800,true],"1536x1536":["https:\/\/e-kalastus.b-cdn.net\/wp-content\/uploads\/2024\/05\/groundbait-seeds-traper-mix-500g-image-5e944be811357-800x800-2.jpg",768,768,false],"2048x2048":["https:\/\/e-kalastus.b-cdn.net\/wp-content\/uploads\/2024\/05\/groundbait-seeds-traper-mix-500g-image-5e944be811357-800x800-2.jpg",768,768,false],"woocommerce_thumbnail":["https:\/\/e-kalastus.b-cdn.net\/wp-content\/uploads\/2024\/05\/groundbait-seeds-traper-mix-500g-image-5e944be811357-800x800-2-768x768.jpg",324,324,true],"woocommerce_single":["https:\/\/e-kalastus.b-cdn.net\/wp-content\/uploads\/2024\/05\/groundbait-seeds-traper-mix-500g-image-5e944be811357-800x800-2-768x768.jpg",416,416,true],"woocommerce_gallery_thumbnail":["https:\/\/e-kalastus.b-cdn.net\/wp-content\/uploads\/2024\/05\/groundbait-seeds-traper-mix-500g-image-5e944be811357-800x800-2-100x100.jpg",100,100,true]},"uagb_author_info":{"display_name":"adam.mrozek","author_link":"https:\/\/e-kalastus.ee\/fi\/author\/"},"uagb_comment_info":0,"uagb_excerpt":"Traper Expert Boiled Groundbait Seeds -lis\u00e4aine - valitut ja korkeimman laadun keitetyt sy\u00f6ttisiemenet. Erinomainen valinta k\u00e4ytett\u00e4v\u00e4ksi sy\u00f6ttilis\u00e4aineena koukussa Paino: 1 kg","_links":{"self":[{"href":"https:\/\/e-kalastus.ee\/fi\/wp-json\/wp\/v2\/product\/14469","targetHints":{"allow":["GET"]}}],"collection":[{"href":"https:\/\/e-kalastus.ee\/fi\/wp-json\/wp\/v2\/product"}],"about":[{"href":"https:\/\/e-kalastus.ee\/fi\/wp-json\/wp\/v2\/types\/product"}],"wp:featuredmedia":[{"embeddable":true,"href":"https:\/\/e-kalastus.ee\/fi\/wp-json\/wp\/v2\/media\/62513"}],"wp:attachment":[{"href":"https:\/\/e-kalastus.ee\/fi\/wp-json\/wp\/v2\/media?parent=14469"}],"wp:term":[{"taxonomy":"product_brand","embeddable":true,"href":"https:\/\/e-kalastus.ee\/fi\/wp-json\/wp\/v2\/product_brand?post=14469"},{"taxonomy":"product_cat","embeddable":true,"href":"https:\/\/e-kalastus.ee\/fi\/wp-json\/wp\/v2\/product_cat?post=14469"},{"taxonomy":"product_tag","embeddable":true,"href":"https:\/\/e-kalastus.ee\/fi\/wp-json\/wp\/v2\/product_tag?post=14469"}],"curies":[{"name":"wp","href":"https:\/\/api.w.org\/{rel}","templated":true}]}}