{"id":14398,"date":"2023-09-01T16:12:28","date_gmt":"2023-09-01T13:12:28","guid":{"rendered":"https:\/\/e-kalastus.ee\/toode\/soot-traper-feeder-sekret-black-1kg\/"},"modified":"2026-04-07T16:20:38","modified_gmt":"2026-04-07T13:20:38","slug":"soot-traper-feeder-sekret-black-1kg","status":"publish","type":"product","link":"https:\/\/e-kalastus.ee\/toode\/soot-traper-feeder-sekret-black-1kg\/","title":{"rendered":"Peibutuss\u00f6\u00f6t Traper Sekret Feeder Black 1kg 00023"},"content":{"rendered":"\n    <div class=\"xs_social_share_widget xs_share_url after_content \t\tmain_content  wslu-style-1 wslu-share-box-shaped wslu-fill-colored wslu-none wslu-share-horizontal wslu-theme-font-no wslu-main_content\">\n\n\t\t\n        <ul>\n\t\t\t        <\/ul>\n    <\/div> \n","protected":false},"excerpt":{"rendered":"<p>Traperi Secret sarja s\u00f6\u00f6dad on v\u00e4lja t\u00f6\u00f6tatud sellisteks tingimusteks, kus suurt rolli ei m\u00e4ngi mitte ainult s\u00f6\u00f6da koostis, vaid ka selle v\u00e4rv. N\u00e4iteks oli t\u00e4heldatud, et v\u00e4iksemad kalad (nt s\u00e4rg) eelistavad tumedamat v\u00e4rvi s\u00f6\u00f6ta, kuid suurematele kaladele meeldivad heledamad s\u00f6\u00f6dad. Lisaks v\u00e4rvile m\u00f5jutab kala eelistusi ilm, vee selgus ja muud n\u00e4itajad. Selgemas vees p\u00e4ikeselisel p\u00e4eval tumedamad s\u00f6\u00f6dad t\u00f6\u00f6tavad reeglina paremini (nad on veekogu p\u00f5hja v\u00e4rviga sarnased). Kuid h\u00e4guse vee jaoks on erksamad v\u00e4rvid eelistatumad: punane, kollane.<br \/>\nSecret sarja valikus on j\u00e4rgmised v\u00e4rvid: must, kollane, punane, roheline. Nad on kalade liikide j\u00e4rgi jaotatud: latikas, karpkala, koger, linask, s\u00e4rg.<\/p>\n","protected":false},"featured_media":62144,"template":"","meta":{"_uag_custom_page_level_css":""},"product_brand":[1522],"product_cat":[1186],"product_tag":[],"class_list":{"0":"post-14398","1":"product","2":"type-product","3":"status-publish","4":"has-post-thumbnail","6":"product_brand-traper","7":"product_cat-soodad","8":"pa_brand-traper","10":"first","11":"instock","12":"sale","13":"taxable","14":"shipping-taxable","15":"purchasable","16":"product-type-simple"},"uagb_featured_image_src":{"full":["https:\/\/e-kalastus.b-cdn.net\/wp-content\/uploads\/2024\/05\/Jaukas-Traper-feeder-sekret-juodas-Kiba-lt-600x600-1.jpg",600,600,false],"thumbnail":["https:\/\/e-kalastus.b-cdn.net\/wp-content\/uploads\/2024\/05\/Jaukas-Traper-feeder-sekret-juodas-Kiba-lt-600x600-1-150x150.jpg",150,150,true],"medium":["https:\/\/e-kalastus.b-cdn.net\/wp-content\/uploads\/2024\/05\/Jaukas-Traper-feeder-sekret-juodas-Kiba-lt-600x600-1-300x300.jpg",300,300,true],"medium_large":["https:\/\/e-kalastus.b-cdn.net\/wp-content\/uploads\/2024\/05\/Jaukas-Traper-feeder-sekret-juodas-Kiba-lt-600x600-1-768x768.jpg",768,768,true],"large":["https:\/\/e-kalastus.b-cdn.net\/wp-content\/uploads\/2024\/05\/Jaukas-Traper-feeder-sekret-juodas-Kiba-lt-600x600-1-800x800.jpg",800,800,true],"1536x1536":["https:\/\/e-kalastus.b-cdn.net\/wp-content\/uploads\/2024\/05\/Jaukas-Traper-feeder-sekret-juodas-Kiba-lt-600x600-1.jpg",600,600,false],"2048x2048":["https:\/\/e-kalastus.b-cdn.net\/wp-content\/uploads\/2024\/05\/Jaukas-Traper-feeder-sekret-juodas-Kiba-lt-600x600-1.jpg",600,600,false],"woocommerce_thumbnail":["https:\/\/e-kalastus.b-cdn.net\/wp-content\/uploads\/2024\/05\/Jaukas-Traper-feeder-sekret-juodas-Kiba-lt-600x600-1-768x768.jpg",324,324,true],"woocommerce_single":["https:\/\/e-kalastus.b-cdn.net\/wp-content\/uploads\/2024\/05\/Jaukas-Traper-feeder-sekret-juodas-Kiba-lt-600x600-1-768x768.jpg",416,416,true],"woocommerce_gallery_thumbnail":["https:\/\/e-kalastus.b-cdn.net\/wp-content\/uploads\/2024\/05\/Jaukas-Traper-feeder-sekret-juodas-Kiba-lt-600x600-1-100x100.jpg",100,100,true]},"uagb_author_info":{"display_name":"adam.mrozek","author_link":"https:\/\/e-kalastus.ee\/author\/"},"uagb_comment_info":0,"uagb_excerpt":"Traperi Secret sarja s\u00f6\u00f6dad on v\u00e4lja t\u00f6\u00f6tatud sellisteks tingimusteks, kus suurt rolli ei m\u00e4ngi mitte ainult s\u00f6\u00f6da koostis, vaid ka selle v\u00e4rv. N\u00e4iteks oli t\u00e4heldatud, et v\u00e4iksemad kalad (nt s\u00e4rg) eelistavad tumedamat v\u00e4rvi s\u00f6\u00f6ta, kuid suurematele kaladele meeldivad heledamad s\u00f6\u00f6dad. Lisaks v\u00e4rvile m\u00f5jutab kala eelistusi ilm, vee selgus ja muud n\u00e4itajad. Selgemas vees p\u00e4ikeselisel p\u00e4eval&hellip;","_links":{"self":[{"href":"https:\/\/e-kalastus.ee\/wp-json\/wp\/v2\/product\/14398","targetHints":{"allow":["GET"]}}],"collection":[{"href":"https:\/\/e-kalastus.ee\/wp-json\/wp\/v2\/product"}],"about":[{"href":"https:\/\/e-kalastus.ee\/wp-json\/wp\/v2\/types\/product"}],"wp:featuredmedia":[{"embeddable":true,"href":"https:\/\/e-kalastus.ee\/wp-json\/wp\/v2\/media\/62144"}],"wp:attachment":[{"href":"https:\/\/e-kalastus.ee\/wp-json\/wp\/v2\/media?parent=14398"}],"wp:term":[{"taxonomy":"product_brand","embeddable":true,"href":"https:\/\/e-kalastus.ee\/wp-json\/wp\/v2\/product_brand?post=14398"},{"taxonomy":"product_cat","embeddable":true,"href":"https:\/\/e-kalastus.ee\/wp-json\/wp\/v2\/product_cat?post=14398"},{"taxonomy":"product_tag","embeddable":true,"href":"https:\/\/e-kalastus.ee\/wp-json\/wp\/v2\/product_tag?post=14398"}],"curies":[{"name":"wp","href":"https:\/\/api.w.org\/{rel}","templated":true}]}}