{"id":14328,"date":"2023-09-01T14:27:17","date_gmt":"2023-09-01T11:27:17","guid":{"rendered":"https:\/\/e-kalastus.ee\/toode\/sprei-traper-atomix-method-feeder-punane-uss-50g\/"},"modified":"2026-03-30T15:40:28","modified_gmt":"2026-03-30T12:40:28","slug":"sprei-traper-atomix-method-feeder-punane-uss-50g","status":"publish","type":"product","link":"https:\/\/e-kalastus.ee\/fi\/tuotteet\/traper-atomix-method-feeder-punainen-mato-suihke-50g\/","title":{"rendered":"Sprei Traper Atomix Redworm 50g 02022"},"content":{"rendered":"\n    <div class=\"xs_social_share_widget xs_share_url after_content \t\tmain_content  wslu-style-1 wslu-share-box-shaped wslu-fill-colored wslu-none wslu-share-horizontal wslu-theme-font-no wslu-main_content\">\n\n\t\t\n        <ul>\n\t\t\t        <\/ul>\n    <\/div> \n","protected":false},"excerpt":{"rendered":"<p>Traper Atomix Method Feeder sy\u00f6tti &#8211; helppok\u00e4ytt\u00f6inen, keskitetty suihkutettava houkutin. Ihanteellinen ruiskutettavaksi pohjasy\u00f6tille, koukunsy\u00f6tille tai feedereille juuri ennen vieheen heittoa.<\/p>\n","protected":false},"featured_media":78235,"template":"","meta":{"_uag_custom_page_level_css":""},"product_brand":[1522],"product_cat":[1231],"product_tag":[],"class_list":{"0":"post-14328","1":"product","2":"type-product","3":"status-publish","4":"has-post-thumbnail","6":"product_brand-traper","7":"product_cat-vedelad-lisandid","8":"pa_brand-traper","10":"first","11":"instock","12":"sale","13":"taxable","14":"shipping-taxable","15":"purchasable","16":"product-type-simple"},"uagb_featured_image_src":{"full":["https:\/\/e-kalastus.b-cdn.net\/wp-content\/uploads\/2025\/03\/image-34358.png",512,512,false],"thumbnail":["https:\/\/e-kalastus.b-cdn.net\/wp-content\/uploads\/2025\/03\/image-34358-150x150.png.jpg",150,150,true],"medium":["https:\/\/e-kalastus.b-cdn.net\/wp-content\/uploads\/2025\/03\/image-34358-300x300.png.jpg",300,300,true],"medium_large":["https:\/\/e-kalastus.b-cdn.net\/wp-content\/uploads\/2025\/03\/image-34358-768x768.png.jpg",768,768,true],"large":["https:\/\/e-kalastus.b-cdn.net\/wp-content\/uploads\/2025\/03\/image-34358-800x800.png.jpg",800,800,true],"1536x1536":["https:\/\/e-kalastus.b-cdn.net\/wp-content\/uploads\/2025\/03\/image-34358.png",512,512,false],"2048x2048":["https:\/\/e-kalastus.b-cdn.net\/wp-content\/uploads\/2025\/03\/image-34358.png",512,512,false],"woocommerce_thumbnail":["https:\/\/e-kalastus.b-cdn.net\/wp-content\/uploads\/2025\/03\/image-34358-768x768.png.jpg",324,324,true],"woocommerce_single":["https:\/\/e-kalastus.b-cdn.net\/wp-content\/uploads\/2025\/03\/image-34358-768x768.png.jpg",416,416,true],"woocommerce_gallery_thumbnail":["https:\/\/e-kalastus.b-cdn.net\/wp-content\/uploads\/2025\/03\/image-34358-100x100.png.jpg",100,100,true]},"uagb_author_info":{"display_name":"adam.mrozek","author_link":"https:\/\/e-kalastus.ee\/fi\/author\/"},"uagb_comment_info":0,"uagb_excerpt":"Traper Atomix Method Feeder sy\u00f6tti - helppok\u00e4ytt\u00f6inen, keskitetty suihkutettava houkutin. Ihanteellinen ruiskutettavaksi pohjasy\u00f6tille, koukunsy\u00f6tille tai feedereille juuri ennen vieheen heittoa.","_links":{"self":[{"href":"https:\/\/e-kalastus.ee\/fi\/wp-json\/wp\/v2\/product\/14328","targetHints":{"allow":["GET"]}}],"collection":[{"href":"https:\/\/e-kalastus.ee\/fi\/wp-json\/wp\/v2\/product"}],"about":[{"href":"https:\/\/e-kalastus.ee\/fi\/wp-json\/wp\/v2\/types\/product"}],"wp:featuredmedia":[{"embeddable":true,"href":"https:\/\/e-kalastus.ee\/fi\/wp-json\/wp\/v2\/media\/78235"}],"wp:attachment":[{"href":"https:\/\/e-kalastus.ee\/fi\/wp-json\/wp\/v2\/media?parent=14328"}],"wp:term":[{"taxonomy":"product_brand","embeddable":true,"href":"https:\/\/e-kalastus.ee\/fi\/wp-json\/wp\/v2\/product_brand?post=14328"},{"taxonomy":"product_cat","embeddable":true,"href":"https:\/\/e-kalastus.ee\/fi\/wp-json\/wp\/v2\/product_cat?post=14328"},{"taxonomy":"product_tag","embeddable":true,"href":"https:\/\/e-kalastus.ee\/fi\/wp-json\/wp\/v2\/product_tag?post=14328"}],"curies":[{"name":"wp","href":"https:\/\/api.w.org\/{rel}","templated":true}]}}