{"id":13662,"date":"2023-08-31T13:27:19","date_gmt":"2023-08-31T10:27:19","guid":{"rendered":"https:\/\/e-kalastus.ee\/toode\/kajalood-lowrance-hook-2-4-gps\/"},"modified":"2026-03-30T15:50:14","modified_gmt":"2026-03-30T12:50:14","slug":"kajalood-lowrance-hook-2-4-gps","status":"publish","type":"product","link":"https:\/\/e-kalastus.ee\/toode\/kajalood-lowrance-hook-2-4-gps\/","title":{"rendered":"Kajalood Lowrance Hook 2 4&#8221; GPS"},"content":{"rendered":"<p><\/p>\n<div>\n<div>Lowrance HOOK\u00b2 seeria uued kajaloodid eristuvad senistest Hook-seeria kajaloodidest oma veelgi suurendatud kasutusmugavuse poolest. S\u00f5ltumata HOOK\u00b2 mudelist tunneb kajalood n\u00fc\u00fcd sissel\u00fclitamisel anduri t\u00fc\u00fcbi ise \u00e4ra. Samuti muudab kajalood ise kasutamise k\u00e4igus vastavalt vajadusele pidevalt anduri seadeid, hoides pildi maksimaalselt kvaliteetse, mist\u00f5ttu kaob vajadus pidevalt ise nuppe n\u00e4ppida. Kui Sul on aga oma n\u00e4gemus ja tahad kajaloodist midagi enamat v\u00e4lja pigistada, siis saad selle automaatrezhiimi loomulikult ka paari nupuvajutusega v\u00e4lja l\u00fclitada. Sisuliselt t\u00e4hendab see, et paned anduri vette, \u00fchendad juhtmed taha ja k\u00f5ik t\u00f6\u00f6tab automaatselt.&nbsp;Uues seerias ongi 4\u201c kajalood k\u00f5ige v\u00e4iksem. Lisaks on ka 4\u201c ekraaniga kajaloodid esmakordselt keeratud horisontaalsesse asendisse analoogiliselt suuremate mudelitega, suurendamaks kasutusmugavust. Samuti on kajaloodil eestikeelne men\u00fc\u00fc.<br \/>\nSellel mudelil on lihtne GPS, mis v\u00f5imaldab j\u00e4lgida oma asukohta, liikumistrajektoori ja salvestada vajalikke punkte (nt kalakohti). Samas ei ole sellel seadmel kaardipesa ja ei saa lisada veekogude s\u00fcgavuskaarte. Kui seda v\u00f5imalust vajad, siis vaata juba mudelit Hook2-5 HDI, mis on soodsaim kaartide kasutamisv\u00f5imalusega kajalood.&nbsp;Andur on allavaatav, lihtne \u00fchesageduslik Bullet-t\u00fc\u00fcpi (200kHz) ja laiendatud vaatenurgaga, mis n\u00e4itab h\u00e4sti kalu ja p\u00f5hjakontuuri paadi all.&nbsp;<\/div>\n<\/div>\n<p><\/p>\n\n    <div class=\"xs_social_share_widget xs_share_url after_content \t\tmain_content  wslu-style-1 wslu-share-box-shaped wslu-fill-colored wslu-none wslu-share-horizontal wslu-theme-font-no wslu-main_content\">\n\n\t\t\n        <ul>\n\t\t\t        <\/ul>\n    <\/div>","protected":false},"excerpt":{"rendered":"<p>Lowrance HOOK\u00b2 seeria uued kajaloodid eristuvad senistest Hook-seeria kajaloodidest oma veelgi suurendatud kasutusmugavuse poolest. S\u00f5ltumata HOOK\u00b2 mudelist tunneb kajalood n\u00fc\u00fcd sissel\u00fclitamisel anduri t\u00fc\u00fcbi ise \u00e4ra. Samuti muudab kajalood ise kasutamise k\u00e4igus vastavalt vajadusele pidevalt anduri seadeid, hoides pildi maksimaalselt kvaliteetse, mist\u00f5ttu kaob vajadus pidevalt ise nuppe n\u00e4ppida. Kui Sul on aga oma n\u00e4gemus ja tahad [&hellip;]<\/p>\n","protected":false},"featured_media":68984,"template":"","meta":{"_uag_custom_page_level_css":""},"product_brand":[],"product_cat":[1244],"product_tag":[],"class_list":{"0":"post-13662","1":"product","2":"type-product","3":"status-publish","4":"has-post-thumbnail","6":"product_cat-talvised-kajaloodid","8":"first","9":"outofstock","10":"taxable","11":"shipping-taxable","12":"purchasable","13":"product-type-simple"},"uagb_featured_image_src":{"full":["https:\/\/e-kalastus.b-cdn.net\/wp-content\/uploads\/2024\/07\/tuotesivu-LowranceHook2-4XGPSAllSeasonPackKannettavaKaikuluotain-9420024168295-93250f0091b0b4eed5c2529a4da84d10-2.jpg",403,403,false],"thumbnail":["https:\/\/e-kalastus.b-cdn.net\/wp-content\/uploads\/2024\/07\/tuotesivu-LowranceHook2-4XGPSAllSeasonPackKannettavaKaikuluotain-9420024168295-93250f0091b0b4eed5c2529a4da84d10-2-150x150.jpg",150,150,true],"medium":["https:\/\/e-kalastus.b-cdn.net\/wp-content\/uploads\/2024\/07\/tuotesivu-LowranceHook2-4XGPSAllSeasonPackKannettavaKaikuluotain-9420024168295-93250f0091b0b4eed5c2529a4da84d10-2-300x300.jpg",300,300,true],"medium_large":["https:\/\/e-kalastus.b-cdn.net\/wp-content\/uploads\/2024\/07\/tuotesivu-LowranceHook2-4XGPSAllSeasonPackKannettavaKaikuluotain-9420024168295-93250f0091b0b4eed5c2529a4da84d10-2-768x768.jpg",768,768,true],"large":["https:\/\/e-kalastus.b-cdn.net\/wp-content\/uploads\/2024\/07\/tuotesivu-LowranceHook2-4XGPSAllSeasonPackKannettavaKaikuluotain-9420024168295-93250f0091b0b4eed5c2529a4da84d10-2-800x800.jpg",800,800,true],"1536x1536":["https:\/\/e-kalastus.b-cdn.net\/wp-content\/uploads\/2024\/07\/tuotesivu-LowranceHook2-4XGPSAllSeasonPackKannettavaKaikuluotain-9420024168295-93250f0091b0b4eed5c2529a4da84d10-2.jpg",403,403,false],"2048x2048":["https:\/\/e-kalastus.b-cdn.net\/wp-content\/uploads\/2024\/07\/tuotesivu-LowranceHook2-4XGPSAllSeasonPackKannettavaKaikuluotain-9420024168295-93250f0091b0b4eed5c2529a4da84d10-2.jpg",403,403,false],"woocommerce_thumbnail":["https:\/\/e-kalastus.b-cdn.net\/wp-content\/uploads\/2024\/07\/tuotesivu-LowranceHook2-4XGPSAllSeasonPackKannettavaKaikuluotain-9420024168295-93250f0091b0b4eed5c2529a4da84d10-2-768x768.jpg",324,324,true],"woocommerce_single":["https:\/\/e-kalastus.b-cdn.net\/wp-content\/uploads\/2024\/07\/tuotesivu-LowranceHook2-4XGPSAllSeasonPackKannettavaKaikuluotain-9420024168295-93250f0091b0b4eed5c2529a4da84d10-2-768x768.jpg",416,416,true],"woocommerce_gallery_thumbnail":["https:\/\/e-kalastus.b-cdn.net\/wp-content\/uploads\/2024\/07\/tuotesivu-LowranceHook2-4XGPSAllSeasonPackKannettavaKaikuluotain-9420024168295-93250f0091b0b4eed5c2529a4da84d10-2-100x100.jpg",100,100,true]},"uagb_author_info":{"display_name":"adam.mrozek","author_link":"https:\/\/e-kalastus.ee\/author\/"},"uagb_comment_info":0,"uagb_excerpt":"Lowrance HOOK\u00b2 seeria uued kajaloodid eristuvad senistest Hook-seeria kajaloodidest oma veelgi suurendatud kasutusmugavuse poolest. S\u00f5ltumata HOOK\u00b2 mudelist tunneb kajalood n\u00fc\u00fcd sissel\u00fclitamisel anduri t\u00fc\u00fcbi ise \u00e4ra. Samuti muudab kajalood ise kasutamise k\u00e4igus vastavalt vajadusele pidevalt anduri seadeid, hoides pildi maksimaalselt kvaliteetse, mist\u00f5ttu kaob vajadus pidevalt ise nuppe n\u00e4ppida. Kui Sul on aga oma n\u00e4gemus ja tahad&hellip;","_links":{"self":[{"href":"https:\/\/e-kalastus.ee\/wp-json\/wp\/v2\/product\/13662","targetHints":{"allow":["GET"]}}],"collection":[{"href":"https:\/\/e-kalastus.ee\/wp-json\/wp\/v2\/product"}],"about":[{"href":"https:\/\/e-kalastus.ee\/wp-json\/wp\/v2\/types\/product"}],"wp:featuredmedia":[{"embeddable":true,"href":"https:\/\/e-kalastus.ee\/wp-json\/wp\/v2\/media\/68984"}],"wp:attachment":[{"href":"https:\/\/e-kalastus.ee\/wp-json\/wp\/v2\/media?parent=13662"}],"wp:term":[{"taxonomy":"product_brand","embeddable":true,"href":"https:\/\/e-kalastus.ee\/wp-json\/wp\/v2\/product_brand?post=13662"},{"taxonomy":"product_cat","embeddable":true,"href":"https:\/\/e-kalastus.ee\/wp-json\/wp\/v2\/product_cat?post=13662"},{"taxonomy":"product_tag","embeddable":true,"href":"https:\/\/e-kalastus.ee\/wp-json\/wp\/v2\/product_tag?post=13662"}],"curies":[{"name":"wp","href":"https:\/\/api.w.org\/{rel}","templated":true}]}}