{"id":13459,"date":"2023-08-30T15:42:09","date_gmt":"2023-08-30T12:42:09","guid":{"rendered":"https:\/\/e-kalastus.ee\/toode\/lihtkasiong-golden-catch-sintez-pole-8m\/"},"modified":"2026-04-16T15:42:43","modified_gmt":"2026-04-16T12:42:43","slug":"lihtkasiong-golden-catch-sintez-pole-8m","status":"publish","type":"product","link":"https:\/\/e-kalastus.ee\/toode\/lihtkasiong-golden-catch-sintez-pole-8m\/","title":{"rendered":"Golden Catch Sintez Pole 8m"},"content":{"rendered":"<p>*Fast action parema p\u00fc\u00fcgikontrolli tagamiseks<br \/>\n*V\u00f5tab ideaalselt oma algasendi<br \/>\n*Uskumatu tundlikkus v\u00f5imaldab teil m\u00e4ngust maksimumi v\u00f5tta<br \/>\n*T\u00e4nu erakordsele tasakaalule v\u00f5imaldab ritv pikka aega aktiivselt kalastada ilma v\u00e4simust tundmata<\/p>\n\n    <div class=\"xs_social_share_widget xs_share_url after_content \t\tmain_content  wslu-style-1 wslu-share-box-shaped wslu-fill-colored wslu-none wslu-share-horizontal wslu-theme-font-no wslu-main_content\">\n\n\t\t\n        <ul>\n\t\t\t        <\/ul>\n    <\/div>","protected":false},"excerpt":{"rendered":"<p>Pikkus (m): 8<br \/>\nSektsioone: 8<br \/>\nKaal (g): 281<\/p>\n","protected":false},"featured_media":62253,"template":"","meta":{"_uag_custom_page_level_css":""},"product_brand":[1561],"product_cat":[1282],"product_tag":[],"class_list":{"0":"post-13459","1":"product","2":"type-product","3":"status-publish","4":"has-post-thumbnail","6":"product_brand-golden-catch","7":"product_cat-kasiong","8":"product_shipping_class-suur","9":"pa_brand-golden-catch","10":"pa_pikkus-8-m","12":"first","13":"instock","14":"sale","15":"taxable","16":"shipping-taxable","17":"purchasable","18":"product-type-simple"},"uagb_featured_image_src":{"full":["https:\/\/e-kalastus.b-cdn.net\/wp-content\/uploads\/2024\/05\/Sintezpole-700x700-4.png",700,700,false],"thumbnail":["https:\/\/e-kalastus.b-cdn.net\/wp-content\/uploads\/2024\/05\/Sintezpole-700x700-4-150x150.png.jpg",150,150,true],"medium":["https:\/\/e-kalastus.b-cdn.net\/wp-content\/uploads\/2024\/05\/Sintezpole-700x700-4-300x300.png.jpg",300,300,true],"medium_large":["https:\/\/e-kalastus.b-cdn.net\/wp-content\/uploads\/2024\/05\/Sintezpole-700x700-4-768x768.png.jpg",768,768,true],"large":["https:\/\/e-kalastus.b-cdn.net\/wp-content\/uploads\/2024\/05\/Sintezpole-700x700-4-800x800.png.jpg",800,800,true],"1536x1536":["https:\/\/e-kalastus.b-cdn.net\/wp-content\/uploads\/2024\/05\/Sintezpole-700x700-4.png",700,700,false],"2048x2048":["https:\/\/e-kalastus.b-cdn.net\/wp-content\/uploads\/2024\/05\/Sintezpole-700x700-4.png",700,700,false],"woocommerce_thumbnail":["https:\/\/e-kalastus.b-cdn.net\/wp-content\/uploads\/2024\/05\/Sintezpole-700x700-4-768x768.png.jpg",324,324,true],"woocommerce_single":["https:\/\/e-kalastus.b-cdn.net\/wp-content\/uploads\/2024\/05\/Sintezpole-700x700-4-768x768.png.jpg",416,416,true],"woocommerce_gallery_thumbnail":["https:\/\/e-kalastus.b-cdn.net\/wp-content\/uploads\/2024\/05\/Sintezpole-700x700-4-100x100.png.jpg",100,100,true]},"uagb_author_info":{"display_name":"adam.mrozek","author_link":"https:\/\/e-kalastus.ee\/author\/"},"uagb_comment_info":0,"uagb_excerpt":"Pikkus (m): 8 Sektsioone: 8 Kaal (g): 281","_links":{"self":[{"href":"https:\/\/e-kalastus.ee\/wp-json\/wp\/v2\/product\/13459","targetHints":{"allow":["GET"]}}],"collection":[{"href":"https:\/\/e-kalastus.ee\/wp-json\/wp\/v2\/product"}],"about":[{"href":"https:\/\/e-kalastus.ee\/wp-json\/wp\/v2\/types\/product"}],"wp:featuredmedia":[{"embeddable":true,"href":"https:\/\/e-kalastus.ee\/wp-json\/wp\/v2\/media\/62253"}],"wp:attachment":[{"href":"https:\/\/e-kalastus.ee\/wp-json\/wp\/v2\/media?parent=13459"}],"wp:term":[{"taxonomy":"product_brand","embeddable":true,"href":"https:\/\/e-kalastus.ee\/wp-json\/wp\/v2\/product_brand?post=13459"},{"taxonomy":"product_cat","embeddable":true,"href":"https:\/\/e-kalastus.ee\/wp-json\/wp\/v2\/product_cat?post=13459"},{"taxonomy":"product_tag","embeddable":true,"href":"https:\/\/e-kalastus.ee\/wp-json\/wp\/v2\/product_tag?post=13459"}],"curies":[{"name":"wp","href":"https:\/\/api.w.org\/{rel}","templated":true}]}}