{"id":132665,"date":"2026-03-30T16:43:14","date_gmt":"2026-03-30T13:43:14","guid":{"rendered":"https:\/\/e-kalastus.ee\/toode\/peibutussoot-traper-gst-competition-bream-1kg-00276\/"},"modified":"2026-04-16T15:53:37","modified_gmt":"2026-04-16T12:53:37","slug":"peibutussoot-traper-gst-competition-bream-1kg-00276","status":"publish","type":"product","link":"https:\/\/e-kalastus.ee\/toode\/peibutussoot-traper-gst-competition-bream-1kg-00276\/","title":{"rendered":"Peibutuss\u00f6\u00f6t Traper GST Competition Bream 1kg 00276"},"content":{"rendered":"\n    <div class=\"xs_social_share_widget xs_share_url after_content \t\tmain_content  wslu-style-1 wslu-share-box-shaped wslu-fill-colored wslu-none wslu-share-horizontal wslu-theme-font-no wslu-main_content\">\n\n\t\t\n        <ul>\n\t\t\t        <\/ul>\n    <\/div> \n","protected":false},"excerpt":{"rendered":"<p>Traper GST Competition on tuntud ja armastatud Traper Gold Series s\u00f6\u00f6tade j\u00e4reltulija, mida kalamehed k\u00f5rgelt hindavad. Segu on valmistatud koostisosadest ja atraktantidest, mida on testinud paljud v\u00f5istlejad. S\u00f5ltuvalt p\u00fc\u00fcgikohast v\u00f5i p\u00fc\u00fctavast kalaliigist pakub GST Competition sari s\u00f6\u00f6ta igaks v\u00f5imalikuks olukorraks \u2013 alates p\u00fc\u00fcgist kiirevoolulistes j\u00f5gedes kuni s\u00e4rgede p\u00fc\u00fcgini seisvas vees.<\/p>\n","protected":false},"featured_media":132664,"template":"","meta":{"_uag_custom_page_level_css":""},"product_brand":[1522],"product_cat":[1186],"product_tag":[],"class_list":{"0":"post-132665","1":"product","2":"type-product","3":"status-publish","4":"has-post-thumbnail","6":"product_brand-traper","7":"product_cat-soodad","8":"pa_brand-traper","10":"first","11":"instock","12":"sale","13":"taxable","14":"shipping-taxable","15":"purchasable","16":"product-type-simple"},"uagb_featured_image_src":{"full":["https:\/\/e-kalastus.b-cdn.net\/wp-content\/uploads\/2026\/03\/image-47910.png",464,800,false],"thumbnail":["https:\/\/e-kalastus.b-cdn.net\/wp-content\/uploads\/2026\/03\/image-47910-150x150.png",150,150,true],"medium":["https:\/\/e-kalastus.b-cdn.net\/wp-content\/uploads\/2026\/03\/image-47910-174x300.png",174,300,true],"medium_large":["https:\/\/e-kalastus.b-cdn.net\/wp-content\/uploads\/2026\/03\/image-47910.png",464,800,false],"large":["https:\/\/e-kalastus.b-cdn.net\/wp-content\/uploads\/2026\/03\/image-47910.png",464,800,false],"1536x1536":["https:\/\/e-kalastus.b-cdn.net\/wp-content\/uploads\/2026\/03\/image-47910.png",464,800,false],"2048x2048":["https:\/\/e-kalastus.b-cdn.net\/wp-content\/uploads\/2026\/03\/image-47910.png",464,800,false],"woocommerce_thumbnail":["https:\/\/e-kalastus.b-cdn.net\/wp-content\/uploads\/2026\/03\/image-47910-324x324.png",324,324,true],"woocommerce_single":["https:\/\/e-kalastus.b-cdn.net\/wp-content\/uploads\/2026\/03\/image-47910-416x717.png",416,717,true],"woocommerce_gallery_thumbnail":["https:\/\/e-kalastus.b-cdn.net\/wp-content\/uploads\/2026\/03\/image-47910-100x100.png",100,100,true]},"uagb_author_info":{"display_name":"Sergei Voronin","author_link":"https:\/\/e-kalastus.ee\/author\/"},"uagb_comment_info":0,"uagb_excerpt":"Traper GST Competition on tuntud ja armastatud Traper Gold Series s\u00f6\u00f6tade j\u00e4reltulija, mida kalamehed k\u00f5rgelt hindavad. Segu on valmistatud koostisosadest ja atraktantidest, mida on testinud paljud v\u00f5istlejad. S\u00f5ltuvalt p\u00fc\u00fcgikohast v\u00f5i p\u00fc\u00fctavast kalaliigist pakub GST Competition sari s\u00f6\u00f6ta igaks v\u00f5imalikuks olukorraks \u2013 alates p\u00fc\u00fcgist kiirevoolulistes j\u00f5gedes kuni s\u00e4rgede p\u00fc\u00fcgini seisvas vees.","_links":{"self":[{"href":"https:\/\/e-kalastus.ee\/wp-json\/wp\/v2\/product\/132665","targetHints":{"allow":["GET"]}}],"collection":[{"href":"https:\/\/e-kalastus.ee\/wp-json\/wp\/v2\/product"}],"about":[{"href":"https:\/\/e-kalastus.ee\/wp-json\/wp\/v2\/types\/product"}],"wp:featuredmedia":[{"embeddable":true,"href":"https:\/\/e-kalastus.ee\/wp-json\/wp\/v2\/media\/132664"}],"wp:attachment":[{"href":"https:\/\/e-kalastus.ee\/wp-json\/wp\/v2\/media?parent=132665"}],"wp:term":[{"taxonomy":"product_brand","embeddable":true,"href":"https:\/\/e-kalastus.ee\/wp-json\/wp\/v2\/product_brand?post=132665"},{"taxonomy":"product_cat","embeddable":true,"href":"https:\/\/e-kalastus.ee\/wp-json\/wp\/v2\/product_cat?post=132665"},{"taxonomy":"product_tag","embeddable":true,"href":"https:\/\/e-kalastus.ee\/wp-json\/wp\/v2\/product_tag?post=132665"}],"curies":[{"name":"wp","href":"https:\/\/api.w.org\/{rel}","templated":true}]}}