{"id":131509,"date":"2026-02-12T15:05:08","date_gmt":"2026-02-12T13:05:08","guid":{"rendered":"https:\/\/e-kalastus.ee\/toode\/vib-frapp-whiphead-slim-145mm-52g-30\/"},"modified":"2026-03-30T14:58:24","modified_gmt":"2026-03-30T11:58:24","slug":"vib-frapp-whiphead-slim-145mm-52g-30","status":"publish","type":"product","link":"https:\/\/e-kalastus.ee\/toode\/vib-frapp-whiphead-slim-145mm-52g-30\/","title":{"rendered":"VIB Frapp Whiphead Slim 145mm 52g #30"},"content":{"rendered":"\n    <div class=\"xs_social_share_widget xs_share_url after_content \t\tmain_content  wslu-style-1 wslu-share-box-shaped wslu-fill-colored wslu-none wslu-share-horizontal wslu-theme-font-no wslu-main_content\">\n\n\t\t\n        <ul>\n\t\t\t        <\/ul>\n    <\/div> \n","protected":false},"excerpt":{"rendered":"<p>Frapp Whiphead Slim on mitmek\u00fclgne ja vastupidav lant koha p\u00fc\u00fcgiks, pikkusega 145 mm ja kaaluga 52 g. ABS-plastikust korpus on vastupidav r\u00f6\u00f6vkalade hammastele ning fikseeritud raskus tagab vaikse ja kontrollitud liikumise. Saadaval nii erksates kui ka naturaalsetes v\u00e4rvitoonides.<\/p>\n","protected":false},"featured_media":131508,"template":"","meta":{"_uag_custom_page_level_css":""},"product_brand":[1512],"product_cat":[1456],"product_tag":[],"class_list":{"0":"post-131509","1":"product","2":"type-product","3":"status-publish","4":"has-post-thumbnail","6":"product_brand-frapp","7":"product_cat-frapp-vib","8":"pa_brand-frapp","10":"first","11":"instock","12":"taxable","13":"shipping-taxable","14":"purchasable","15":"product-type-simple"},"uagb_featured_image_src":{"full":["https:\/\/e-kalastus.b-cdn.net\/wp-content\/uploads\/2026\/02\/image-46171.png",800,800,false],"thumbnail":["https:\/\/e-kalastus.b-cdn.net\/wp-content\/uploads\/2026\/02\/image-46171-150x150.png",150,150,true],"medium":["https:\/\/e-kalastus.b-cdn.net\/wp-content\/uploads\/2026\/02\/image-46171-300x300.png",300,300,true],"medium_large":["https:\/\/e-kalastus.b-cdn.net\/wp-content\/uploads\/2026\/02\/image-46171-768x768.png",768,768,true],"large":["https:\/\/e-kalastus.b-cdn.net\/wp-content\/uploads\/2026\/02\/image-46171.png",800,800,false],"1536x1536":["https:\/\/e-kalastus.b-cdn.net\/wp-content\/uploads\/2026\/02\/image-46171.png",800,800,false],"2048x2048":["https:\/\/e-kalastus.b-cdn.net\/wp-content\/uploads\/2026\/02\/image-46171.png",800,800,false],"woocommerce_thumbnail":["https:\/\/e-kalastus.b-cdn.net\/wp-content\/uploads\/2026\/02\/image-46171-324x324.png",324,324,true],"woocommerce_single":["https:\/\/e-kalastus.b-cdn.net\/wp-content\/uploads\/2026\/02\/image-46171-416x416.png",416,416,true],"woocommerce_gallery_thumbnail":["https:\/\/e-kalastus.b-cdn.net\/wp-content\/uploads\/2026\/02\/image-46171-100x100.png",100,100,true]},"uagb_author_info":{"display_name":"Sergei Voronin","author_link":"https:\/\/e-kalastus.ee\/author\/"},"uagb_comment_info":0,"uagb_excerpt":"Frapp Whiphead Slim on mitmek\u00fclgne ja vastupidav lant koha p\u00fc\u00fcgiks, pikkusega 145 mm ja kaaluga 52 g. ABS-plastikust korpus on vastupidav r\u00f6\u00f6vkalade hammastele ning fikseeritud raskus tagab vaikse ja kontrollitud liikumise. Saadaval nii erksates kui ka naturaalsetes v\u00e4rvitoonides.","_links":{"self":[{"href":"https:\/\/e-kalastus.ee\/wp-json\/wp\/v2\/product\/131509","targetHints":{"allow":["GET"]}}],"collection":[{"href":"https:\/\/e-kalastus.ee\/wp-json\/wp\/v2\/product"}],"about":[{"href":"https:\/\/e-kalastus.ee\/wp-json\/wp\/v2\/types\/product"}],"wp:featuredmedia":[{"embeddable":true,"href":"https:\/\/e-kalastus.ee\/wp-json\/wp\/v2\/media\/131508"}],"wp:attachment":[{"href":"https:\/\/e-kalastus.ee\/wp-json\/wp\/v2\/media?parent=131509"}],"wp:term":[{"taxonomy":"product_brand","embeddable":true,"href":"https:\/\/e-kalastus.ee\/wp-json\/wp\/v2\/product_brand?post=131509"},{"taxonomy":"product_cat","embeddable":true,"href":"https:\/\/e-kalastus.ee\/wp-json\/wp\/v2\/product_cat?post=131509"},{"taxonomy":"product_tag","embeddable":true,"href":"https:\/\/e-kalastus.ee\/wp-json\/wp\/v2\/product_tag?post=131509"}],"curies":[{"name":"wp","href":"https:\/\/api.w.org\/{rel}","templated":true}]}}