{"id":131263,"date":"2026-02-11T21:19:30","date_gmt":"2026-02-11T19:19:30","guid":{"rendered":"https:\/\/e-kalastus.ee\/toode\/vib-frapp-trixy-90mm-37g-pal03\/"},"modified":"2026-03-30T15:39:30","modified_gmt":"2026-03-30T12:39:30","slug":"vib-frapp-trixy-90mm-37g-pal03","status":"publish","type":"product","link":"https:\/\/e-kalastus.ee\/toode\/vib-frapp-trixy-90mm-37g-pal03\/","title":{"rendered":"VIB Frapp Trixy 90mm 37g #PAL03"},"content":{"rendered":"\n    <div class=\"xs_social_share_widget xs_share_url after_content \t\tmain_content  wslu-style-1 wslu-share-box-shaped wslu-fill-colored wslu-none wslu-share-horizontal wslu-theme-font-no wslu-main_content\">\n\n\t\t\n        <ul>\n\t\t\t        <\/ul>\n    <\/div> \n","protected":false},"excerpt":{"rendered":"<p>Suurte kalade tapja \u2013 haugi, koha ja teiste trofeekalade p\u00fc\u00fcgiks.<\/p>\n<p>FRAPP Trixy eristub agressiivse liikumise, teemantservaga kuju ja realistliku soomusmise pinnaga, t\u00e4nu millele m\u00e4rkavad r\u00f6\u00f6vkala seda juba suurelt kauguselt.<\/p>\n<p>See on mitmek\u00fclgne lant, mis \u00fchendab \u00fches mudelis v\u00f5imalikult palju omadusi. T\u00e4nu oma kujule ja kaalule lendab see uskumatult kaugele \u2013 justkui v\u00e4ike kivi \u2013 ning seda on lihtne tunnetada ka tuule k\u00e4es, nii vertikaalse m\u00e4ngitamise kui ka heitmise ajal.<\/p>\n","protected":false},"featured_media":131262,"template":"","meta":{"_uag_custom_page_level_css":""},"product_brand":[1512],"product_cat":[1456],"product_tag":[],"class_list":{"0":"post-131263","1":"product","2":"type-product","3":"status-publish","4":"has-post-thumbnail","6":"product_brand-frapp","7":"product_cat-frapp-vib","8":"pa_brand-frapp","10":"first","11":"instock","12":"taxable","13":"shipping-taxable","14":"purchasable","15":"product-type-simple"},"uagb_featured_image_src":{"full":["https:\/\/e-kalastus.b-cdn.net\/wp-content\/uploads\/2026\/02\/image-46144.png",410,123,false],"thumbnail":["https:\/\/e-kalastus.b-cdn.net\/wp-content\/uploads\/2026\/02\/image-46144-150x123.png",150,123,true],"medium":["https:\/\/e-kalastus.b-cdn.net\/wp-content\/uploads\/2026\/02\/image-46144-300x90.png",300,90,true],"medium_large":["https:\/\/e-kalastus.b-cdn.net\/wp-content\/uploads\/2026\/02\/image-46144.png",410,123,false],"large":["https:\/\/e-kalastus.b-cdn.net\/wp-content\/uploads\/2026\/02\/image-46144.png",410,123,false],"1536x1536":["https:\/\/e-kalastus.b-cdn.net\/wp-content\/uploads\/2026\/02\/image-46144.png",410,123,false],"2048x2048":["https:\/\/e-kalastus.b-cdn.net\/wp-content\/uploads\/2026\/02\/image-46144.png",410,123,false],"woocommerce_thumbnail":["https:\/\/e-kalastus.b-cdn.net\/wp-content\/uploads\/2026\/02\/image-46144-324x123.png",324,123,true],"woocommerce_single":["https:\/\/e-kalastus.b-cdn.net\/wp-content\/uploads\/2026\/02\/image-46144.png",410,123,false],"woocommerce_gallery_thumbnail":["https:\/\/e-kalastus.b-cdn.net\/wp-content\/uploads\/2026\/02\/image-46144-100x100.png",100,100,true]},"uagb_author_info":{"display_name":"Sergei Voronin","author_link":"https:\/\/e-kalastus.ee\/author\/"},"uagb_comment_info":0,"uagb_excerpt":"Suurte kalade tapja \u2013 haugi, koha ja teiste trofeekalade p\u00fc\u00fcgiks. FRAPP Trixy eristub agressiivse liikumise, teemantservaga kuju ja realistliku soomusmise pinnaga, t\u00e4nu millele m\u00e4rkavad r\u00f6\u00f6vkala seda juba suurelt kauguselt. See on mitmek\u00fclgne lant, mis \u00fchendab \u00fches mudelis v\u00f5imalikult palju omadusi. T\u00e4nu oma kujule ja kaalule lendab see uskumatult kaugele \u2013 justkui v\u00e4ike kivi \u2013 ning&hellip;","_links":{"self":[{"href":"https:\/\/e-kalastus.ee\/wp-json\/wp\/v2\/product\/131263","targetHints":{"allow":["GET"]}}],"collection":[{"href":"https:\/\/e-kalastus.ee\/wp-json\/wp\/v2\/product"}],"about":[{"href":"https:\/\/e-kalastus.ee\/wp-json\/wp\/v2\/types\/product"}],"wp:featuredmedia":[{"embeddable":true,"href":"https:\/\/e-kalastus.ee\/wp-json\/wp\/v2\/media\/131262"}],"wp:attachment":[{"href":"https:\/\/e-kalastus.ee\/wp-json\/wp\/v2\/media?parent=131263"}],"wp:term":[{"taxonomy":"product_brand","embeddable":true,"href":"https:\/\/e-kalastus.ee\/wp-json\/wp\/v2\/product_brand?post=131263"},{"taxonomy":"product_cat","embeddable":true,"href":"https:\/\/e-kalastus.ee\/wp-json\/wp\/v2\/product_cat?post=131263"},{"taxonomy":"product_tag","embeddable":true,"href":"https:\/\/e-kalastus.ee\/wp-json\/wp\/v2\/product_tag?post=131263"}],"curies":[{"name":"wp","href":"https:\/\/api.w.org\/{rel}","templated":true}]}}