{"id":131171,"date":"2026-02-06T13:03:59","date_gmt":"2026-02-06T11:03:59","guid":{"rendered":"https:\/\/e-kalastus.ee\/toode\/kostuum-graff-warmguard-extreme-20c-size-l-176-182cm-219-o-b-4\/"},"modified":"2026-03-30T14:38:29","modified_gmt":"2026-03-30T11:38:29","slug":"kostuum-graff-warmguard-extreme-20c-size-l-176-182cm-219-o-b-4","status":"publish","type":"product","link":"https:\/\/e-kalastus.ee\/toode\/kostuum-graff-warmguard-extreme-20c-size-l-176-182cm-219-o-b-4\/","title":{"rendered":"Kost\u00fc\u00fcm Graff Warmguard -20C SIZE L 176-182cm (219-O-B-4)"},"content":{"rendered":"<p><\/p>\n<p data-end=\"8\" data-start=\"0\"><strong data-end=\"8\" data-start=\"0\">Jope<\/strong><\/p>\n<p data-end=\"537\" data-start=\"10\">3-kihiline BRATEX\u00ae membraan (25 000 mm H\u2082O \/ 20 000 g\/m\u00b2 \/ 24 h)<br data-end=\"77\" data-start=\"74\" \/><br \/>\nSUBZERO\u00ae soojustus<br data-end=\"98\" data-start=\"95\" \/><br \/>\nTeibitud \u00f5mblused<br data-end=\"118\" data-start=\"115\" \/><br \/>\nYKK\u00ae VISLON\u00ae AquaGuard\u00ae p\u00f5hizipp<br data-end=\"153\" data-start=\"150\" \/><br \/>\nMahukad taskud tarvikukarpide jaoks<br data-end=\"191\" data-start=\"188\" \/><br \/>\nKahekordne tormiklapp magnettrukkidega<br data-end=\"232\" data-start=\"229\" \/><br \/>\nVeekindlate YKK\u00ae t\u00f5mblukkudega taskud<br data-end=\"272\" data-start=\"269\" \/><br \/>\nSooja kootud voodriga k\u00e4esoojendustaskud<br data-end=\"315\" data-start=\"312\" \/><br \/>\nSisemised mansetid vee sissep\u00e4\u00e4su v\u00e4ltimiseks<br data-end=\"363\" data-start=\"360\" \/><br \/>\nPlastikust kinnitusaasad lisatarvikutele (nt mootori turval\u00fcliti kinnitus)<br data-end=\"440\" data-start=\"437\" \/><br \/>\nS\u00fcgav kapuuts n\u00e4okaitsega<br data-end=\"468\" data-start=\"465\" \/><br \/>\nReguleeritav v\u00f6\u00f6koht ja all\u00e4\u00e4r<br data-end=\"501\" data-start=\"498\" \/><br \/>\nHelkurelemendid ohutuse tagamiseks<\/p>\n<p data-end=\"549\" data-start=\"539\"><strong data-end=\"549\" data-start=\"539\">P\u00fcksid<\/strong><\/p>\n<p data-end=\"1013\" data-is-last-node=\"\" data-is-only-node=\"\" data-start=\"551\">3-kihiline BRATEX\u00ae membraan (25 000 mm H\u2082O \/ 20 000 g\/m\u00b2 \/ 24 h)<br data-end=\"618\" data-start=\"615\" \/><br \/>\nSUBZERO\u00ae soojustus<br data-end=\"639\" data-start=\"636\" \/><br \/>\nTeibitud \u00f5mblused<br data-end=\"659\" data-start=\"656\" \/><br \/>\nYKK\u00ae VISLON\u00ae AquaGuard\u00ae p\u00f5hizipp<br data-end=\"694\" data-start=\"691\" \/><br \/>\nLaiad elastsed traksid<br data-end=\"719\" data-start=\"716\" \/><br \/>\nTakjakinnitusega taskud<br data-end=\"745\" data-start=\"742\" \/><br \/>\nLisataskud veekindlate YKK\u00ae t\u00f5mblukkudega<br data-end=\"789\" data-start=\"786\" \/><br \/>\nTugevast materjalist tugevdatud p\u00f5lve- ja istmikuosa<br data-end=\"844\" data-start=\"841\" \/><br \/>\nPlastikust kinnitusaasad lisatarvikutele<br data-end=\"887\" data-start=\"884\" \/><br \/>\nAlt lukuga avatavad s\u00e4\u00e4reosad saabaste h\u00f5lpsaks jalga panekuks<br data-end=\"952\" data-start=\"949\" \/><br \/>\nReguleeritav s\u00e4\u00e4re laius<br data-end=\"979\" data-start=\"976\" \/><br \/>\nHelkurelemendid ohutuse tagamiseks<\/p>\n<p><\/p>\n\n    <div class=\"xs_social_share_widget xs_share_url after_content \t\tmain_content  wslu-style-1 wslu-share-box-shaped wslu-fill-colored wslu-none wslu-share-horizontal wslu-theme-font-no wslu-main_content\">\n\n\t\t\n        <ul>\n\t\t\t        <\/ul>\n    <\/div>","protected":false},"excerpt":{"rendered":"<p>WARMGUARD on WARMGUARD EXTREME komplekti kergem versioon, mis on loodud tegevusteks tavap\u00e4rastes talvetingimustes. See tagab soojustunde kuni umbes \u201320 \u00b0C juures, olles ideaalne talvisteks tegevusteks ning pakkudes samal ajal mugavat soojusisolatsiooni.<\/p>\n<p>V\u00e4iksema soojustusega komplekt on kergem, v\u00e4hem mahukas ja mitmek\u00fclgsem \u2013 v\u00f5imaldades t\u00e4ielikku liikumisvabadust ja mugavust ka intensiivsema tegevuse ajal.<\/p>\n<p>3-kihiline BRATEX\u00ae membraan (25 000 mm H\u2082O \/ 20 000 g\/m\u00b2 \/ 24 h) kaitseb t\u00f5husalt vihma, lume ja tuule eest ning juhib niiskuse kehast eemale. DRY CARE\u00ae viimistlusega pealiskangas laseb veel h\u00f5lpsasti maha voolata ja v\u00e4hendab mustuse kinnitumist. HEAT COAT vooder (soojuspeegeldav \u201etermotekk\u201c) toetab t\u00e4iendavalt soojuse s\u00e4ilitamist.<\/p>\n","protected":false},"featured_media":131366,"template":"","meta":{"_uag_custom_page_level_css":""},"product_brand":[1513],"product_cat":[1218],"product_tag":[],"class_list":{"0":"post-131171","1":"product","2":"type-product","3":"status-publish","4":"has-post-thumbnail","6":"product_brand-graff","7":"product_cat-kostuumid","8":"pa_brand-graff","10":"first","11":"instock","12":"sale","13":"taxable","14":"shipping-taxable","15":"purchasable","16":"product-type-simple"},"uagb_featured_image_src":{"full":["https:\/\/e-kalastus.b-cdn.net\/wp-content\/uploads\/2026\/02\/image-46020.png",1000,840,false],"thumbnail":["https:\/\/e-kalastus.b-cdn.net\/wp-content\/uploads\/2026\/02\/image-46020-150x150.png",150,150,true],"medium":["https:\/\/e-kalastus.b-cdn.net\/wp-content\/uploads\/2026\/02\/image-46020-300x252.png",300,252,true],"medium_large":["https:\/\/e-kalastus.b-cdn.net\/wp-content\/uploads\/2026\/02\/image-46020-768x645.png",768,645,true],"large":["https:\/\/e-kalastus.b-cdn.net\/wp-content\/uploads\/2026\/02\/image-46020-800x672.png",800,672,true],"1536x1536":["https:\/\/e-kalastus.b-cdn.net\/wp-content\/uploads\/2026\/02\/image-46020.png",1000,840,false],"2048x2048":["https:\/\/e-kalastus.b-cdn.net\/wp-content\/uploads\/2026\/02\/image-46020.png",1000,840,false],"woocommerce_thumbnail":["https:\/\/e-kalastus.b-cdn.net\/wp-content\/uploads\/2026\/02\/image-46020-324x324.png",324,324,true],"woocommerce_single":["https:\/\/e-kalastus.b-cdn.net\/wp-content\/uploads\/2026\/02\/image-46020-416x349.png",416,349,true],"woocommerce_gallery_thumbnail":["https:\/\/e-kalastus.b-cdn.net\/wp-content\/uploads\/2026\/02\/image-46020-100x100.png",100,100,true]},"uagb_author_info":{"display_name":"Sergei Voronin","author_link":"https:\/\/e-kalastus.ee\/author\/"},"uagb_comment_info":0,"uagb_excerpt":"WARMGUARD on WARMGUARD EXTREME komplekti kergem versioon, mis on loodud tegevusteks tavap\u00e4rastes talvetingimustes. See tagab soojustunde kuni umbes \u201320 \u00b0C juures, olles ideaalne talvisteks tegevusteks ning pakkudes samal ajal mugavat soojusisolatsiooni. V\u00e4iksema soojustusega komplekt on kergem, v\u00e4hem mahukas ja mitmek\u00fclgsem \u2013 v\u00f5imaldades t\u00e4ielikku liikumisvabadust ja mugavust ka intensiivsema tegevuse ajal. 3-kihiline BRATEX\u00ae membraan (25 000&hellip;","_links":{"self":[{"href":"https:\/\/e-kalastus.ee\/wp-json\/wp\/v2\/product\/131171","targetHints":{"allow":["GET"]}}],"collection":[{"href":"https:\/\/e-kalastus.ee\/wp-json\/wp\/v2\/product"}],"about":[{"href":"https:\/\/e-kalastus.ee\/wp-json\/wp\/v2\/types\/product"}],"wp:featuredmedia":[{"embeddable":true,"href":"https:\/\/e-kalastus.ee\/wp-json\/wp\/v2\/media\/131366"}],"wp:attachment":[{"href":"https:\/\/e-kalastus.ee\/wp-json\/wp\/v2\/media?parent=131171"}],"wp:term":[{"taxonomy":"product_brand","embeddable":true,"href":"https:\/\/e-kalastus.ee\/wp-json\/wp\/v2\/product_brand?post=131171"},{"taxonomy":"product_cat","embeddable":true,"href":"https:\/\/e-kalastus.ee\/wp-json\/wp\/v2\/product_cat?post=131171"},{"taxonomy":"product_tag","embeddable":true,"href":"https:\/\/e-kalastus.ee\/wp-json\/wp\/v2\/product_tag?post=131171"}],"curies":[{"name":"wp","href":"https:\/\/api.w.org\/{rel}","templated":true}]}}