{"id":130669,"date":"2026-01-22T11:25:34","date_gmt":"2026-01-22T09:25:34","guid":{"rendered":"https:\/\/e-kalastus.ee\/toode\/varvikolmik-kasitoo-uv-owner-12-st-36bc-punane-kollane-must-valge-tapp\/"},"modified":"2026-04-10T15:09:36","modified_gmt":"2026-04-10T12:09:36","slug":"varvikolmik-kasitoo-uv-owner-12-st-36bc-punane-kollane-must-valge-tapp","status":"publish","type":"product","link":"https:\/\/e-kalastus.ee\/toode\/varvikolmik-kasitoo-uv-owner-12-st-36bc-punane-kollane-must-valge-tapp\/","title":{"rendered":"V\u00e4rvikolmik K\u00e4sit\u00f6\u00f6 UV Owner #12 ST-36BC Punane\/Kollane\/Must\/Valge T\u00e4pp"},"content":{"rendered":"\n    <div class=\"xs_social_share_widget xs_share_url after_content \t\tmain_content  wslu-style-1 wslu-share-box-shaped wslu-fill-colored wslu-none wslu-share-horizontal wslu-theme-font-no wslu-main_content\">\n\n\t\t\n        <ul>\n\t\t\t        <\/ul>\n    <\/div> \n","protected":false},"excerpt":{"rendered":"","protected":false},"featured_media":0,"template":"","meta":{"_uag_custom_page_level_css":""},"product_brand":[],"product_cat":[1235],"product_tag":[],"class_list":{"0":"post-130669","1":"product","2":"type-product","3":"status-publish","5":"product_cat-varvikolmikudketid","7":"first","8":"instock","9":"taxable","10":"shipping-taxable","11":"purchasable","12":"product-type-simple"},"uagb_featured_image_src":{"full":false,"thumbnail":false,"medium":false,"medium_large":false,"large":false,"1536x1536":false,"2048x2048":false,"woocommerce_thumbnail":false,"woocommerce_single":false,"woocommerce_gallery_thumbnail":false},"uagb_author_info":{"display_name":"Sergei Voronin","author_link":"https:\/\/e-kalastus.ee\/author\/"},"uagb_comment_info":0,"uagb_excerpt":null,"_links":{"self":[{"href":"https:\/\/e-kalastus.ee\/wp-json\/wp\/v2\/product\/130669","targetHints":{"allow":["GET"]}}],"collection":[{"href":"https:\/\/e-kalastus.ee\/wp-json\/wp\/v2\/product"}],"about":[{"href":"https:\/\/e-kalastus.ee\/wp-json\/wp\/v2\/types\/product"}],"wp:attachment":[{"href":"https:\/\/e-kalastus.ee\/wp-json\/wp\/v2\/media?parent=130669"}],"wp:term":[{"taxonomy":"product_brand","embeddable":true,"href":"https:\/\/e-kalastus.ee\/wp-json\/wp\/v2\/product_brand?post=130669"},{"taxonomy":"product_cat","embeddable":true,"href":"https:\/\/e-kalastus.ee\/wp-json\/wp\/v2\/product_cat?post=130669"},{"taxonomy":"product_tag","embeddable":true,"href":"https:\/\/e-kalastus.ee\/wp-json\/wp\/v2\/product_tag?post=130669"}],"curies":[{"name":"wp","href":"https:\/\/api.w.org\/{rel}","templated":true}]}}