{"id":130451,"date":"2026-01-17T14:07:42","date_gmt":"2026-01-17T12:07:42","guid":{"rendered":"https:\/\/e-kalastus.ee\/toode\/kasitoo-kirves-by-aavo-puurits-3\/"},"modified":"2026-03-30T15:29:23","modified_gmt":"2026-03-30T12:29:23","slug":"kasitoo-kirves-by-aavo-puurits-3","status":"publish","type":"product","link":"https:\/\/e-kalastus.ee\/toode\/kasitoo-kirves-by-aavo-puurits-3\/","title":{"rendered":"K\u00e4sit\u00f6\u00f6 kirves by Aavo Puurits 20g kuld\/h\u00f5be #3"},"content":{"rendered":"\n    <div class=\"xs_social_share_widget xs_share_url after_content \t\tmain_content  wslu-style-1 wslu-share-box-shaped wslu-fill-colored wslu-none wslu-share-horizontal wslu-theme-font-no wslu-main_content\">\n\n\t\t\n        <ul>\n\t\t\t        <\/ul>\n    <\/div> \n","protected":false},"excerpt":{"rendered":"","protected":false},"featured_media":130450,"template":"","meta":{"_uag_custom_page_level_css":""},"product_brand":[],"product_cat":[1176],"product_tag":[],"class_list":{"0":"post-130451","1":"product","2":"type-product","3":"status-publish","4":"has-post-thumbnail","6":"product_cat-pustlandid","8":"first","9":"instock","10":"taxable","11":"shipping-taxable","12":"purchasable","13":"product-type-simple"},"uagb_featured_image_src":{"full":["https:\/\/e-kalastus.b-cdn.net\/wp-content\/uploads\/2026\/01\/image-45659.png",673,1000,false],"thumbnail":["https:\/\/e-kalastus.b-cdn.net\/wp-content\/uploads\/2026\/01\/image-45659-150x150.png",150,150,true],"medium":["https:\/\/e-kalastus.b-cdn.net\/wp-content\/uploads\/2026\/01\/image-45659-202x300.png",202,300,true],"medium_large":["https:\/\/e-kalastus.b-cdn.net\/wp-content\/uploads\/2026\/01\/image-45659.png",673,1000,false],"large":["https:\/\/e-kalastus.b-cdn.net\/wp-content\/uploads\/2026\/01\/image-45659-538x800.png",538,800,true],"1536x1536":["https:\/\/e-kalastus.b-cdn.net\/wp-content\/uploads\/2026\/01\/image-45659.png",673,1000,false],"2048x2048":["https:\/\/e-kalastus.b-cdn.net\/wp-content\/uploads\/2026\/01\/image-45659.png",673,1000,false],"woocommerce_thumbnail":["https:\/\/e-kalastus.b-cdn.net\/wp-content\/uploads\/2026\/01\/image-45659-324x324.png",324,324,true],"woocommerce_single":["https:\/\/e-kalastus.b-cdn.net\/wp-content\/uploads\/2026\/01\/image-45659.png",416,618,false],"woocommerce_gallery_thumbnail":["https:\/\/e-kalastus.b-cdn.net\/wp-content\/uploads\/2026\/01\/image-45659-100x100.png",100,100,true]},"uagb_author_info":{"display_name":"Sergei Voronin","author_link":"https:\/\/e-kalastus.ee\/author\/"},"uagb_comment_info":0,"uagb_excerpt":null,"_links":{"self":[{"href":"https:\/\/e-kalastus.ee\/wp-json\/wp\/v2\/product\/130451","targetHints":{"allow":["GET"]}}],"collection":[{"href":"https:\/\/e-kalastus.ee\/wp-json\/wp\/v2\/product"}],"about":[{"href":"https:\/\/e-kalastus.ee\/wp-json\/wp\/v2\/types\/product"}],"wp:featuredmedia":[{"embeddable":true,"href":"https:\/\/e-kalastus.ee\/wp-json\/wp\/v2\/media\/130450"}],"wp:attachment":[{"href":"https:\/\/e-kalastus.ee\/wp-json\/wp\/v2\/media?parent=130451"}],"wp:term":[{"taxonomy":"product_brand","embeddable":true,"href":"https:\/\/e-kalastus.ee\/wp-json\/wp\/v2\/product_brand?post=130451"},{"taxonomy":"product_cat","embeddable":true,"href":"https:\/\/e-kalastus.ee\/wp-json\/wp\/v2\/product_cat?post=130451"},{"taxonomy":"product_tag","embeddable":true,"href":"https:\/\/e-kalastus.ee\/wp-json\/wp\/v2\/product_tag?post=130451"}],"curies":[{"name":"wp","href":"https:\/\/api.w.org\/{rel}","templated":true}]}}