{"id":128692,"date":"2025-12-11T15:39:32","date_gmt":"2025-12-11T13:39:32","guid":{"rendered":"https:\/\/e-kalastus.ee\/toode\/kostuum-graff-warmguard-extreme-50c-220-o-b-4-l-176-182cm\/"},"modified":"2026-04-16T16:55:59","modified_gmt":"2026-04-16T13:55:59","slug":"kostuum-graff-warmguard-extreme-50c-220-o-b-4-l-176-182cm","status":"publish","type":"product","link":"https:\/\/e-kalastus.ee\/fi\/tuotteet\/puku-graff-warmguard-extreme-50c-220-o-b-4-l-176-182cm\/","title":{"rendered":"Puku Graff Warmguard Extreme -50C 220-O-B-4 L 176-182cm"},"content":{"rendered":"<p><\/p>\n<div>\n<article>\n<div>\n<div>\n<div>\n<div>\n<div>\n<div>\n<p><strong>Takki<\/strong><\/p>\n<ul>\n<li>\n<p>3-kerroksinen BRATEX\u00ae kalvo (25 000 mm H\u2082O \/ 20 000 g\/m\u00b2 \/ 24 h)<\/p>\n<\/li>\n<li>\n<p>SUBZERO\u00ae eristys<\/p>\n<\/li>\n<li>\n<p>Teipatut saumat<\/p>\n<\/li>\n<li>\n<p>P\u00e4\u00e4vetoketju YKK\u00ae VISLON\u00ae AquaGuard\u00ae<\/p>\n<\/li>\n<li>\n<p>Avaraat taskut viehelaatikoille<\/p>\n<\/li>\n<li>\n<p>Kaksoismyrskyl\u00e4pp\u00e4 magneettinappeilla<\/p>\n<\/li>\n<li>\n<p>Taskut vedenpit\u00e4vill\u00e4 YKK\u00ae vetoketjuilla<\/p>\n<\/li>\n<li>\n<p>K\u00e4denl\u00e4mmittimetaskut l\u00e4mpim\u00e4ll\u00e4 neulosvuorauksella<\/p>\n<\/li>\n<li>\n<p>Sis\u00e4iset hihnamansetit vedensuojaksi<\/p>\n<\/li>\n<li>\n<p>Muoviset kiinnityssilmukat lis\u00e4varusteille (esim. veneen turvakytkimen kiinnitt\u00e4miseen)<\/p>\n<\/li>\n<li>\n<p>Syv\u00e4 huppu kasvosuojalla<\/p>\n<\/li>\n<li>\n<p>S\u00e4\u00e4dett\u00e4v\u00e4 vy\u00f6t\u00e4r\u00f6 ja helma<\/p>\n<\/li>\n<li>\n<p>Heijastuselementit turvallisuuden varmistamiseksi<\/p>\n<\/li>\n<\/ul>\n<p><strong>Housut<\/strong><\/p>\n<ul>\n<li>\n<p>3-kerroksinen BRATEX\u00ae kalvo (25 000 mm H\u2082O \/ 20 000 g\/m\u00b2 \/ 24 h)<\/p>\n<\/li>\n<li>\n<p>SUBZERO\u00ae eristys<\/p>\n<\/li>\n<li>\n<p>Teipatut saumat<\/p>\n<\/li>\n<li>\n<p>P\u00e4\u00e4vetoketju YKK\u00ae VISLON\u00ae AquaGuard\u00ae<\/p>\n<\/li>\n<li>\n<p>Leve\u00e4t joustavat olkahihnat<\/p>\n<\/li>\n<li>\n<p>Taskut napsulukoilla<\/p>\n<\/li>\n<li>\n<p>Lis\u00e4taskut vedenpit\u00e4vill\u00e4 YKK\u00ae vetoketjuilla<\/p>\n<\/li>\n<li>\n<p>Vahvistettu polvi- ja istuinosa kest\u00e4v\u00e4ll\u00e4 materiaalilla<\/p>\n<\/li>\n<li>\n<p>Muoviset kiinnityssilmukat lis\u00e4varusteille<\/p>\n<\/li>\n<li>\n<p>Lukolliset lahkeenp\u00e4\u00e4t helpompaan saappaiden pukemiseen<\/p>\n<\/li>\n<li>\n<p>S\u00e4\u00e4dett\u00e4v\u00e4 lahkeenleveys<\/p>\n<\/li>\n<li>\n<p>Heijastuselementit turvallisuuden varmistamiseksi<\/p>\n<\/li>\n<\/ul>\n<\/div>\n<\/div>\n<\/div>\n<\/div>\n<div>&nbsp;<\/div>\n<div>\n<div>&nbsp;<\/div>\n<\/div>\n<\/div>\n<\/div>\n<\/article>\n<\/div>\n<div aria-hidden=\"true\">&nbsp;<\/div>\n<p><\/p>\n\n    <div class=\"xs_social_share_widget xs_share_url after_content \t\tmain_content  wslu-style-1 wslu-share-box-shaped wslu-fill-colored wslu-none wslu-share-horizontal wslu-theme-font-no wslu-main_content\">\n\n\t\t\n        <ul>\n\t\t\t        <\/ul>\n    <\/div>","protected":false},"excerpt":{"rendered":"<p>WARMGUARD on poikkeuksellinen talvipuku, joka tarjoaa l\u00e4mm\u00f6neristyksen jopa \u00e4\u00e4rimm\u00e4isiss\u00e4 l\u00e4mp\u00f6tiloissa aina \u201350 \u00b0C asti. Erityisen leikkauksen ja kevyen painon ansiosta se tarjoaa t\u00e4ydellisen liikkuvapauden ja mahdollistaa suosikkitoimintojen mukavan harrastamisen. Puku on suunniteltu ihmisille, jotka toimivat ankarimmissa s\u00e4\u00e4olosuhteissa.<\/p>\n<p>3-kerroksinen BRATEX\u00ae kalvo, jolla on erinomainen hengitt\u00e4vyys ja vedenpit\u00e4vyys (25 000 mm H\u2082O \/ 20 000 g\/m\u00b2 \/ 24 h), poistaa tehokkaasti kosteuden ja suojaa sateelta, lumelta ja tuulelta. P\u00e4\u00e4llyskangas on k\u00e4sitelty DRY CARE\u00ae -p\u00e4\u00e4llysteell\u00e4, joka antaa veden valua kankaan pinnalta ja v\u00e4hent\u00e4\u00e4 likaantumista. HEAT COAT -vuoraus toimii l\u00e4mp\u00f6eristeen\u00e4, auttaen tehokkaasti s\u00e4ilytt\u00e4m\u00e4\u00e4n l\u00e4mp\u00f6\u00e4.<\/p>\n<p>Puku on varustettu k\u00e4yt\u00e4nn\u00f6llisill\u00e4 taskuilla ja kiinnityssilmukoilla, ja heijastuselementit lis\u00e4\u00e4v\u00e4t n\u00e4kyvyytt\u00e4 ja turvallisuutta kalastuksen tai ulkot\u00f6iden aikana.<\/p>\n","protected":false},"featured_media":128691,"template":"","meta":{"_uag_custom_page_level_css":""},"product_brand":[1513],"product_cat":[1218],"product_tag":[],"class_list":{"0":"post-128692","1":"product","2":"type-product","3":"status-publish","4":"has-post-thumbnail","6":"product_brand-graff","7":"product_cat-kostuumid","8":"pa_brand-graff","10":"first","11":"instock","12":"sale","13":"taxable","14":"shipping-taxable","15":"purchasable","16":"product-type-simple"},"uagb_featured_image_src":{"full":["https:\/\/e-kalastus.b-cdn.net\/wp-content\/uploads\/2025\/12\/image-44918.png",800,672,false],"thumbnail":["https:\/\/e-kalastus.b-cdn.net\/wp-content\/uploads\/2025\/12\/image-44918-150x150.png",150,150,true],"medium":["https:\/\/e-kalastus.b-cdn.net\/wp-content\/uploads\/2025\/12\/image-44918-300x252.png",300,252,true],"medium_large":["https:\/\/e-kalastus.b-cdn.net\/wp-content\/uploads\/2025\/12\/image-44918-768x645.png",768,645,true],"large":["https:\/\/e-kalastus.b-cdn.net\/wp-content\/uploads\/2025\/12\/image-44918.png",800,672,false],"1536x1536":["https:\/\/e-kalastus.b-cdn.net\/wp-content\/uploads\/2025\/12\/image-44918.png",800,672,false],"2048x2048":["https:\/\/e-kalastus.b-cdn.net\/wp-content\/uploads\/2025\/12\/image-44918.png",800,672,false],"woocommerce_thumbnail":["https:\/\/e-kalastus.b-cdn.net\/wp-content\/uploads\/2025\/12\/image-44918-324x324.png",324,324,true],"woocommerce_single":["https:\/\/e-kalastus.b-cdn.net\/wp-content\/uploads\/2025\/12\/image-44918.png",416,349,false],"woocommerce_gallery_thumbnail":["https:\/\/e-kalastus.b-cdn.net\/wp-content\/uploads\/2025\/12\/image-44918-100x100.png",100,100,true]},"uagb_author_info":{"display_name":"Sergei Voronin","author_link":"https:\/\/e-kalastus.ee\/fi\/author\/"},"uagb_comment_info":0,"uagb_excerpt":"WARMGUARD on poikkeuksellinen talvipuku, joka tarjoaa l\u00e4mm\u00f6neristyksen jopa \u00e4\u00e4rimm\u00e4isiss\u00e4 l\u00e4mp\u00f6tiloissa aina \u201350 \u00b0C asti. Erityisen leikkauksen ja kevyen painon ansiosta se tarjoaa t\u00e4ydellisen liikkuvapauden ja mahdollistaa suosikkitoimintojen mukavan harrastamisen. Puku on suunniteltu ihmisille, jotka toimivat ankarimmissa s\u00e4\u00e4olosuhteissa. 3-kerroksinen BRATEX\u00ae kalvo, jolla on erinomainen hengitt\u00e4vyys ja vedenpit\u00e4vyys (25 000 mm H\u2082O \/ 20 000 g\/m\u00b2 \/&hellip;","_links":{"self":[{"href":"https:\/\/e-kalastus.ee\/fi\/wp-json\/wp\/v2\/product\/128692","targetHints":{"allow":["GET"]}}],"collection":[{"href":"https:\/\/e-kalastus.ee\/fi\/wp-json\/wp\/v2\/product"}],"about":[{"href":"https:\/\/e-kalastus.ee\/fi\/wp-json\/wp\/v2\/types\/product"}],"wp:featuredmedia":[{"embeddable":true,"href":"https:\/\/e-kalastus.ee\/fi\/wp-json\/wp\/v2\/media\/128691"}],"wp:attachment":[{"href":"https:\/\/e-kalastus.ee\/fi\/wp-json\/wp\/v2\/media?parent=128692"}],"wp:term":[{"taxonomy":"product_brand","embeddable":true,"href":"https:\/\/e-kalastus.ee\/fi\/wp-json\/wp\/v2\/product_brand?post=128692"},{"taxonomy":"product_cat","embeddable":true,"href":"https:\/\/e-kalastus.ee\/fi\/wp-json\/wp\/v2\/product_cat?post=128692"},{"taxonomy":"product_tag","embeddable":true,"href":"https:\/\/e-kalastus.ee\/fi\/wp-json\/wp\/v2\/product_tag?post=128692"}],"curies":[{"name":"wp","href":"https:\/\/api.w.org\/{rel}","templated":true}]}}