{"id":128688,"date":"2025-12-11T15:39:28","date_gmt":"2025-12-11T13:39:28","guid":{"rendered":"https:\/\/e-kalastus.ee\/toode\/kostuum-graff-float-guard-fishing-set-color-navy-size-m-182-188\/"},"modified":"2026-04-10T15:07:27","modified_gmt":"2026-04-10T12:07:27","slug":"kostuum-graff-float-guard-fishing-set-color-navy-size-m-182-188","status":"publish","type":"product","link":"https:\/\/e-kalastus.ee\/fi\/tuotteet\/graff-float-guard-kalastuspuku-vari-navy-koko-m-182-188\/","title":{"rendered":"Graff Float Guard -kalastuspuku v\u00e4ri Navy koko M\/182-188"},"content":{"rendered":"<p><\/p>\n<div class=\"flex max-w-full flex-col grow\">\n<div class=\"min-h-8 text-message relative flex w-full flex-col items-end gap-2 text-start break-words whitespace-normal [.text-message+&amp;]:mt-1\" data-message-author-role=\"assistant\" data-message-id=\"8267a3a1-93d2-46e8-a0b7-fc75d5380450\" data-message-model-slug=\"gpt-5-2\" dir=\"auto\">\n<div class=\"flex w-full flex-col gap-1 empty:hidden first:pt-[1px]\">\n<div class=\"markdown prose dark:prose-invert w-full wrap-break-word dark markdown-new-styling\">\n<p data-end=\"1389\" data-start=\"1283\">Komplekt on m\u00f5eldud kalastamiseks k\u00fclmemal perioodil. Sobib ideaalselt talvetingimustesse kuni&nbsp;<strong data-end=\"1388\" data-start=\"1378\">\u201315 \u00b0C<\/strong>.<\/p>\n<p data-end=\"1653\" data-start=\"1391\">Ujuvusfunktsiooniga kalastuskomplekti on testinud professionaalne kalastusgrupp&nbsp;<strong data-end=\"1485\" data-start=\"1471\">Graff Team<\/strong>&nbsp;mitmel kontinendil. Kalastajad \u00fcle maailma \u2013 Ameerika \u00dchendriikides, Venemaal, Saksamaal, Norras, Rootsis, Iirimaal ja T\u0161ehhis \u2013 kasutavad selle unikaalseid omadusi.<\/p>\n<p data-end=\"1829\" data-start=\"1655\">Seal, kus tingimused n\u00f5uavad kalastajalt talvistel retkedel head ettevalmistust ja turvalisust, on 215-O-B kalastuskomplekt \u00f5ige lahendus k\u00fclmakaitseks ja ohutuse tagamiseks.<\/p>\n<hr data-end=\"1834\" data-start=\"1831\" \/>\n<h2 data-end=\"1852\" data-start=\"1836\">Kalastusjope:<\/h2>\n<ul data-end=\"2241\" data-start=\"1854\">\n<li data-end=\"1896\" data-start=\"1854\">\n<p data-end=\"1896\" data-start=\"1856\">Veekindlate lukkudega suletavad taskud<\/p>\n<\/li>\n<li data-end=\"1918\" data-start=\"1897\">\n<p data-end=\"1918\" data-start=\"1899\">Teibitud \u00f5mblused<\/p>\n<\/li>\n<li data-end=\"1964\" data-start=\"1919\">\n<p data-end=\"1964\" data-start=\"1921\">Sooja trikookangaga vooderdatud k\u00e4etaskud<\/p>\n<\/li>\n<li data-end=\"1994\" data-start=\"1965\">\n<p data-end=\"1994\" data-start=\"1967\">Sisetaskud kinnaste jaoks<\/p>\n<\/li>\n<li data-end=\"2024\" data-start=\"1995\">\n<p data-end=\"2024\" data-start=\"1997\">S\u00fcgav kapuuts n\u00e4okaitsega<\/p>\n<\/li>\n<li data-end=\"2058\" data-start=\"2025\">\n<p data-end=\"2058\" data-start=\"2027\">Lai tuuleliist p\u00f5hizipi kohal<\/p>\n<\/li>\n<li data-end=\"2082\" data-start=\"2059\">\n<p data-end=\"2082\" data-start=\"2061\">Reguleeritav all\u00e4\u00e4r<\/p>\n<\/li>\n<li data-end=\"2128\" data-start=\"2083\">\n<p data-end=\"2128\" data-start=\"2085\">Vastupidavast kangast tugevdatud varrukad<\/p>\n<\/li>\n<li data-end=\"2175\" data-start=\"2129\">\n<p data-end=\"2175\" data-start=\"2131\">Helkurelemendid suurema ohutuse tagamiseks<\/p>\n<\/li>\n<li data-end=\"2206\" data-start=\"2176\">\n<p data-end=\"2206\" data-start=\"2178\">Jope t\u00e4idetud Float-kihiga<\/p>\n<\/li>\n<li data-end=\"2241\" data-start=\"2207\">\n<p data-end=\"2241\" data-start=\"2209\">Neopreenmansetid varrukaotstes<\/p>\n<\/li>\n<\/ul>\n<hr data-end=\"2246\" data-start=\"2243\" \/>\n<h2 data-end=\"2266\" data-start=\"2248\">Kalastusp\u00fcksid:<\/h2>\n<ul data-end=\"2738\" data-start=\"2268\">\n<li data-end=\"2294\" data-start=\"2268\">\n<p data-end=\"2294\" data-start=\"2270\">Laiad elastsed traksid<\/p>\n<\/li>\n<li data-end=\"2330\" data-start=\"2295\">\n<p data-end=\"2330\" data-start=\"2297\">Mahukad takjakinnitusega taskud<\/p>\n<\/li>\n<li data-end=\"2374\" data-start=\"2331\">\n<p data-end=\"2374\" data-start=\"2333\">T\u00e4iendavad veekindlate lukkudega taskud<\/p>\n<\/li>\n<li data-end=\"2429\" data-start=\"2375\">\n<p data-end=\"2429\" data-start=\"2377\">Tugev p\u00f5hizipp sisemise ja v\u00e4limise kaitseliistuga<\/p>\n<\/li>\n<li data-end=\"2488\" data-start=\"2430\">\n<p data-end=\"2488\" data-start=\"2432\">P\u00f5lved tugevdatud vastupidava ja veekindla materjaliga<\/p>\n<\/li>\n<li data-end=\"2561\" data-start=\"2489\">\n<p data-end=\"2561\" data-start=\"2491\">Lukuga s\u00e4\u00e4reavad ja voldid, mis h\u00f5lbustavad jalatsite jalga panemist<\/p>\n<\/li>\n<li data-end=\"2592\" data-start=\"2562\">\n<p data-end=\"2592\" data-start=\"2564\">S\u00e4\u00e4re laiuse reguleerimine<\/p>\n<\/li>\n<li data-end=\"2668\" data-start=\"2593\">\n<p data-end=\"2668\" data-start=\"2595\">Helkurelemendid turvalisuse suurendamiseks teel kalastuskohta ja tagasi<\/p>\n<\/li>\n<li data-end=\"2716\" data-start=\"2669\">\n<p data-end=\"2716\" data-start=\"2671\">P\u00fcksid t\u00e4idetud Float Guard s\u00fcsteemi kihiga<\/p>\n<\/li>\n<li data-end=\"2738\" data-start=\"2717\">\n<p data-end=\"2738\" data-start=\"2719\">Teibitud \u00f5mblused<\/p>\n<\/li>\n<\/ul>\n<hr data-end=\"2743\" data-start=\"2740\" \/>\n<h2 data-end=\"2763\" data-start=\"2745\">Hooldusjuhised:<\/h2>\n<ul data-end=\"2952\" data-is-last-node=\"\" data-is-only-node=\"\" data-start=\"2765\">\n<li data-end=\"2799\" data-start=\"2765\">\n<p data-end=\"2799\" data-start=\"2767\">Pesta temperatuuril kuni 40 \u00b0C<\/p>\n<\/li>\n<li data-end=\"2850\" data-start=\"2800\">\n<p data-end=\"2850\" data-start=\"2802\">Mitte pleegitada! Mitte keemiliselt puhastada!<\/p>\n<\/li>\n<li data-end=\"2887\" data-start=\"2851\">\n<p data-end=\"2887\" data-start=\"2853\">Mitte kuivatada trummelkuivatis!<\/p>\n<\/li>\n<li data-end=\"2915\" data-start=\"2888\">\n<p data-end=\"2915\" data-start=\"2890\">Kuivatada vertikaalselt<\/p>\n<\/li>\n<li data-end=\"2952\" data-is-last-node=\"\" data-start=\"2916\">\n<p data-end=\"2952\" data-is-last-node=\"\" data-start=\"2918\">Triikida temperatuuril kuni 110 \u00b0C<\/p>\n<\/li>\n<\/ul>\n<\/div>\n<\/div>\n<\/div>\n<\/div>\n<div class=\"z-0 flex min-h-[46px] justify-start\">&nbsp;<\/div>\n<p><\/p>\n\n    <div class=\"xs_social_share_widget xs_share_url after_content \t\tmain_content  wslu-style-1 wslu-share-box-shaped wslu-fill-colored wslu-none wslu-share-horizontal wslu-theme-font-no wslu-main_content\">\n\n\t\t\n        <ul>\n\t\t\t        <\/ul>\n    <\/div>","protected":false},"excerpt":{"rendered":"<p>Ujuvkalastuse komplekt FLOAT GUARD 215-O-B v\u00e4ljaanne 3.0<br \/>\nKalastuskomplekt 215-O-B<\/p>\n<p>Tutvustame meie t\u00e4iustatud FLOAT GUARD 215-O-B komplekti uut versiooni. Uus komplekt on loodud aktiivsetele kalastajatele, kes p\u00fc\u00fcavad kala ka ekstreemsetes tingimustes. See on m\u00f5eldud s\u00fcgis- ja talvehooajaks ning kasutamiseks madalatel temperatuuridel.<\/p>\n<p>T\u00e4nu BRATEX\u00ae membraanile, millel on suurendatud vee- ja hingavusn\u00e4itajad (veekindlus 8000 mm H\u2082O \/ hingavus 8000 g\/m\u00b2\/24 h), tagab komplekt soojusmugavuse, juhtides liigse niiskuse r\u00f5iva seest v\u00e4lja ning kaitstes samal ajal vihma, lume ja tuule eest.<\/p>\n<p>Lisaks on r\u00f5iva v\u00e4liskiht kaetud DRY CARE\u00ae viimistlusega, mis muudab komplekti mustusele vastupidavamaks ja pakub veelgi paremat kaitset niiskuse eest. Mitmed praktilised lahendused annavad sellele ainulaadse ja funktsionaalse iseloomu.<\/p>\n","protected":false},"featured_media":128687,"template":"","meta":{"_uag_custom_page_level_css":""},"product_brand":[1513],"product_cat":[1218],"product_tag":[],"class_list":{"0":"post-128688","1":"product","2":"type-product","3":"status-publish","4":"has-post-thumbnail","6":"product_brand-graff","7":"product_cat-kostuumid","8":"pa_brand-graff","10":"first","11":"instock","12":"sale","13":"taxable","14":"shipping-taxable","15":"purchasable","16":"product-type-simple"},"uagb_featured_image_src":{"full":["https:\/\/e-kalastus.b-cdn.net\/wp-content\/uploads\/2025\/12\/image-44916.png",1000,840,false],"thumbnail":["https:\/\/e-kalastus.b-cdn.net\/wp-content\/uploads\/2025\/12\/image-44916-150x150.png",150,150,true],"medium":["https:\/\/e-kalastus.b-cdn.net\/wp-content\/uploads\/2025\/12\/image-44916-300x252.png",300,252,true],"medium_large":["https:\/\/e-kalastus.b-cdn.net\/wp-content\/uploads\/2025\/12\/image-44916-768x645.png",768,645,true],"large":["https:\/\/e-kalastus.b-cdn.net\/wp-content\/uploads\/2025\/12\/image-44916-800x672.png",800,672,true],"1536x1536":["https:\/\/e-kalastus.b-cdn.net\/wp-content\/uploads\/2025\/12\/image-44916.png",1000,840,false],"2048x2048":["https:\/\/e-kalastus.b-cdn.net\/wp-content\/uploads\/2025\/12\/image-44916.png",1000,840,false],"woocommerce_thumbnail":["https:\/\/e-kalastus.b-cdn.net\/wp-content\/uploads\/2025\/12\/image-44916-324x324.png",324,324,true],"woocommerce_single":["https:\/\/e-kalastus.b-cdn.net\/wp-content\/uploads\/2025\/12\/image-44916-768x645.png",416,349,true],"woocommerce_gallery_thumbnail":["https:\/\/e-kalastus.b-cdn.net\/wp-content\/uploads\/2025\/12\/image-44916-100x100.png",100,100,true]},"uagb_author_info":{"display_name":"Sergei Voronin","author_link":"https:\/\/e-kalastus.ee\/fi\/author\/"},"uagb_comment_info":0,"uagb_excerpt":"Ujuvkalastuse komplekt FLOAT GUARD 215-O-B v\u00e4ljaanne 3.0 Kalastuskomplekt 215-O-B Tutvustame meie t\u00e4iustatud FLOAT GUARD 215-O-B komplekti uut versiooni. Uus komplekt on loodud aktiivsetele kalastajatele, kes p\u00fc\u00fcavad kala ka ekstreemsetes tingimustes. See on m\u00f5eldud s\u00fcgis- ja talvehooajaks ning kasutamiseks madalatel temperatuuridel. T\u00e4nu BRATEX\u00ae membraanile, millel on suurendatud vee- ja hingavusn\u00e4itajad (veekindlus 8000 mm H\u2082O \/ hingavus&hellip;","_links":{"self":[{"href":"https:\/\/e-kalastus.ee\/fi\/wp-json\/wp\/v2\/product\/128688","targetHints":{"allow":["GET"]}}],"collection":[{"href":"https:\/\/e-kalastus.ee\/fi\/wp-json\/wp\/v2\/product"}],"about":[{"href":"https:\/\/e-kalastus.ee\/fi\/wp-json\/wp\/v2\/types\/product"}],"wp:featuredmedia":[{"embeddable":true,"href":"https:\/\/e-kalastus.ee\/fi\/wp-json\/wp\/v2\/media\/128687"}],"wp:attachment":[{"href":"https:\/\/e-kalastus.ee\/fi\/wp-json\/wp\/v2\/media?parent=128688"}],"wp:term":[{"taxonomy":"product_brand","embeddable":true,"href":"https:\/\/e-kalastus.ee\/fi\/wp-json\/wp\/v2\/product_brand?post=128688"},{"taxonomy":"product_cat","embeddable":true,"href":"https:\/\/e-kalastus.ee\/fi\/wp-json\/wp\/v2\/product_cat?post=128688"},{"taxonomy":"product_tag","embeddable":true,"href":"https:\/\/e-kalastus.ee\/fi\/wp-json\/wp\/v2\/product_tag?post=128688"}],"curies":[{"name":"wp","href":"https:\/\/api.w.org\/{rel}","templated":true}]}}