{"id":128033,"date":"2025-11-14T12:20:06","date_gmt":"2025-11-14T10:20:06","guid":{"rendered":"https:\/\/e-kalastus.ee\/toode\/kummik-winter-boots-torvi-45c-45\/"},"modified":"2026-04-10T16:04:25","modified_gmt":"2026-04-10T13:04:25","slug":"kummik-winter-boots-torvi-45c-45","status":"publish","type":"product","link":"https:\/\/e-kalastus.ee\/toode\/kummik-winter-boots-torvi-45c-45\/","title":{"rendered":"Kummik Winter Boots Torvi -45C #45"},"content":{"rendered":"<p><\/p>\n<ul style=\", Helvetica, Arial, sans-serif;font-size: 15px\">\n<li>Materjal: tugev EVA<\/li>\n<li>Tald: TPE<\/li>\n<li>Vooder: kangas&nbsp;T -45\u00b0C\/ karusnahk&nbsp;T -45\u00b0C\/kihiline, soe<\/li>\n<li>Kasutustemperatuur: kuni -45\u00b0C<\/li>\n<li>Keskmine k\u00f5rgus: 41 cm<\/li>\n<li>Keskmine kaal: 700 g<\/li>\n<\/ul>\n<p><\/p>\n\n    <div class=\"xs_social_share_widget xs_share_url after_content \t\tmain_content  wslu-style-1 wslu-share-box-shaped wslu-fill-colored wslu-none wslu-share-horizontal wslu-theme-font-no wslu-main_content\">\n\n\t\t\n        <ul>\n\t\t\t        <\/ul>\n    <\/div>","protected":false},"excerpt":{"rendered":"<p>Soojad, moodsad ja k\u00f5rgtehnoloogilised talvesaapad Torvi -45\u00b0C, toodetud EVA-materjalist, libisemiskindel TEP-tald. Saapad on vastupidavad madalatele temperatuuridele, hoiavad ideaalselt oma kuju, ei pragune ega purune k\u00fclmas ning pikaajalisel kandmisel.<\/p>\n<p>Saabaste disain on spetsiaalselt loodud laia jala ja k\u00f5rge v\u00f5lvi jaoks. T\u00e4nu laiale saapapealsele on saapaid lihtne jalast v\u00f5tta ja jalga panna ilma k\u00e4te abita. Mansetiga EVA saabaste k\u00f5rgus on keskmiselt 41 cm, mis v\u00f5imaldab talip\u00fc\u00fcgil mugavalt istuda ning j\u00e4isel ja lumega kaetud pinnal liikuda. Kondensaadi ja tarbetu niiskuse eemaldamiseks on saabastel k\u00e4rgstruktuurne alus, mist\u00f5ttu p\u00fcsivad jalad kaua kuivad. Tugevdatud varba- ja kannapiirkond kaitsevad jalgu juhuslike l\u00f6\u00f6kide eest. Paksud talvetallad koos libisemiskindlate TEP-taldadega muudavad lumel v\u00f5i j\u00e4\u00e4l k\u00f5ndimise lihtsaks.<\/p>\n<p>Saapad sobivad ideaalselt kasutajatele, kes hindavad praktilisust (saapad ei vaja erilist hoolt), mugavust (eemaldatav sisevooder kuivab kergesti ja kiiresti) ja \u00f6konoomsust.<\/p>\n","protected":false},"featured_media":128032,"template":"","meta":{"_uag_custom_page_level_css":""},"product_brand":[1544],"product_cat":[1209],"product_tag":[],"class_list":{"0":"post-128033","1":"product","2":"type-product","3":"status-publish","4":"has-post-thumbnail","6":"product_brand-torvi","7":"product_cat-kummikud","8":"pa_brand-torvi","10":"first","11":"instock","12":"sale","13":"taxable","14":"shipping-taxable","15":"purchasable","16":"product-type-simple"},"uagb_featured_image_src":{"full":["https:\/\/e-kalastus.b-cdn.net\/wp-content\/uploads\/2025\/11\/12783-65a92837d39607-27762303-eda1b14bada767cbc575f4c7645005ea-600x600-3.webp",600,600,false],"thumbnail":["https:\/\/e-kalastus.b-cdn.net\/wp-content\/uploads\/2025\/11\/12783-65a92837d39607-27762303-eda1b14bada767cbc575f4c7645005ea-600x600-3-150x150.webp",150,150,true],"medium":["https:\/\/e-kalastus.b-cdn.net\/wp-content\/uploads\/2025\/11\/12783-65a92837d39607-27762303-eda1b14bada767cbc575f4c7645005ea-600x600-3-300x300.webp",300,300,true],"medium_large":["https:\/\/e-kalastus.b-cdn.net\/wp-content\/uploads\/2025\/11\/12783-65a92837d39607-27762303-eda1b14bada767cbc575f4c7645005ea-600x600-3.webp",600,600,false],"large":["https:\/\/e-kalastus.b-cdn.net\/wp-content\/uploads\/2025\/11\/12783-65a92837d39607-27762303-eda1b14bada767cbc575f4c7645005ea-600x600-3.webp",600,600,false],"1536x1536":["https:\/\/e-kalastus.b-cdn.net\/wp-content\/uploads\/2025\/11\/12783-65a92837d39607-27762303-eda1b14bada767cbc575f4c7645005ea-600x600-3.webp",600,600,false],"2048x2048":["https:\/\/e-kalastus.b-cdn.net\/wp-content\/uploads\/2025\/11\/12783-65a92837d39607-27762303-eda1b14bada767cbc575f4c7645005ea-600x600-3.webp",600,600,false],"woocommerce_thumbnail":["https:\/\/e-kalastus.b-cdn.net\/wp-content\/uploads\/2025\/11\/12783-65a92837d39607-27762303-eda1b14bada767cbc575f4c7645005ea-600x600-3.webp",324,324,false],"woocommerce_single":["https:\/\/e-kalastus.b-cdn.net\/wp-content\/uploads\/2025\/11\/12783-65a92837d39607-27762303-eda1b14bada767cbc575f4c7645005ea-600x600-3.webp",416,416,false],"woocommerce_gallery_thumbnail":["https:\/\/e-kalastus.b-cdn.net\/wp-content\/uploads\/2025\/11\/12783-65a92837d39607-27762303-eda1b14bada767cbc575f4c7645005ea-600x600-3-100x100.webp",100,100,true]},"uagb_author_info":{"display_name":"Sergei Voronin","author_link":"https:\/\/e-kalastus.ee\/author\/"},"uagb_comment_info":0,"uagb_excerpt":"Soojad, moodsad ja k\u00f5rgtehnoloogilised talvesaapad Torvi -45\u00b0C, toodetud EVA-materjalist, libisemiskindel TEP-tald. Saapad on vastupidavad madalatele temperatuuridele, hoiavad ideaalselt oma kuju, ei pragune ega purune k\u00fclmas ning pikaajalisel kandmisel. Saabaste disain on spetsiaalselt loodud laia jala ja k\u00f5rge v\u00f5lvi jaoks. T\u00e4nu laiale saapapealsele on saapaid lihtne jalast v\u00f5tta ja jalga panna ilma k\u00e4te abita. Mansetiga EVA&hellip;","_links":{"self":[{"href":"https:\/\/e-kalastus.ee\/wp-json\/wp\/v2\/product\/128033","targetHints":{"allow":["GET"]}}],"collection":[{"href":"https:\/\/e-kalastus.ee\/wp-json\/wp\/v2\/product"}],"about":[{"href":"https:\/\/e-kalastus.ee\/wp-json\/wp\/v2\/types\/product"}],"wp:featuredmedia":[{"embeddable":true,"href":"https:\/\/e-kalastus.ee\/wp-json\/wp\/v2\/media\/128032"}],"wp:attachment":[{"href":"https:\/\/e-kalastus.ee\/wp-json\/wp\/v2\/media?parent=128033"}],"wp:term":[{"taxonomy":"product_brand","embeddable":true,"href":"https:\/\/e-kalastus.ee\/wp-json\/wp\/v2\/product_brand?post=128033"},{"taxonomy":"product_cat","embeddable":true,"href":"https:\/\/e-kalastus.ee\/wp-json\/wp\/v2\/product_cat?post=128033"},{"taxonomy":"product_tag","embeddable":true,"href":"https:\/\/e-kalastus.ee\/wp-json\/wp\/v2\/product_tag?post=128033"}],"curies":[{"name":"wp","href":"https:\/\/api.w.org\/{rel}","templated":true}]}}