{"id":125703,"date":"2025-09-29T16:35:36","date_gmt":"2025-09-29T13:35:36","guid":{"rendered":"https:\/\/e-kalastus.ee\/toode\/westin-twinteez-pelagic-v-tail-20cm-2tk-baitfish-ghost\/"},"modified":"2026-04-16T15:35:38","modified_gmt":"2026-04-16T12:35:38","slug":"westin-twinteez-pelagic-v-tail-20cm-2tk-baitfish-ghost","status":"publish","type":"product","link":"https:\/\/e-kalastus.ee\/fi\/tuotteet\/westin-twinteez-pelagic-v-tail-20cm-2kpl-baitfish-ghost\/","title":{"rendered":"Westin Twinteez Pelagic V-Tail 20cm 2kpl #Baitfish Ghost"},"content":{"rendered":"<p><\/p>\n<p>Twinteez Pelagic, joka perustuu legendaariseen Twinteez-malliin, tuo t\u00e4ysin uuden ulottuvuuden pystysuoraan pelagiseen kalastukseen. Suuri, houkutteleva siluetti ja virtaavat ev\u00e4t luovat realistisen profiilin, jolle suuret petokalat eiv\u00e4t voi vastustaa. Jokainen pieni liike saa ev\u00e4t liikkumaan lumoavasti, aivan kuin oikea sy\u00f6ttikala. Kiitos kaksiosaisen sel\u00e4n ja suuren V-h\u00e4nt\u00e4n, jopa pienin nyk\u00e4ys luo hypnotisoivan liikkeen. Kalasta Twinteez Pelagicilla kevyill\u00e4 ravistuksilla ja nyk\u00e4yksill\u00e4. Vaikeasti kalastetuilla ja painostetuilla alueilla jopa minimaalinen liike voi olla salaisus varovaisen kalan saamiseksi. Vaikka t\u00e4m\u00e4 viehe on suunniteltu erityisesti suurten haukien ja kuhaien pystysuoraan pelagiseen kalastukseen, se osoittautui testeiss\u00e4 yht\u00e4 menestyksekk\u00e4\u00e4ksi heittokalastuksessa tai pohjajigauksessa. Valitse Twinteez Pelagic, kun kohde on trofeepetokaloja. Saavuttaaksesi realistisimman esityksen, k\u00e4yt\u00e4 ShadTeez ScrewIn Head -p\u00e4\u00e4t\u00e4 tai sopivaa jigikoukkua. Varovaisen kalan saamiseksi suosittelemme apukoukkua.<\/p>\n<ul>\n<li>\n<p role=\"presentation\">Ei sis\u00e4ll\u00e4 myrkyllisi\u00e4 ftaaleja<br \/>\n\t&nbsp;<\/p>\n<\/li>\n<li>\n<p role=\"presentation\">Suuret realistiset silm\u00e4t<br \/>\n\t&nbsp;<\/p>\n<\/li>\n<li>\n<p role=\"presentation\">Avoimet kidukset<br \/>\n\t&nbsp;<\/p>\n<\/li>\n<li>\n<p role=\"presentation\">Eritt\u00e4in realistiset ev\u00e4t<br \/>\n\t&nbsp;<\/p>\n<\/li>\n<li>\n<p role=\"presentation\">Optimoitu joustavuus korkeamman koukkausprosentin varmistamiseksi<\/p>\n<\/li>\n<\/ul>\n<p><\/p>\n\n    <div class=\"xs_social_share_widget xs_share_url after_content \t\tmain_content  wslu-style-1 wslu-share-box-shaped wslu-fill-colored wslu-none wslu-share-horizontal wslu-theme-font-no wslu-main_content\">\n\n\t\t\n        <ul>\n\t\t\t        <\/ul>\n    <\/div>","protected":false},"excerpt":{"rendered":"<p>Twinteez Pelagic on realistinen ja joustava viehe, jonka virtaavat ev\u00e4t ja V-h\u00e4nt\u00e4 luovat lumoavan liikkeen, houkutellen suuria petokaloja kuten haukia ja kuhia.<\/p>\n","protected":false},"featured_media":125702,"template":"","meta":{"_uag_custom_page_level_css":""},"product_brand":[763],"product_cat":[1425],"product_tag":[],"class_list":{"0":"post-125703","1":"product","2":"type-product","3":"status-publish","4":"has-post-thumbnail","6":"product_brand-westin","7":"product_cat-twinteez-pelagic-v-tail","8":"pa_brand-westin","10":"first","11":"instock","12":"taxable","13":"shipping-taxable","14":"purchasable","15":"product-type-simple"},"uagb_featured_image_src":{"full":["https:\/\/e-kalastus.b-cdn.net\/wp-content\/uploads\/2025\/09\/image-42702.png",1000,750,false],"thumbnail":["https:\/\/e-kalastus.b-cdn.net\/wp-content\/uploads\/2025\/09\/image-42702-150x150.png",150,150,true],"medium":["https:\/\/e-kalastus.b-cdn.net\/wp-content\/uploads\/2025\/09\/image-42702-300x225.png",300,225,true],"medium_large":["https:\/\/e-kalastus.b-cdn.net\/wp-content\/uploads\/2025\/09\/image-42702-768x576.png",768,576,true],"large":["https:\/\/e-kalastus.b-cdn.net\/wp-content\/uploads\/2025\/09\/image-42702-800x600.png",800,600,true],"1536x1536":["https:\/\/e-kalastus.b-cdn.net\/wp-content\/uploads\/2025\/09\/image-42702.png",1000,750,false],"2048x2048":["https:\/\/e-kalastus.b-cdn.net\/wp-content\/uploads\/2025\/09\/image-42702.png",1000,750,false],"woocommerce_thumbnail":["https:\/\/e-kalastus.b-cdn.net\/wp-content\/uploads\/2025\/09\/image-42702-324x324.png",324,324,true],"woocommerce_single":["https:\/\/e-kalastus.b-cdn.net\/wp-content\/uploads\/2025\/09\/image-42702-768x576.png",416,312,true],"woocommerce_gallery_thumbnail":["https:\/\/e-kalastus.b-cdn.net\/wp-content\/uploads\/2025\/09\/image-42702-100x100.png",100,100,true]},"uagb_author_info":{"display_name":"Roman Jakovlev","author_link":"https:\/\/e-kalastus.ee\/fi\/author\/"},"uagb_comment_info":0,"uagb_excerpt":"Twinteez Pelagic on realistinen ja joustava viehe, jonka virtaavat ev\u00e4t ja V-h\u00e4nt\u00e4 luovat lumoavan liikkeen, houkutellen suuria petokaloja kuten haukia ja kuhia.","_links":{"self":[{"href":"https:\/\/e-kalastus.ee\/fi\/wp-json\/wp\/v2\/product\/125703","targetHints":{"allow":["GET"]}}],"collection":[{"href":"https:\/\/e-kalastus.ee\/fi\/wp-json\/wp\/v2\/product"}],"about":[{"href":"https:\/\/e-kalastus.ee\/fi\/wp-json\/wp\/v2\/types\/product"}],"wp:featuredmedia":[{"embeddable":true,"href":"https:\/\/e-kalastus.ee\/fi\/wp-json\/wp\/v2\/media\/125702"}],"wp:attachment":[{"href":"https:\/\/e-kalastus.ee\/fi\/wp-json\/wp\/v2\/media?parent=125703"}],"wp:term":[{"taxonomy":"product_brand","embeddable":true,"href":"https:\/\/e-kalastus.ee\/fi\/wp-json\/wp\/v2\/product_brand?post=125703"},{"taxonomy":"product_cat","embeddable":true,"href":"https:\/\/e-kalastus.ee\/fi\/wp-json\/wp\/v2\/product_cat?post=125703"},{"taxonomy":"product_tag","embeddable":true,"href":"https:\/\/e-kalastus.ee\/fi\/wp-json\/wp\/v2\/product_tag?post=125703"}],"curies":[{"name":"wp","href":"https:\/\/api.w.org\/{rel}","templated":true}]}}