{"id":125543,"date":"2025-09-26T15:36:03","date_gmt":"2025-09-26T12:36:03","guid":{"rendered":"https:\/\/e-kalastus.ee\/toode\/westin-twinteez-v2-v-tail-14-5cm-9g-lime\/"},"modified":"2026-03-30T15:13:09","modified_gmt":"2026-03-30T12:13:09","slug":"westin-twinteez-v2-v-tail-14-5cm-9g-lime","status":"publish","type":"product","link":"https:\/\/e-kalastus.ee\/toode\/westin-twinteez-v2-v-tail-14-5cm-9g-lime\/","title":{"rendered":"Westin Twinteez V2 V-Tail 14.5cm 9g #Lime"},"content":{"rendered":"<p><\/p>\n<p dir=\"ltr\" style=\"line-height:1.7999999999999998;margin-top:12pt;margin-bottom:12pt\"><span id=\"docs-internal-guid-3e86db91-7fff-883f-e273-9165e1f63e5b\"><span style=\"font-size: 11pt;font-family: Arial, sans-serif;background-color: transparent;vertical-align: baseline\">See kahesabaga keha on ideaalne vertikaalp\u00fc\u00fcgiks. Selle pehmus ja liikumine on t\u00e4iuslik, et ahvatleda iga koha ja reageerida ka k\u00f5ige v\u00e4iksemale ridvapuutumisele. Eelsihitud esiots v\u00f5imaldab lant lihtsalt jigipeale kinnitada. <\/span><span style=\"font-size: 11pt;font-family: Arial, sans-serif;background-color: transparent;font-weight: 700;vertical-align: baseline\">Westin TwinTeez<\/span><span style=\"font-size: 11pt;font-family: Arial, sans-serif;background-color: transparent;vertical-align: baseline\"> sisaldab horisontaalset sisemist kambrisse integreeritud klaas-\/roostevabast terasest krapsukesi, mis tavaliste krapsukestega v\u00f5rreldes maksimeerivad heliakustikat.<\/span><\/span><\/p>\n<ul style=\"margin-top:0;margin-bottom:0;padding-inline-start:48px\">\n<li dir=\"ltr\" style=\"list-style-type: disc;font-size: 11pt;font-family: Arial, sans-serif;background-color: transparent;vertical-align: baseline;white-space: pre\">\n<p dir=\"ltr\" role=\"presentation\" style=\"line-height:1.7999999999999998;margin-top:12pt;margin-bottom:0pt\"><span id=\"docs-internal-guid-3e86db91-7fff-883f-e273-9165e1f63e5b\"><span style=\"font-size: 11pt;background-color: transparent;vertical-align: baseline\">Ei sisalda toksilisi ftalaate<\/span><\/span><br \/>\n\t&nbsp;<\/p>\n<\/li>\n<li dir=\"ltr\" style=\"list-style-type: disc;font-size: 11pt;font-family: Arial, sans-serif;background-color: transparent;vertical-align: baseline;white-space: pre\">\n<p dir=\"ltr\" role=\"presentation\" style=\"line-height:1.7999999999999998;margin-top:0pt;margin-bottom:0pt\"><span id=\"docs-internal-guid-3e86db91-7fff-883f-e273-9165e1f63e5b\"><span style=\"font-size: 11pt;background-color: transparent;vertical-align: baseline\">Kahesabaga twin-tail<\/span><\/span><br \/>\n\t&nbsp;<\/p>\n<\/li>\n<li dir=\"ltr\" style=\"list-style-type: disc;font-size: 11pt;font-family: Arial, sans-serif;background-color: transparent;vertical-align: baseline;white-space: pre\">\n<p dir=\"ltr\" role=\"presentation\" style=\"line-height:1.7999999999999998;margin-top:0pt;margin-bottom:0pt\"><span id=\"docs-internal-guid-3e86db91-7fff-883f-e273-9165e1f63e5b\"><span style=\"font-size: 11pt;background-color: transparent;vertical-align: baseline\">Optimeeritud painduvus<\/span><\/span><br \/>\n\t&nbsp;<\/p>\n<\/li>\n<li dir=\"ltr\" style=\"list-style-type: disc;font-size: 11pt;font-family: Arial, sans-serif;background-color: transparent;vertical-align: baseline;white-space: pre\">\n<p dir=\"ltr\" role=\"presentation\" style=\"line-height:1.7999999999999998;margin-top:0pt;margin-bottom:0pt\"><span id=\"docs-internal-guid-3e86db91-7fff-883f-e273-9165e1f63e5b\"><span style=\"font-size: 11pt;background-color: transparent;vertical-align: baseline\">Sisemine kamber krapsukese jaoks<\/span><\/span><br \/>\n\t&nbsp;<\/p>\n<\/li>\n<li dir=\"ltr\" style=\"list-style-type: disc;font-size: 11pt;font-family: Arial, sans-serif;background-color: transparent;vertical-align: baseline;white-space: pre\">\n<p dir=\"ltr\" role=\"presentation\" style=\"line-height:1.7999999999999998;margin-top:0pt;margin-bottom:0pt\"><span id=\"docs-internal-guid-3e86db91-7fff-883f-e273-9165e1f63e5b\"><span style=\"font-size: 11pt;background-color: transparent;vertical-align: baseline\">Eelsihitud esiots Westin jigipeadele sobitamiseks<\/span><\/span><br \/>\n\t&nbsp;<\/p>\n<\/li>\n<li dir=\"ltr\" style=\"list-style-type: disc;font-size: 11pt;font-family: Arial, sans-serif;background-color: transparent;vertical-align: baseline;white-space: pre\">\n<p dir=\"ltr\" role=\"presentation\" style=\"line-height:1.7999999999999998;margin-top:0pt;margin-bottom:12pt\"><span id=\"docs-internal-guid-3e86db91-7fff-883f-e273-9165e1f63e5b\"><span style=\"font-size: 11pt;background-color: transparent;vertical-align: baseline\">Integreeritud klaas-\/terasest krapsud parima akustika tagamiseks<\/span><\/span><\/p>\n<\/li>\n<\/ul>\n<p><\/p>\n\n    <div class=\"xs_social_share_widget xs_share_url after_content \t\tmain_content  wslu-style-1 wslu-share-box-shaped wslu-fill-colored wslu-none wslu-share-horizontal wslu-theme-font-no wslu-main_content\">\n\n\t\t\n        <ul>\n\t\t\t        <\/ul>\n    <\/div>","protected":false},"excerpt":{"rendered":"<p>Westin TwinTeez on vertikaalp\u00fc\u00fcgiks loodud kahesabaga lant, mille painduvus, realistlik liikumine ja integreeritud krapsud k\u00f6idavad koha ja teisi suuri r\u00f6\u00f6vkalasid.<\/p>\n","protected":false},"featured_media":125542,"template":"","meta":{"_uag_custom_page_level_css":""},"product_brand":[763],"product_cat":[1426],"product_tag":[],"class_list":{"0":"post-125543","1":"product","2":"type-product","3":"status-publish","4":"has-post-thumbnail","6":"product_brand-westin","7":"product_cat-twinteez-v2-v-tail","8":"pa_brand-westin","10":"first","11":"instock","12":"taxable","13":"shipping-taxable","14":"purchasable","15":"product-type-simple"},"uagb_featured_image_src":{"full":["https:\/\/e-kalastus.b-cdn.net\/wp-content\/uploads\/2025\/09\/image-42649.png",900,675,false],"thumbnail":["https:\/\/e-kalastus.b-cdn.net\/wp-content\/uploads\/2025\/09\/image-42649-150x150.png",150,150,true],"medium":["https:\/\/e-kalastus.b-cdn.net\/wp-content\/uploads\/2025\/09\/image-42649-300x225.png",300,225,true],"medium_large":["https:\/\/e-kalastus.b-cdn.net\/wp-content\/uploads\/2025\/09\/image-42649-768x576.png",768,576,true],"large":["https:\/\/e-kalastus.b-cdn.net\/wp-content\/uploads\/2025\/09\/image-42649-800x600.png",800,600,true],"1536x1536":["https:\/\/e-kalastus.b-cdn.net\/wp-content\/uploads\/2025\/09\/image-42649.png",900,675,false],"2048x2048":["https:\/\/e-kalastus.b-cdn.net\/wp-content\/uploads\/2025\/09\/image-42649.png",900,675,false],"woocommerce_thumbnail":["https:\/\/e-kalastus.b-cdn.net\/wp-content\/uploads\/2025\/09\/image-42649-324x324.png",324,324,true],"woocommerce_single":["https:\/\/e-kalastus.b-cdn.net\/wp-content\/uploads\/2025\/09\/image-42649-768x576.png",416,312,true],"woocommerce_gallery_thumbnail":["https:\/\/e-kalastus.b-cdn.net\/wp-content\/uploads\/2025\/09\/image-42649-100x100.png",100,100,true]},"uagb_author_info":{"display_name":"Roman Jakovlev","author_link":"https:\/\/e-kalastus.ee\/author\/"},"uagb_comment_info":0,"uagb_excerpt":"Westin TwinTeez on vertikaalp\u00fc\u00fcgiks loodud kahesabaga lant, mille painduvus, realistlik liikumine ja integreeritud krapsud k\u00f6idavad koha ja teisi suuri r\u00f6\u00f6vkalasid.","_links":{"self":[{"href":"https:\/\/e-kalastus.ee\/wp-json\/wp\/v2\/product\/125543","targetHints":{"allow":["GET"]}}],"collection":[{"href":"https:\/\/e-kalastus.ee\/wp-json\/wp\/v2\/product"}],"about":[{"href":"https:\/\/e-kalastus.ee\/wp-json\/wp\/v2\/types\/product"}],"wp:featuredmedia":[{"embeddable":true,"href":"https:\/\/e-kalastus.ee\/wp-json\/wp\/v2\/media\/125542"}],"wp:attachment":[{"href":"https:\/\/e-kalastus.ee\/wp-json\/wp\/v2\/media?parent=125543"}],"wp:term":[{"taxonomy":"product_brand","embeddable":true,"href":"https:\/\/e-kalastus.ee\/wp-json\/wp\/v2\/product_brand?post=125543"},{"taxonomy":"product_cat","embeddable":true,"href":"https:\/\/e-kalastus.ee\/wp-json\/wp\/v2\/product_cat?post=125543"},{"taxonomy":"product_tag","embeddable":true,"href":"https:\/\/e-kalastus.ee\/wp-json\/wp\/v2\/product_tag?post=125543"}],"curies":[{"name":"wp","href":"https:\/\/api.w.org\/{rel}","templated":true}]}}