{"id":125127,"date":"2025-09-25T17:49:01","date_gmt":"2025-09-25T14:49:01","guid":{"rendered":"https:\/\/e-kalastus.ee\/toode\/narval-slim-minnow-11cm-5tk-002-blue-back-tiger\/"},"modified":"2026-04-10T15:10:50","modified_gmt":"2026-04-10T12:10:50","slug":"narval-slim-minnow-11cm-5tk-002-blue-back-tiger","status":"publish","type":"product","link":"https:\/\/e-kalastus.ee\/toode\/narval-slim-minnow-11cm-5tk-002-blue-back-tiger\/","title":{"rendered":"Narval Slim Minnow 11cm 5tk #002 Blue Back Tiger"},"content":{"rendered":"<p><\/p>\n<p dir=\"ltr\" style=\"line-height:1.38;margin-top:12pt;margin-bottom:12pt\"><span id=\"docs-internal-guid-a369fdd3-7fff-6f63-b9f1-9e9869277776\"><span style=\"font-size: 11pt;font-family: Arial, sans-serif;background-color: transparent;vertical-align: baseline\">SLIM MINNOW \u2013 peibutise nimi kirjeldab seda ideaalselt. Pikk ja \u00f5huke keha ning v\u00e4ike saba. Silikoon on pehme, kuid tugev, mist\u00f5ttu on see peibutus ideaalne koha p\u00fc\u00fcgiks.<\/span><\/span><\/p>\n<p dir=\"ltr\" style=\"line-height:1.38;margin-top:12pt;margin-bottom:12pt\"><span id=\"docs-internal-guid-a369fdd3-7fff-6f63-b9f1-9e9869277776\"><span style=\"font-size: 11pt;font-family: Arial, sans-serif;background-color: transparent;vertical-align: baseline\">Saba t\u00f6\u00f6tab suurep\u00e4raselt, peibutis liigub r\u00fctmiliselt k\u00fclgedele. Kaalumise ajal voldib peibutus oma pehmuse t\u00f5ttu r\u00f6\u00f6vkalade haarde all ideaalselt kokku. Sobib suurep\u00e4raselt kasutamiseks nii kiire voolu kui ka seisva veega veekogudes.<\/span><\/span><\/p>\n<p><span id=\"docs-internal-guid-a369fdd3-7fff-6f63-b9f1-9e9869277776\"><span style=\"font-size: 11pt;font-family: Arial, sans-serif;background-color: transparent;vertical-align: baseline\">Peibutise pikkus \u2013 11 cm<\/span><br \/>\n<span style=\"font-size: 11pt;font-family: Arial, sans-serif;background-color: transparent;vertical-align: baseline\">Peibutise kaal \u2013 6 g<\/span><br \/>\n<span style=\"font-size: 11pt;font-family: Arial, sans-serif;background-color: transparent;vertical-align: baseline\">Pakendis \u2013 5 tk<\/span><\/span><\/p>\n\n    <div class=\"xs_social_share_widget xs_share_url after_content \t\tmain_content  wslu-style-1 wslu-share-box-shaped wslu-fill-colored wslu-none wslu-share-horizontal wslu-theme-font-no wslu-main_content\">\n\n\t\t\n        <ul>\n\t\t\t        <\/ul>\n    <\/div>","protected":false},"excerpt":{"rendered":"<p>SLIM MINNOW on 11 cm pikkune ja 6 g kaaluv peibutus pehme, kuid tugeva silikooniga, mis liigub r\u00fctmiliselt k\u00fclgedele ja sobib eriti h\u00e4sti koha p\u00fc\u00fcgiks.<\/p>\n","protected":false},"featured_media":125126,"template":"","meta":{"_uag_custom_page_level_css":""},"product_brand":[1153],"product_cat":[1373],"product_tag":[],"class_list":{"0":"post-125127","1":"product","2":"type-product","3":"status-publish","4":"has-post-thumbnail","6":"product_brand-narval","7":"product_cat-slim-minnow","8":"pa_brand-narval","10":"first","11":"outofstock","12":"taxable","13":"shipping-taxable","14":"purchasable","15":"product-type-simple"},"uagb_featured_image_src":{"full":["https:\/\/e-kalastus.b-cdn.net\/wp-content\/uploads\/2025\/09\/image-42601.png",600,600,false],"thumbnail":["https:\/\/e-kalastus.b-cdn.net\/wp-content\/uploads\/2025\/09\/image-42601-150x150.png",150,150,true],"medium":["https:\/\/e-kalastus.b-cdn.net\/wp-content\/uploads\/2025\/09\/image-42601-300x300.png",300,300,true],"medium_large":["https:\/\/e-kalastus.b-cdn.net\/wp-content\/uploads\/2025\/09\/image-42601.png",600,600,false],"large":["https:\/\/e-kalastus.b-cdn.net\/wp-content\/uploads\/2025\/09\/image-42601.png",600,600,false],"1536x1536":["https:\/\/e-kalastus.b-cdn.net\/wp-content\/uploads\/2025\/09\/image-42601.png",600,600,false],"2048x2048":["https:\/\/e-kalastus.b-cdn.net\/wp-content\/uploads\/2025\/09\/image-42601.png",600,600,false],"woocommerce_thumbnail":["https:\/\/e-kalastus.b-cdn.net\/wp-content\/uploads\/2025\/09\/image-42601.png",324,324,false],"woocommerce_single":["https:\/\/e-kalastus.b-cdn.net\/wp-content\/uploads\/2025\/09\/image-42601.png",416,416,false],"woocommerce_gallery_thumbnail":["https:\/\/e-kalastus.b-cdn.net\/wp-content\/uploads\/2025\/09\/image-42601-100x100.png",100,100,true]},"uagb_author_info":{"display_name":"Roman Jakovlev","author_link":"https:\/\/e-kalastus.ee\/author\/"},"uagb_comment_info":0,"uagb_excerpt":"SLIM MINNOW on 11 cm pikkune ja 6 g kaaluv peibutus pehme, kuid tugeva silikooniga, mis liigub r\u00fctmiliselt k\u00fclgedele ja sobib eriti h\u00e4sti koha p\u00fc\u00fcgiks.","_links":{"self":[{"href":"https:\/\/e-kalastus.ee\/wp-json\/wp\/v2\/product\/125127","targetHints":{"allow":["GET"]}}],"collection":[{"href":"https:\/\/e-kalastus.ee\/wp-json\/wp\/v2\/product"}],"about":[{"href":"https:\/\/e-kalastus.ee\/wp-json\/wp\/v2\/types\/product"}],"wp:featuredmedia":[{"embeddable":true,"href":"https:\/\/e-kalastus.ee\/wp-json\/wp\/v2\/media\/125126"}],"wp:attachment":[{"href":"https:\/\/e-kalastus.ee\/wp-json\/wp\/v2\/media?parent=125127"}],"wp:term":[{"taxonomy":"product_brand","embeddable":true,"href":"https:\/\/e-kalastus.ee\/wp-json\/wp\/v2\/product_brand?post=125127"},{"taxonomy":"product_cat","embeddable":true,"href":"https:\/\/e-kalastus.ee\/wp-json\/wp\/v2\/product_cat?post=125127"},{"taxonomy":"product_tag","embeddable":true,"href":"https:\/\/e-kalastus.ee\/wp-json\/wp\/v2\/product_tag?post=125127"}],"curies":[{"name":"wp","href":"https:\/\/api.w.org\/{rel}","templated":true}]}}