{"id":1138,"date":"2023-08-09T13:11:45","date_gmt":"2023-08-09T10:11:45","guid":{"rendered":"https:\/\/e-kalastus.ee\/toode\/kasiong-akara-magista-bolo-600-6m\/"},"modified":"2026-03-30T15:16:51","modified_gmt":"2026-03-30T12:16:51","slug":"kasiong-akara-magista-bolo-600-6m","status":"publish","type":"product","link":"https:\/\/e-kalastus.ee\/toode\/kasiong-akara-magista-bolo-600-6m\/","title":{"rendered":"Akara Magista Bolo 6m test 15-40g AMB-600"},"content":{"rendered":"\n    <div class=\"xs_social_share_widget xs_share_url after_content \t\tmain_content  wslu-style-1 wslu-share-box-shaped wslu-fill-colored wslu-none wslu-share-horizontal wslu-theme-font-no wslu-main_content\">\n\n\t\t\n        <ul>\n\t\t\t        <\/ul>\n    <\/div> \n","protected":false},"excerpt":{"rendered":"<p>Ridvad kuuluvad kompaktsete mudelite hulka. Akara Magista Bolo ridvad on valmistatud Jaapani ettev\u00f5tte Toray toodetud TX-30 (40T) k\u00f5rge mooduliga s\u00fcsinikkiust. Ridvad on varustatud kergete Kujira XR tsirkooniumoksiidist r\u00f5ngastega, mis tagavad sujuva n\u00f6\u00f6rijooksu ja hea vastupidavuse.<\/p>\n","protected":false},"featured_media":72140,"template":"","meta":{"_uag_custom_page_level_css":""},"product_brand":[915],"product_cat":[1282],"product_tag":[],"class_list":{"0":"post-1138","1":"product","2":"type-product","3":"status-publish","4":"has-post-thumbnail","6":"product_brand-akara","7":"product_cat-kasiong","8":"product_shipping_class-suur","9":"pa_brand-akara","10":"pa_pikkus-5-7m","12":"first","13":"instock","14":"sale","15":"taxable","16":"shipping-taxable","17":"purchasable","18":"product-type-simple"},"uagb_featured_image_src":{"full":["https:\/\/e-kalastus.b-cdn.net\/wp-content\/uploads\/2024\/07\/11153-11153-62374c7e29d833-58814998-ak-magistabolo-large.jpg",800,800,false],"thumbnail":["https:\/\/e-kalastus.b-cdn.net\/wp-content\/uploads\/2024\/07\/11153-11153-62374c7e29d833-58814998-ak-magistabolo-large-150x150.jpg",150,150,true],"medium":["https:\/\/e-kalastus.b-cdn.net\/wp-content\/uploads\/2024\/07\/11153-11153-62374c7e29d833-58814998-ak-magistabolo-large-300x300.jpg",300,300,true],"medium_large":["https:\/\/e-kalastus.b-cdn.net\/wp-content\/uploads\/2024\/07\/11153-11153-62374c7e29d833-58814998-ak-magistabolo-large-768x768.jpg",768,768,true],"large":["https:\/\/e-kalastus.b-cdn.net\/wp-content\/uploads\/2024\/07\/11153-11153-62374c7e29d833-58814998-ak-magistabolo-large-800x800.jpg",800,800,true],"1536x1536":["https:\/\/e-kalastus.b-cdn.net\/wp-content\/uploads\/2024\/07\/11153-11153-62374c7e29d833-58814998-ak-magistabolo-large.jpg",800,800,false],"2048x2048":["https:\/\/e-kalastus.b-cdn.net\/wp-content\/uploads\/2024\/07\/11153-11153-62374c7e29d833-58814998-ak-magistabolo-large.jpg",800,800,false],"woocommerce_thumbnail":["https:\/\/e-kalastus.b-cdn.net\/wp-content\/uploads\/2024\/07\/11153-11153-62374c7e29d833-58814998-ak-magistabolo-large-768x768.jpg",324,324,true],"woocommerce_single":["https:\/\/e-kalastus.b-cdn.net\/wp-content\/uploads\/2024\/07\/11153-11153-62374c7e29d833-58814998-ak-magistabolo-large-768x768.jpg",416,416,true],"woocommerce_gallery_thumbnail":["https:\/\/e-kalastus.b-cdn.net\/wp-content\/uploads\/2024\/07\/11153-11153-62374c7e29d833-58814998-ak-magistabolo-large-100x100.jpg",100,100,true]},"uagb_author_info":{"display_name":"adam.mrozek","author_link":"https:\/\/e-kalastus.ee\/author\/"},"uagb_comment_info":0,"uagb_excerpt":"Ridvad kuuluvad kompaktsete mudelite hulka. Akara Magista Bolo ridvad on valmistatud Jaapani ettev\u00f5tte Toray toodetud TX-30 (40T) k\u00f5rge mooduliga s\u00fcsinikkiust. Ridvad on varustatud kergete Kujira XR tsirkooniumoksiidist r\u00f5ngastega, mis tagavad sujuva n\u00f6\u00f6rijooksu ja hea vastupidavuse.","_links":{"self":[{"href":"https:\/\/e-kalastus.ee\/wp-json\/wp\/v2\/product\/1138","targetHints":{"allow":["GET"]}}],"collection":[{"href":"https:\/\/e-kalastus.ee\/wp-json\/wp\/v2\/product"}],"about":[{"href":"https:\/\/e-kalastus.ee\/wp-json\/wp\/v2\/types\/product"}],"wp:featuredmedia":[{"embeddable":true,"href":"https:\/\/e-kalastus.ee\/wp-json\/wp\/v2\/media\/72140"}],"wp:attachment":[{"href":"https:\/\/e-kalastus.ee\/wp-json\/wp\/v2\/media?parent=1138"}],"wp:term":[{"taxonomy":"product_brand","embeddable":true,"href":"https:\/\/e-kalastus.ee\/wp-json\/wp\/v2\/product_brand?post=1138"},{"taxonomy":"product_cat","embeddable":true,"href":"https:\/\/e-kalastus.ee\/wp-json\/wp\/v2\/product_cat?post=1138"},{"taxonomy":"product_tag","embeddable":true,"href":"https:\/\/e-kalastus.ee\/wp-json\/wp\/v2\/product_tag?post=1138"}],"curies":[{"name":"wp","href":"https:\/\/api.w.org\/{rel}","templated":true}]}}