{"id":112985,"date":"2025-08-03T16:24:51","date_gmt":"2025-08-03T13:24:51","guid":{"rendered":"https:\/\/e-kalastus.ee\/toode\/silikoon-narval-maxlug-mini-13cm-4tk-048-dichka\/"},"modified":"2026-03-30T15:51:02","modified_gmt":"2026-03-30T12:51:02","slug":"silikoon-narval-maxlug-mini-13cm-4tk-048-dichka","status":"publish","type":"product","link":"https:\/\/e-kalastus.ee\/fi\/tuotteet\/narval-maxlug-mini-13cm-4kpl-048-dichka-pehme-viehe\/","title":{"rendered":"Narval Maxlug Mini 13cm 4kpl #048 Dichka"},"content":{"rendered":"<p><\/p>\n<p>Narval Maxlug on pehme viehe, jolla on &#8221;el\u00e4v\u00e4&#8221; haarautunut pyrst\u00f6, joka liikkuu passiivisesti, kun vavan k\u00e4rke\u00e4 ravistetaan kevyesti. T\u00e4m\u00e4 viehe sopii ihanteellisesti hauen pyyntiin.<\/p>\n<p>Paketissa: 4 kpl<br \/>\nVieheen paino: 9 g<br \/>\nVieheen pituus: 13 cm<\/p>\n\n    <div class=\"xs_social_share_widget xs_share_url after_content \t\tmain_content  wslu-style-1 wslu-share-box-shaped wslu-fill-colored wslu-none wslu-share-horizontal wslu-theme-font-no wslu-main_content\">\n\n\t\t\n        <ul>\n\t\t\t        <\/ul>\n    <\/div>","protected":false},"excerpt":{"rendered":"<p>Narval Maxlug on 13 cm pitk\u00e4 ja 9 g painava pehme viehe hauen pyyntiin, jonka erikoispiirteen\u00e4 on el\u00e4v\u00e4sti liikkuva haarautunut pyrst\u00f6.<\/p>\n","protected":false},"featured_media":112984,"template":"","meta":{"_uag_custom_page_level_css":""},"product_brand":[1153],"product_cat":[1370],"product_tag":[],"class_list":{"0":"post-112985","1":"product","2":"type-product","3":"status-publish","4":"has-post-thumbnail","6":"product_brand-narval","7":"product_cat-maxlug","8":"pa_brand-narval","10":"first","11":"instock","12":"taxable","13":"shipping-taxable","14":"purchasable","15":"product-type-simple"},"uagb_featured_image_src":{"full":["https:\/\/e-kalastus.b-cdn.net\/wp-content\/uploads\/2025\/08\/image-40677.png",689,675,false],"thumbnail":["https:\/\/e-kalastus.b-cdn.net\/wp-content\/uploads\/2025\/08\/image-40677-150x150.png",150,150,true],"medium":["https:\/\/e-kalastus.b-cdn.net\/wp-content\/uploads\/2025\/08\/image-40677-300x294.png",300,294,true],"medium_large":["https:\/\/e-kalastus.b-cdn.net\/wp-content\/uploads\/2025\/08\/image-40677.png",689,675,false],"large":["https:\/\/e-kalastus.b-cdn.net\/wp-content\/uploads\/2025\/08\/image-40677.png",689,675,false],"1536x1536":["https:\/\/e-kalastus.b-cdn.net\/wp-content\/uploads\/2025\/08\/image-40677.png",689,675,false],"2048x2048":["https:\/\/e-kalastus.b-cdn.net\/wp-content\/uploads\/2025\/08\/image-40677.png",689,675,false],"woocommerce_thumbnail":["https:\/\/e-kalastus.b-cdn.net\/wp-content\/uploads\/2025\/08\/image-40677-324x324.png",324,324,true],"woocommerce_single":["https:\/\/e-kalastus.b-cdn.net\/wp-content\/uploads\/2025\/08\/image-40677.png",416,408,false],"woocommerce_gallery_thumbnail":["https:\/\/e-kalastus.b-cdn.net\/wp-content\/uploads\/2025\/08\/image-40677-100x100.png",100,100,true]},"uagb_author_info":{"display_name":"Roman Jakovlev","author_link":"https:\/\/e-kalastus.ee\/fi\/author\/"},"uagb_comment_info":0,"uagb_excerpt":"Narval Maxlug on 13 cm pitk\u00e4 ja 9 g painava pehme viehe hauen pyyntiin, jonka erikoispiirteen\u00e4 on el\u00e4v\u00e4sti liikkuva haarautunut pyrst\u00f6.","_links":{"self":[{"href":"https:\/\/e-kalastus.ee\/fi\/wp-json\/wp\/v2\/product\/112985","targetHints":{"allow":["GET"]}}],"collection":[{"href":"https:\/\/e-kalastus.ee\/fi\/wp-json\/wp\/v2\/product"}],"about":[{"href":"https:\/\/e-kalastus.ee\/fi\/wp-json\/wp\/v2\/types\/product"}],"wp:featuredmedia":[{"embeddable":true,"href":"https:\/\/e-kalastus.ee\/fi\/wp-json\/wp\/v2\/media\/112984"}],"wp:attachment":[{"href":"https:\/\/e-kalastus.ee\/fi\/wp-json\/wp\/v2\/media?parent=112985"}],"wp:term":[{"taxonomy":"product_brand","embeddable":true,"href":"https:\/\/e-kalastus.ee\/fi\/wp-json\/wp\/v2\/product_brand?post=112985"},{"taxonomy":"product_cat","embeddable":true,"href":"https:\/\/e-kalastus.ee\/fi\/wp-json\/wp\/v2\/product_cat?post=112985"},{"taxonomy":"product_tag","embeddable":true,"href":"https:\/\/e-kalastus.ee\/fi\/wp-json\/wp\/v2\/product_tag?post=112985"}],"curies":[{"name":"wp","href":"https:\/\/api.w.org\/{rel}","templated":true}]}}